{"id":17,"date":"2014-12-01T17:10:53","date_gmt":"2014-12-01T16:10:53","guid":{"rendered":"http:\/\/www.cavaangel.com\/?post_type=product&#038;p=17"},"modified":"2024-03-04T09:10:36","modified_gmt":"2024-03-04T08:10:36","slug":"angel-brut-nature-reserva","status":"publish","type":"product","link":"https:\/\/www.cavaangel.com\/es\/comprar-cava\/angel-brut-nature-reserva\/","title":{"rendered":"\u00c0ngel Brut Nature Reserva"},"content":{"rendered":"<h4 class=\"p1\"><\/h4>\n<h4 class=\"p1\">CARACTER\u00cdSTICAS DEL CAVA<\/h4>\n<p class=\"p2\">La artesan\u00eda familiar y las modernas t\u00e9cnicas de elaboraci\u00f3n han dado su fruto: \u00c0ngel Brut Nature Reserva.<\/p>\n<p class=\"p2\">Envejecido durante m\u00e1s de 18 meses en nuestras cavas, sale a la luz este cl\u00e1sico cava Brut Nature.<\/p>\n<p class=\"p2\">Elaborado con la variedades tradicionales de Macabeo, Xarelo y Parellada.<\/p>\n<p class=\"p2\">Nuestro cava es 100% natural, no lleva ning\u00fan licor de expedici\u00f3n ni azucar a\u00f1adido.<\/p>\n<p class=\"p2\">El \u00c0ngel Brut Nature Reserva es el cava perfecto para:<\/p>\n<ul class=\"ul1\">\n<li class=\"li2\"><b>Acompa\u00f1ar tus reuniones familiares<\/b><\/li>\n<li class=\"li2\"><b>Celebrar una buena noticia<\/b><\/li>\n<li class=\"li2\"><b>Maridar un buen jam\u00f3n<\/b><\/li>\n<\/ul>\n<h4 class=\"p1\">NOTA DE CATA DEL CAVA \u00c0NGEL BRUT NATURE RESERVA<\/h4>\n<p class=\"p2\">En vista tiene un color amarillo paja con toques verdosos. Limpio y brillante.<\/p>\n<p class=\"p2\">Agradable en nariz, de intensidad media-alta. Frutal, notas de manzana verde con ligeros recuerdos a brioix. Elegante y complejo.<\/p>\n<p class=\"p2\">Tiene una sabrosa entrada en boca. Suave y moderado carb\u00f3nico. Fresco, con una textura sedosa y cremosa.<\/p>\n<p class=\"p2\">Cava equilibrado, seco y de gran amplitud. Carb\u00f3nico con buen rosario, persistente, y bonita corona.<\/p>\n<p class=\"p2\">Un cava tradicional muy correcto. Acompa\u00f1a perfectamente a aperitivos y entrantes:<\/p>\n<p class=\"p2\">Jam\u00f3n, canap\u00e9s, frutos secos y quesos cremosos no muy fuertes.<\/p>\n<p class=\"p2\">Temperatura de servicio de 6 a 8\u00ba C. Botella de 75cl, 11,5 %.<\/p>\n<h4 class=\"p1\"><\/h4>\n<h4 class=\"p1\">PREMIOS Y DISTINCIONES<\/h4>\n<p class=\"p2\">Cava \u00c0ngel Brut Nature Reserva<\/p>\n<p class=\"p2\"><b>88 puntos en la Gu\u00eda Pe\u00f1in 2022<\/b><\/p>\n<p class=\"p2\"><strong>Medalla de plata<\/strong> 2018 Catavinum World Wine &amp; Spirits Competition<\/p>\n<p class=\"p2\"><strong>Medalla de plata<\/strong>\u00a02016 Catavinum World Wine &amp; Spirits Competition<\/p>\n","protected":false},"excerpt":{"rendered":"<p>Cava tradicional totalmente natural, creado a partir de Macabeo, Xarelo y Parellada.<\/p>\n<p>&nbsp;<\/p>\n","protected":false},"featured_media":12988,"comment_status":"open","ping_status":"closed","template":"","meta":[],"product_brand":[],"product_cat":[6],"product_tag":[],"class_list":{"0":"post-17","1":"product","2":"type-product","3":"status-publish","4":"has-post-thumbnail","6":"product_cat-cava","8":"first","9":"instock","10":"taxable","11":"shipping-taxable","12":"purchasable","13":"product-type-simple"},"yoast_head":"<!-- This site is optimized with the Yoast SEO plugin v27.2 - https:\/\/yoast.com\/product\/yoast-seo-wordpress\/ -->\n<title>\u00c0ngel Brut Nature Reserva - Cava \u00c0ngel<\/title>\n<meta name=\"robots\" content=\"index, follow, max-snippet:-1, max-image-preview:large, max-video-preview:-1\" \/>\n<link rel=\"canonical\" href=\"https:\/\/www.cavaangel.com\/es\/comprar-cava\/angel-brut-nature-reserva\/\" \/>\n<meta property=\"og:locale\" content=\"es_ES\" \/>\n<meta property=\"og:type\" content=\"article\" \/>\n<meta property=\"og:title\" content=\"\u00c0ngel Brut Nature Reserva - Cava \u00c0ngel\" \/>\n<meta property=\"og:description\" content=\"Cava tradicional totalmente natural, creado a partir de Macabeo, Xarelo y Parellada.  &nbsp;\" \/>\n<meta property=\"og:url\" content=\"https:\/\/www.cavaangel.com\/es\/comprar-cava\/angel-brut-nature-reserva\/\" \/>\n<meta property=\"og:site_name\" content=\"Cava \u00c0ngel\" \/>\n<meta property=\"article:modified_time\" content=\"2024-03-04T08:10:36+00:00\" \/>\n<meta property=\"og:image\" content=\"https:\/\/www.cavaangel.com\/wp-content\/uploads\/2014\/12\/cava-angel-brut-nature-2022.jpg\" \/>\n\t<meta property=\"og:image:width\" content=\"600\" \/>\n\t<meta property=\"og:image:height\" content=\"600\" \/>\n\t<meta property=\"og:image:type\" content=\"image\/jpeg\" \/>\n<meta name=\"twitter:card\" content=\"summary_large_image\" \/>\n<meta name=\"twitter:label1\" content=\"Tiempo de lectura\" \/>\n\t<meta name=\"twitter:data1\" content=\"2 minutos\" \/>\n<script type=\"application\/ld+json\" class=\"yoast-schema-graph\">{\"@context\":\"https:\/\/schema.org\",\"@graph\":[{\"@type\":\"WebPage\",\"@id\":\"https:\/\/www.cavaangel.com\/es\/comprar-cava\/angel-brut-nature-reserva\/\",\"url\":\"https:\/\/www.cavaangel.com\/es\/comprar-cava\/angel-brut-nature-reserva\/\",\"name\":\"\u00c0ngel Brut Nature Reserva - Cava \u00c0ngel\",\"isPartOf\":{\"@id\":\"https:\/\/www.cavaangel.com\/es\/#website\"},\"primaryImageOfPage\":{\"@id\":\"https:\/\/www.cavaangel.com\/es\/comprar-cava\/angel-brut-nature-reserva\/#primaryimage\"},\"image\":{\"@id\":\"https:\/\/www.cavaangel.com\/es\/comprar-cava\/angel-brut-nature-reserva\/#primaryimage\"},\"thumbnailUrl\":\"https:\/\/www.cavaangel.com\/wp-content\/uploads\/2014\/12\/cava-angel-brut-nature-2022.jpg\",\"datePublished\":\"2014-12-01T16:10:53+00:00\",\"dateModified\":\"2024-03-04T08:10:36+00:00\",\"breadcrumb\":{\"@id\":\"https:\/\/www.cavaangel.com\/es\/comprar-cava\/angel-brut-nature-reserva\/#breadcrumb\"},\"inLanguage\":\"es\",\"potentialAction\":[{\"@type\":\"ReadAction\",\"target\":[\"https:\/\/www.cavaangel.com\/es\/comprar-cava\/angel-brut-nature-reserva\/\"]}]},{\"@type\":\"ImageObject\",\"inLanguage\":\"es\",\"@id\":\"https:\/\/www.cavaangel.com\/es\/comprar-cava\/angel-brut-nature-reserva\/#primaryimage\",\"url\":\"https:\/\/www.cavaangel.com\/wp-content\/uploads\/2014\/12\/cava-angel-brut-nature-2022.jpg\",\"contentUrl\":\"https:\/\/www.cavaangel.com\/wp-content\/uploads\/2014\/12\/cava-angel-brut-nature-2022.jpg\",\"width\":600,\"height\":600},{\"@type\":\"BreadcrumbList\",\"@id\":\"https:\/\/www.cavaangel.com\/es\/comprar-cava\/angel-brut-nature-reserva\/#breadcrumb\",\"itemListElement\":[{\"@type\":\"ListItem\",\"position\":1,\"name\":\"Portada\",\"item\":\"https:\/\/www.cavaangel.com\/es\/\"},{\"@type\":\"ListItem\",\"position\":2,\"name\":\"Tienda\",\"item\":\"https:\/\/www.cavaangel.com\/es\/tienda\/\"},{\"@type\":\"ListItem\",\"position\":3,\"name\":\"\u00c0ngel Brut Nature Reserva\"}]},{\"@type\":\"WebSite\",\"@id\":\"https:\/\/www.cavaangel.com\/es\/#website\",\"url\":\"https:\/\/www.cavaangel.com\/es\/\",\"name\":\"Cava \u00c0ngel\",\"description\":\"Compra el mejor cava artesanal\",\"publisher\":{\"@id\":\"https:\/\/www.cavaangel.com\/es\/#organization\"},\"potentialAction\":[{\"@type\":\"SearchAction\",\"target\":{\"@type\":\"EntryPoint\",\"urlTemplate\":\"https:\/\/www.cavaangel.com\/es\/?s={search_term_string}\"},\"query-input\":{\"@type\":\"PropertyValueSpecification\",\"valueRequired\":true,\"valueName\":\"search_term_string\"}}],\"inLanguage\":\"es\"},{\"@type\":\"Organization\",\"@id\":\"https:\/\/www.cavaangel.com\/es\/#organization\",\"name\":\"Cava \u00c1ngel\",\"url\":\"https:\/\/www.cavaangel.com\/es\/\",\"logo\":{\"@type\":\"ImageObject\",\"inLanguage\":\"es\",\"@id\":\"https:\/\/www.cavaangel.com\/es\/#\/schema\/logo\/image\/\",\"url\":\"https:\/\/www.cavaangel.com\/wp-content\/uploads\/2015\/02\/logo_cava_angel.png\",\"contentUrl\":\"https:\/\/www.cavaangel.com\/wp-content\/uploads\/2015\/02\/logo_cava_angel.png\",\"width\":300,\"height\":156,\"caption\":\"Cava \u00c1ngel\"},\"image\":{\"@id\":\"https:\/\/www.cavaangel.com\/es\/#\/schema\/logo\/image\/\"}}]}<\/script>\n<!-- \/ Yoast SEO plugin. -->","yoast_head_json":{"title":"\u00c0ngel Brut Nature Reserva - Cava \u00c0ngel","robots":{"index":"index","follow":"follow","max-snippet":"max-snippet:-1","max-image-preview":"max-image-preview:large","max-video-preview":"max-video-preview:-1"},"canonical":"https:\/\/www.cavaangel.com\/es\/comprar-cava\/angel-brut-nature-reserva\/","og_locale":"es_ES","og_type":"article","og_title":"\u00c0ngel Brut Nature Reserva - Cava \u00c0ngel","og_description":"Cava tradicional totalmente natural, creado a partir de Macabeo, Xarelo y Parellada.  &nbsp;","og_url":"https:\/\/www.cavaangel.com\/es\/comprar-cava\/angel-brut-nature-reserva\/","og_site_name":"Cava \u00c0ngel","article_modified_time":"2024-03-04T08:10:36+00:00","og_image":[{"width":600,"height":600,"url":"https:\/\/www.cavaangel.com\/wp-content\/uploads\/2014\/12\/cava-angel-brut-nature-2022.jpg","type":"image\/jpeg"}],"twitter_card":"summary_large_image","twitter_misc":{"Tiempo de lectura":"2 minutos"},"schema":{"@context":"https:\/\/schema.org","@graph":[{"@type":"WebPage","@id":"https:\/\/www.cavaangel.com\/es\/comprar-cava\/angel-brut-nature-reserva\/","url":"https:\/\/www.cavaangel.com\/es\/comprar-cava\/angel-brut-nature-reserva\/","name":"\u00c0ngel Brut Nature Reserva - Cava \u00c0ngel","isPartOf":{"@id":"https:\/\/www.cavaangel.com\/es\/#website"},"primaryImageOfPage":{"@id":"https:\/\/www.cavaangel.com\/es\/comprar-cava\/angel-brut-nature-reserva\/#primaryimage"},"image":{"@id":"https:\/\/www.cavaangel.com\/es\/comprar-cava\/angel-brut-nature-reserva\/#primaryimage"},"thumbnailUrl":"https:\/\/www.cavaangel.com\/wp-content\/uploads\/2014\/12\/cava-angel-brut-nature-2022.jpg","datePublished":"2014-12-01T16:10:53+00:00","dateModified":"2024-03-04T08:10:36+00:00","breadcrumb":{"@id":"https:\/\/www.cavaangel.com\/es\/comprar-cava\/angel-brut-nature-reserva\/#breadcrumb"},"inLanguage":"es","potentialAction":[{"@type":"ReadAction","target":["https:\/\/www.cavaangel.com\/es\/comprar-cava\/angel-brut-nature-reserva\/"]}]},{"@type":"ImageObject","inLanguage":"es","@id":"https:\/\/www.cavaangel.com\/es\/comprar-cava\/angel-brut-nature-reserva\/#primaryimage","url":"https:\/\/www.cavaangel.com\/wp-content\/uploads\/2014\/12\/cava-angel-brut-nature-2022.jpg","contentUrl":"https:\/\/www.cavaangel.com\/wp-content\/uploads\/2014\/12\/cava-angel-brut-nature-2022.jpg","width":600,"height":600},{"@type":"BreadcrumbList","@id":"https:\/\/www.cavaangel.com\/es\/comprar-cava\/angel-brut-nature-reserva\/#breadcrumb","itemListElement":[{"@type":"ListItem","position":1,"name":"Portada","item":"https:\/\/www.cavaangel.com\/es\/"},{"@type":"ListItem","position":2,"name":"Tienda","item":"https:\/\/www.cavaangel.com\/es\/tienda\/"},{"@type":"ListItem","position":3,"name":"\u00c0ngel Brut Nature Reserva"}]},{"@type":"WebSite","@id":"https:\/\/www.cavaangel.com\/es\/#website","url":"https:\/\/www.cavaangel.com\/es\/","name":"Cava \u00c0ngel","description":"Compra el mejor cava artesanal","publisher":{"@id":"https:\/\/www.cavaangel.com\/es\/#organization"},"potentialAction":[{"@type":"SearchAction","target":{"@type":"EntryPoint","urlTemplate":"https:\/\/www.cavaangel.com\/es\/?s={search_term_string}"},"query-input":{"@type":"PropertyValueSpecification","valueRequired":true,"valueName":"search_term_string"}}],"inLanguage":"es"},{"@type":"Organization","@id":"https:\/\/www.cavaangel.com\/es\/#organization","name":"Cava \u00c1ngel","url":"https:\/\/www.cavaangel.com\/es\/","logo":{"@type":"ImageObject","inLanguage":"es","@id":"https:\/\/www.cavaangel.com\/es\/#\/schema\/logo\/image\/","url":"https:\/\/www.cavaangel.com\/wp-content\/uploads\/2015\/02\/logo_cava_angel.png","contentUrl":"https:\/\/www.cavaangel.com\/wp-content\/uploads\/2015\/02\/logo_cava_angel.png","width":300,"height":156,"caption":"Cava \u00c1ngel"},"image":{"@id":"https:\/\/www.cavaangel.com\/es\/#\/schema\/logo\/image\/"}}]}},"_links":{"self":[{"href":"https:\/\/www.cavaangel.com\/es\/wp-json\/wp\/v2\/product\/17","targetHints":{"allow":["GET"]}}],"collection":[{"href":"https:\/\/www.cavaangel.com\/es\/wp-json\/wp\/v2\/product"}],"about":[{"href":"https:\/\/www.cavaangel.com\/es\/wp-json\/wp\/v2\/types\/product"}],"replies":[{"embeddable":true,"href":"https:\/\/www.cavaangel.com\/es\/wp-json\/wp\/v2\/comments?post=17"}],"wp:featuredmedia":[{"embeddable":true,"href":"https:\/\/www.cavaangel.com\/es\/wp-json\/wp\/v2\/media\/12988"}],"wp:attachment":[{"href":"https:\/\/www.cavaangel.com\/es\/wp-json\/wp\/v2\/media?parent=17"}],"wp:term":[{"taxonomy":"product_brand","embeddable":true,"href":"https:\/\/www.cavaangel.com\/es\/wp-json\/wp\/v2\/product_brand?post=17"},{"taxonomy":"product_cat","embeddable":true,"href":"https:\/\/www.cavaangel.com\/es\/wp-json\/wp\/v2\/product_cat?post=17"},{"taxonomy":"product_tag","embeddable":true,"href":"https:\/\/www.cavaangel.com\/es\/wp-json\/wp\/v2\/product_tag?post=17"}],"curies":[{"name":"wp","href":"https:\/\/api.w.org\/{rel}","templated":true}]}}