{"id":13415,"date":"2025-11-25T17:00:47","date_gmt":"2025-11-25T16:00:47","guid":{"rendered":"https:\/\/www.cavaangel.com\/buy-cava-wine\/pack-premium\/"},"modified":"2025-11-25T17:06:28","modified_gmt":"2025-11-25T16:06:28","slug":"pack-premium","status":"publish","type":"product","link":"https:\/\/www.cavaangel.com\/es\/comprar-cava\/pack-premium\/","title":{"rendered":"Pack Premium"},"content":{"rendered":"<p data-start=\"142\" data-end=\"361\">Descubre el <strong data-start=\"154\" data-end=\"181\">Pack Premium Cava \u00c0ngel<\/strong>, una selecci\u00f3n exclusiva pensada para regalar o disfrutar en los mejores momentos. Presentado en una <strong data-start=\"283\" data-end=\"301\">caja de madera<\/strong> de alta calidad que aporta un toque elegante y distinguido.<\/p>\n<h3 data-start=\"363\" data-end=\"387\"><strong data-start=\"367\" data-end=\"387\">El pack incluye:<\/strong><\/h3>\n<ul>\n<li data-start=\"390\" data-end=\"514\"><strong data-start=\"393\" data-end=\"415\">Cava \u00c0ngel Cupatge<\/strong><br data-start=\"415\" data-end=\"418\" \/>Un coupage fresco, equilibrado y lleno de matices, ideal para brindar en ocasiones especiales.<\/li>\n<li data-start=\"518\" data-end=\"647\"><strong data-start=\"521\" data-end=\"540\">Vino Tinto Alfa<\/strong><br data-start=\"540\" data-end=\"543\" \/>Intenso y arom\u00e1tico, con notas de fruta madura y un final redondo que conquista desde el primer sorbo.<\/li>\n<li data-start=\"651\" data-end=\"770\"><strong data-start=\"654\" data-end=\"675\">Vino Blanco Omega<\/strong><br data-start=\"675\" data-end=\"678\" \/>Un blanco vibrante y arom\u00e1tico, perfecto para acompa\u00f1ar platos ligeros o disfrutarlo solo.<\/li>\n<\/ul>\n","protected":false},"excerpt":{"rendered":"<p>Descubre el Pack Premium Cava \u00c0ngel, una selecci\u00f3n exclusiva pensada para regalar o disfrutar en los mejores momentos. Presentado en una caja de madera de alta calidad que aporta un toque elegante y distinguido. El pack incluye: Cava \u00c0ngel CupatgeUn coupage fresco, equilibrado y lleno de matices, ideal para brindar en ocasiones especiales. Vino Tinto [&hellip;]<\/p>\n","protected":false},"featured_media":13410,"comment_status":"closed","ping_status":"closed","template":"","meta":[],"product_brand":[],"product_cat":[6,7],"product_tag":[],"class_list":{"0":"post-13415","1":"product","2":"type-product","3":"status-publish","4":"has-post-thumbnail","6":"product_cat-cava","7":"product_cat-vino","9":"first","10":"instock","11":"taxable","12":"shipping-taxable","13":"purchasable","14":"product-type-simple"},"yoast_head":"<!-- This site is optimized with the Yoast SEO plugin v27.2 - https:\/\/yoast.com\/product\/yoast-seo-wordpress\/ -->\n<title>Pack Premium - Cava \u00c0ngel<\/title>\n<meta name=\"robots\" content=\"index, follow, max-snippet:-1, max-image-preview:large, max-video-preview:-1\" \/>\n<link rel=\"canonical\" href=\"https:\/\/www.cavaangel.com\/es\/comprar-cava\/pack-premium\/\" \/>\n<meta property=\"og:locale\" content=\"es_ES\" \/>\n<meta property=\"og:type\" content=\"article\" \/>\n<meta property=\"og:title\" content=\"Pack Premium - Cava \u00c0ngel\" \/>\n<meta property=\"og:description\" content=\"Descubre el Pack Premium Cava \u00c0ngel, una selecci\u00f3n exclusiva pensada para regalar o disfrutar en los mejores momentos. Presentado en una caja de madera de alta calidad que aporta un toque elegante y distinguido. El pack incluye: Cava \u00c0ngel CupatgeUn coupage fresco, equilibrado y lleno de matices, ideal para brindar en ocasiones especiales. Vino Tinto [&hellip;]\" \/>\n<meta property=\"og:url\" content=\"https:\/\/www.cavaangel.com\/es\/comprar-cava\/pack-premium\/\" \/>\n<meta property=\"og:site_name\" content=\"Cava \u00c0ngel\" \/>\n<meta property=\"article:modified_time\" content=\"2025-11-25T16:06:28+00:00\" \/>\n<meta property=\"og:image\" content=\"https:\/\/www.cavaangel.com\/wp-content\/uploads\/2025\/11\/packpremium2025.jpg\" \/>\n\t<meta property=\"og:image:width\" content=\"600\" \/>\n\t<meta property=\"og:image:height\" content=\"600\" \/>\n\t<meta property=\"og:image:type\" content=\"image\/jpeg\" \/>\n<meta name=\"twitter:card\" content=\"summary_large_image\" \/>\n<meta name=\"twitter:label1\" content=\"Tiempo de lectura\" \/>\n\t<meta name=\"twitter:data1\" content=\"1 minuto\" \/>\n<script type=\"application\/ld+json\" class=\"yoast-schema-graph\">{\"@context\":\"https:\/\/schema.org\",\"@graph\":[{\"@type\":\"WebPage\",\"@id\":\"https:\/\/www.cavaangel.com\/es\/comprar-cava\/pack-premium\/\",\"url\":\"https:\/\/www.cavaangel.com\/es\/comprar-cava\/pack-premium\/\",\"name\":\"Pack Premium - Cava \u00c0ngel\",\"isPartOf\":{\"@id\":\"https:\/\/www.cavaangel.com\/es\/#website\"},\"primaryImageOfPage\":{\"@id\":\"https:\/\/www.cavaangel.com\/es\/comprar-cava\/pack-premium\/#primaryimage\"},\"image\":{\"@id\":\"https:\/\/www.cavaangel.com\/es\/comprar-cava\/pack-premium\/#primaryimage\"},\"thumbnailUrl\":\"https:\/\/www.cavaangel.com\/wp-content\/uploads\/2025\/11\/packpremium2025.jpg\",\"datePublished\":\"2025-11-25T16:00:47+00:00\",\"dateModified\":\"2025-11-25T16:06:28+00:00\",\"breadcrumb\":{\"@id\":\"https:\/\/www.cavaangel.com\/es\/comprar-cava\/pack-premium\/#breadcrumb\"},\"inLanguage\":\"es\",\"potentialAction\":[{\"@type\":\"ReadAction\",\"target\":[\"https:\/\/www.cavaangel.com\/es\/comprar-cava\/pack-premium\/\"]}]},{\"@type\":\"ImageObject\",\"inLanguage\":\"es\",\"@id\":\"https:\/\/www.cavaangel.com\/es\/comprar-cava\/pack-premium\/#primaryimage\",\"url\":\"https:\/\/www.cavaangel.com\/wp-content\/uploads\/2025\/11\/packpremium2025.jpg\",\"contentUrl\":\"https:\/\/www.cavaangel.com\/wp-content\/uploads\/2025\/11\/packpremium2025.jpg\",\"width\":600,\"height\":600},{\"@type\":\"BreadcrumbList\",\"@id\":\"https:\/\/www.cavaangel.com\/es\/comprar-cava\/pack-premium\/#breadcrumb\",\"itemListElement\":[{\"@type\":\"ListItem\",\"position\":1,\"name\":\"Portada\",\"item\":\"https:\/\/www.cavaangel.com\/es\/\"},{\"@type\":\"ListItem\",\"position\":2,\"name\":\"Tienda\",\"item\":\"https:\/\/www.cavaangel.com\/es\/tienda\/\"},{\"@type\":\"ListItem\",\"position\":3,\"name\":\"Pack Premium\"}]},{\"@type\":\"WebSite\",\"@id\":\"https:\/\/www.cavaangel.com\/es\/#website\",\"url\":\"https:\/\/www.cavaangel.com\/es\/\",\"name\":\"Cava \u00c0ngel\",\"description\":\"Compra el mejor cava artesanal\",\"publisher\":{\"@id\":\"https:\/\/www.cavaangel.com\/es\/#organization\"},\"potentialAction\":[{\"@type\":\"SearchAction\",\"target\":{\"@type\":\"EntryPoint\",\"urlTemplate\":\"https:\/\/www.cavaangel.com\/es\/?s={search_term_string}\"},\"query-input\":{\"@type\":\"PropertyValueSpecification\",\"valueRequired\":true,\"valueName\":\"search_term_string\"}}],\"inLanguage\":\"es\"},{\"@type\":\"Organization\",\"@id\":\"https:\/\/www.cavaangel.com\/es\/#organization\",\"name\":\"Cava \u00c1ngel\",\"url\":\"https:\/\/www.cavaangel.com\/es\/\",\"logo\":{\"@type\":\"ImageObject\",\"inLanguage\":\"es\",\"@id\":\"https:\/\/www.cavaangel.com\/es\/#\/schema\/logo\/image\/\",\"url\":\"https:\/\/www.cavaangel.com\/wp-content\/uploads\/2015\/02\/logo_cava_angel.png\",\"contentUrl\":\"https:\/\/www.cavaangel.com\/wp-content\/uploads\/2015\/02\/logo_cava_angel.png\",\"width\":300,\"height\":156,\"caption\":\"Cava \u00c1ngel\"},\"image\":{\"@id\":\"https:\/\/www.cavaangel.com\/es\/#\/schema\/logo\/image\/\"}}]}<\/script>\n<!-- \/ Yoast SEO plugin. -->","yoast_head_json":{"title":"Pack Premium - Cava \u00c0ngel","robots":{"index":"index","follow":"follow","max-snippet":"max-snippet:-1","max-image-preview":"max-image-preview:large","max-video-preview":"max-video-preview:-1"},"canonical":"https:\/\/www.cavaangel.com\/es\/comprar-cava\/pack-premium\/","og_locale":"es_ES","og_type":"article","og_title":"Pack Premium - Cava \u00c0ngel","og_description":"Descubre el Pack Premium Cava \u00c0ngel, una selecci\u00f3n exclusiva pensada para regalar o disfrutar en los mejores momentos. Presentado en una caja de madera de alta calidad que aporta un toque elegante y distinguido. El pack incluye: Cava \u00c0ngel CupatgeUn coupage fresco, equilibrado y lleno de matices, ideal para brindar en ocasiones especiales. Vino Tinto [&hellip;]","og_url":"https:\/\/www.cavaangel.com\/es\/comprar-cava\/pack-premium\/","og_site_name":"Cava \u00c0ngel","article_modified_time":"2025-11-25T16:06:28+00:00","og_image":[{"width":600,"height":600,"url":"https:\/\/www.cavaangel.com\/wp-content\/uploads\/2025\/11\/packpremium2025.jpg","type":"image\/jpeg"}],"twitter_card":"summary_large_image","twitter_misc":{"Tiempo de lectura":"1 minuto"},"schema":{"@context":"https:\/\/schema.org","@graph":[{"@type":"WebPage","@id":"https:\/\/www.cavaangel.com\/es\/comprar-cava\/pack-premium\/","url":"https:\/\/www.cavaangel.com\/es\/comprar-cava\/pack-premium\/","name":"Pack Premium - Cava \u00c0ngel","isPartOf":{"@id":"https:\/\/www.cavaangel.com\/es\/#website"},"primaryImageOfPage":{"@id":"https:\/\/www.cavaangel.com\/es\/comprar-cava\/pack-premium\/#primaryimage"},"image":{"@id":"https:\/\/www.cavaangel.com\/es\/comprar-cava\/pack-premium\/#primaryimage"},"thumbnailUrl":"https:\/\/www.cavaangel.com\/wp-content\/uploads\/2025\/11\/packpremium2025.jpg","datePublished":"2025-11-25T16:00:47+00:00","dateModified":"2025-11-25T16:06:28+00:00","breadcrumb":{"@id":"https:\/\/www.cavaangel.com\/es\/comprar-cava\/pack-premium\/#breadcrumb"},"inLanguage":"es","potentialAction":[{"@type":"ReadAction","target":["https:\/\/www.cavaangel.com\/es\/comprar-cava\/pack-premium\/"]}]},{"@type":"ImageObject","inLanguage":"es","@id":"https:\/\/www.cavaangel.com\/es\/comprar-cava\/pack-premium\/#primaryimage","url":"https:\/\/www.cavaangel.com\/wp-content\/uploads\/2025\/11\/packpremium2025.jpg","contentUrl":"https:\/\/www.cavaangel.com\/wp-content\/uploads\/2025\/11\/packpremium2025.jpg","width":600,"height":600},{"@type":"BreadcrumbList","@id":"https:\/\/www.cavaangel.com\/es\/comprar-cava\/pack-premium\/#breadcrumb","itemListElement":[{"@type":"ListItem","position":1,"name":"Portada","item":"https:\/\/www.cavaangel.com\/es\/"},{"@type":"ListItem","position":2,"name":"Tienda","item":"https:\/\/www.cavaangel.com\/es\/tienda\/"},{"@type":"ListItem","position":3,"name":"Pack Premium"}]},{"@type":"WebSite","@id":"https:\/\/www.cavaangel.com\/es\/#website","url":"https:\/\/www.cavaangel.com\/es\/","name":"Cava \u00c0ngel","description":"Compra el mejor cava artesanal","publisher":{"@id":"https:\/\/www.cavaangel.com\/es\/#organization"},"potentialAction":[{"@type":"SearchAction","target":{"@type":"EntryPoint","urlTemplate":"https:\/\/www.cavaangel.com\/es\/?s={search_term_string}"},"query-input":{"@type":"PropertyValueSpecification","valueRequired":true,"valueName":"search_term_string"}}],"inLanguage":"es"},{"@type":"Organization","@id":"https:\/\/www.cavaangel.com\/es\/#organization","name":"Cava \u00c1ngel","url":"https:\/\/www.cavaangel.com\/es\/","logo":{"@type":"ImageObject","inLanguage":"es","@id":"https:\/\/www.cavaangel.com\/es\/#\/schema\/logo\/image\/","url":"https:\/\/www.cavaangel.com\/wp-content\/uploads\/2015\/02\/logo_cava_angel.png","contentUrl":"https:\/\/www.cavaangel.com\/wp-content\/uploads\/2015\/02\/logo_cava_angel.png","width":300,"height":156,"caption":"Cava \u00c1ngel"},"image":{"@id":"https:\/\/www.cavaangel.com\/es\/#\/schema\/logo\/image\/"}}]}},"_links":{"self":[{"href":"https:\/\/www.cavaangel.com\/es\/wp-json\/wp\/v2\/product\/13415","targetHints":{"allow":["GET"]}}],"collection":[{"href":"https:\/\/www.cavaangel.com\/es\/wp-json\/wp\/v2\/product"}],"about":[{"href":"https:\/\/www.cavaangel.com\/es\/wp-json\/wp\/v2\/types\/product"}],"replies":[{"embeddable":true,"href":"https:\/\/www.cavaangel.com\/es\/wp-json\/wp\/v2\/comments?post=13415"}],"wp:featuredmedia":[{"embeddable":true,"href":"https:\/\/www.cavaangel.com\/es\/wp-json\/wp\/v2\/media\/13410"}],"wp:attachment":[{"href":"https:\/\/www.cavaangel.com\/es\/wp-json\/wp\/v2\/media?parent=13415"}],"wp:term":[{"taxonomy":"product_brand","embeddable":true,"href":"https:\/\/www.cavaangel.com\/es\/wp-json\/wp\/v2\/product_brand?post=13415"},{"taxonomy":"product_cat","embeddable":true,"href":"https:\/\/www.cavaangel.com\/es\/wp-json\/wp\/v2\/product_cat?post=13415"},{"taxonomy":"product_tag","embeddable":true,"href":"https:\/\/www.cavaangel.com\/es\/wp-json\/wp\/v2\/product_tag?post=13415"}],"curies":[{"name":"wp","href":"https:\/\/api.w.org\/{rel}","templated":true}]}}