{"id":13283,"date":"2024-07-18T09:14:00","date_gmt":"2024-07-18T08:14:00","guid":{"rendered":"https:\/\/www.cavaangel.com\/buy-cava-wine\/omega-ecologic-2023\/"},"modified":"2025-06-24T10:47:21","modified_gmt":"2025-06-24T09:47:21","slug":"omega-ecologic-2024","status":"publish","type":"product","link":"https:\/\/www.cavaangel.com\/es\/comprar-cava\/omega-ecologic-2024\/","title":{"rendered":"Omega Ecol\u00f3gico 2024"},"content":{"rendered":"<p>D.O. Terra Alta<\/p>\n<p>Variedades: 85% garnacha blanca, 15% Pedro Xim\u00e9nez.<br \/>\nAlcohol: 13,5%<br \/>\nAcidez: 5,3 g\/l<br \/>\nAz\u00facares: 0,2 g\/l<br \/>\nTerru\u00f1o: Panal (arcilla blanca)<br \/>\nCosecha: 2024<br \/>\nProducci\u00f3n: 600 botellas de 0,75 cl.<\/p>\n<p><strong>Vendimia y vinificaci\u00f3n:<\/strong><br \/>\nVendimia manual. Despalillado y maceraci\u00f3n en fr\u00edo.<br \/>\nPrensado suave.<br \/>\nCrianza con sus l\u00edas durante 6 meses.<br \/>\nEstabilizado con fr\u00edo, clarificado y filtrado suave antes del embotellado.<\/p>\n<p><strong>Cata:<\/strong><br \/>\nAmarillo p\u00e1lido con reflejos verdosos. Limpio y brillante. Complejo en aromas. Notas de fruta blanca (manzana, pera, pi\u00f1a) sobre fondo especiado (hinojo). Con ligeras notas de melocot\u00f3n y miel provenientes de la variedad Pedro Xim\u00e9nez. De entrada amplia, muestra mucha sutileza en boca, con notas cremosas y afrutadas, con un final de boca afrutado.<\/p>\n<p><strong>Maridajes:<\/strong><br \/>\nPor su estructura y acidez, quesos cremosos y curados, pescados blancos, crust\u00e1ceos y carnes blancas grasas (presa ib\u00e9rica), maridar\u00e1n a la perfecci\u00f3n por contraste de texturas.<\/p>\n<p>&nbsp;<\/p>\n<h3>Omega 2024 Terra Alta versi\u00f3n voladora.<\/h3>\n<p>Dicen que un cardenal cat\u00f3lico, hace mucho tiempo, llev\u00f3 esta uva a tierras de M\u00e1laga. Con el paso del tiempo y el buen hacer de los agricultores que la moldearon, su origen nos merece absoluto respeto. Con ese respeto, nos trasladamos a la Terra Alta. El contraste t\u00e9rmico, los suelos pobres y mucha paciencia dan origen a una uva singular. La vinificaci\u00f3n cuidadosa, que nos permite su escasa producci\u00f3n, es clave para obtener la excelencia de la intensidad. La que nos habla de sutileza, con voz alta y segura, la que durante el vals en la copa, nos otorga poderes, billetes para viajar con los ojos cerrados, por los campos de arena que la han visto crecer, por los aromas de hierba seca, hinojo y romero que perfuman nuestra mente, por los cuadros verdes de Matisse, que ahora son fragantes, vivos y tridimensionales.<br \/>\nLa boca es una oportunidad, un salto natural de agua dentro de un pozo, fresca y clara, directa, chispeante, para sentirnos bien al poco tiempo, para aclimatar las papilas y arrancar la orquesta, jazz, m\u00e1s jazz de big band, cl\u00e1sico, Gershwin en la batuta. Omega nos da la capacidad de abstraernos de la comida, de disfrutar de \u00e9l solo o acompa\u00f1ado. Omega es buen orador y no se echa atr\u00e1s en ninguna conversaci\u00f3n, polifac\u00e9tico y cosmopolita como nadie.<br \/>\nI Got Rhythm.<\/p>\n<p>&nbsp;<\/p>\n<h3>Omega 2024 Terra Alta versi\u00f3n pies en tierra.<\/h3>\n<p>De color paja con ribetes verdosos, claro y brillante.<br \/>\nAromas de hinojo y romero, recuerdos de tierra seca y verdor clorof\u00edlico, miel y fruta de hueso.<br \/>\nBoca intensa y fresca, con volumen en las mejillas, de permanencia media con final seco y ligero, melocot\u00f3n amarillo y d\u00e1til, mel\u00f3n verde, un poco de pl\u00e1tano seco.<br \/>\nRetronasal de flores, perfumes de primavera, fresco y ligeramente dulce sin dejar de ser seco.<br \/>\nPara combinar con todo tipo de comidas, polivalente, especialmente indicado para legumbres guisadas con carnes rojas, para quesos ahumados y todo tipo de pescado.<\/p>\n","protected":false},"excerpt":{"rendered":"<p>D.O. Terra Alta Variedades: 85% garnacha blanca, 15% Pedro Xim\u00e9nez. Alcohol: 13,5% Acidez: 5,3 g\/l Az\u00facares: 0,2 g\/l Terru\u00f1o: Panal (arcilla blanca) Cosecha: 2024 Producci\u00f3n: 600 botellas de 0,75 cl. Vendimia y vinificaci\u00f3n: Vendimia manual. Despalillado y maceraci\u00f3n en fr\u00edo. Prensado suave. Crianza con sus l\u00edas durante 6 meses. Estabilizado con fr\u00edo, clarificado y filtrado [&hellip;]<\/p>\n","protected":false},"featured_media":13366,"comment_status":"closed","ping_status":"closed","template":"","meta":[],"product_brand":[],"product_cat":[7],"product_tag":[],"class_list":{"0":"post-13283","1":"product","2":"type-product","3":"status-publish","4":"has-post-thumbnail","6":"product_cat-vino","8":"first","9":"instock","10":"taxable","11":"shipping-taxable","12":"purchasable","13":"product-type-simple"},"yoast_head":"<!-- This site is optimized with the Yoast SEO plugin v27.2 - https:\/\/yoast.com\/product\/yoast-seo-wordpress\/ -->\n<title>Omega Ecol\u00f3gico 2024 - Cava \u00c0ngel<\/title>\n<meta name=\"robots\" content=\"index, follow, max-snippet:-1, max-image-preview:large, max-video-preview:-1\" \/>\n<link rel=\"canonical\" href=\"https:\/\/www.cavaangel.com\/es\/comprar-cava\/omega-ecologic-2024\/\" \/>\n<meta property=\"og:locale\" content=\"es_ES\" \/>\n<meta property=\"og:type\" content=\"article\" \/>\n<meta property=\"og:title\" content=\"Omega Ecol\u00f3gico 2024 - Cava \u00c0ngel\" \/>\n<meta property=\"og:description\" content=\"D.O. Terra Alta Variedades: 85% garnacha blanca, 15% Pedro Xim\u00e9nez. Alcohol: 13,5% Acidez: 5,3 g\/l Az\u00facares: 0,2 g\/l Terru\u00f1o: Panal (arcilla blanca) Cosecha: 2024 Producci\u00f3n: 600 botellas de 0,75 cl. Vendimia y vinificaci\u00f3n: Vendimia manual. Despalillado y maceraci\u00f3n en fr\u00edo. Prensado suave. Crianza con sus l\u00edas durante 6 meses. Estabilizado con fr\u00edo, clarificado y filtrado [&hellip;]\" \/>\n<meta property=\"og:url\" content=\"https:\/\/www.cavaangel.com\/es\/comprar-cava\/omega-ecologic-2024\/\" \/>\n<meta property=\"og:site_name\" content=\"Cava \u00c0ngel\" \/>\n<meta property=\"article:modified_time\" content=\"2025-06-24T09:47:21+00:00\" \/>\n<meta property=\"og:image\" content=\"https:\/\/www.cavaangel.com\/wp-content\/uploads\/2024\/07\/omega2024.jpg\" \/>\n\t<meta property=\"og:image:width\" content=\"600\" \/>\n\t<meta property=\"og:image:height\" content=\"600\" \/>\n\t<meta property=\"og:image:type\" content=\"image\/jpeg\" \/>\n<meta name=\"twitter:card\" content=\"summary_large_image\" \/>\n<meta name=\"twitter:label1\" content=\"Tiempo de lectura\" \/>\n\t<meta name=\"twitter:data1\" content=\"3 minutos\" \/>\n<script type=\"application\/ld+json\" class=\"yoast-schema-graph\">{\"@context\":\"https:\/\/schema.org\",\"@graph\":[{\"@type\":\"WebPage\",\"@id\":\"https:\/\/www.cavaangel.com\/es\/comprar-cava\/omega-ecologic-2024\/\",\"url\":\"https:\/\/www.cavaangel.com\/es\/comprar-cava\/omega-ecologic-2024\/\",\"name\":\"Omega Ecol\u00f3gico 2024 - Cava \u00c0ngel\",\"isPartOf\":{\"@id\":\"https:\/\/www.cavaangel.com\/es\/#website\"},\"primaryImageOfPage\":{\"@id\":\"https:\/\/www.cavaangel.com\/es\/comprar-cava\/omega-ecologic-2024\/#primaryimage\"},\"image\":{\"@id\":\"https:\/\/www.cavaangel.com\/es\/comprar-cava\/omega-ecologic-2024\/#primaryimage\"},\"thumbnailUrl\":\"https:\/\/www.cavaangel.com\/wp-content\/uploads\/2024\/07\/omega2024.jpg\",\"datePublished\":\"2024-07-18T08:14:00+00:00\",\"dateModified\":\"2025-06-24T09:47:21+00:00\",\"breadcrumb\":{\"@id\":\"https:\/\/www.cavaangel.com\/es\/comprar-cava\/omega-ecologic-2024\/#breadcrumb\"},\"inLanguage\":\"es\",\"potentialAction\":[{\"@type\":\"ReadAction\",\"target\":[\"https:\/\/www.cavaangel.com\/es\/comprar-cava\/omega-ecologic-2024\/\"]}]},{\"@type\":\"ImageObject\",\"inLanguage\":\"es\",\"@id\":\"https:\/\/www.cavaangel.com\/es\/comprar-cava\/omega-ecologic-2024\/#primaryimage\",\"url\":\"https:\/\/www.cavaangel.com\/wp-content\/uploads\/2024\/07\/omega2024.jpg\",\"contentUrl\":\"https:\/\/www.cavaangel.com\/wp-content\/uploads\/2024\/07\/omega2024.jpg\",\"width\":600,\"height\":600,\"caption\":\"Imatge d'una ampolla de vi Omega 2024\"},{\"@type\":\"BreadcrumbList\",\"@id\":\"https:\/\/www.cavaangel.com\/es\/comprar-cava\/omega-ecologic-2024\/#breadcrumb\",\"itemListElement\":[{\"@type\":\"ListItem\",\"position\":1,\"name\":\"Portada\",\"item\":\"https:\/\/www.cavaangel.com\/es\/\"},{\"@type\":\"ListItem\",\"position\":2,\"name\":\"Tienda\",\"item\":\"https:\/\/www.cavaangel.com\/es\/tienda\/\"},{\"@type\":\"ListItem\",\"position\":3,\"name\":\"Omega Ecol\u00f3gico 2024\"}]},{\"@type\":\"WebSite\",\"@id\":\"https:\/\/www.cavaangel.com\/es\/#website\",\"url\":\"https:\/\/www.cavaangel.com\/es\/\",\"name\":\"Cava \u00c0ngel\",\"description\":\"Compra el mejor cava artesanal\",\"publisher\":{\"@id\":\"https:\/\/www.cavaangel.com\/es\/#organization\"},\"potentialAction\":[{\"@type\":\"SearchAction\",\"target\":{\"@type\":\"EntryPoint\",\"urlTemplate\":\"https:\/\/www.cavaangel.com\/es\/?s={search_term_string}\"},\"query-input\":{\"@type\":\"PropertyValueSpecification\",\"valueRequired\":true,\"valueName\":\"search_term_string\"}}],\"inLanguage\":\"es\"},{\"@type\":\"Organization\",\"@id\":\"https:\/\/www.cavaangel.com\/es\/#organization\",\"name\":\"Cava \u00c1ngel\",\"url\":\"https:\/\/www.cavaangel.com\/es\/\",\"logo\":{\"@type\":\"ImageObject\",\"inLanguage\":\"es\",\"@id\":\"https:\/\/www.cavaangel.com\/es\/#\/schema\/logo\/image\/\",\"url\":\"https:\/\/www.cavaangel.com\/wp-content\/uploads\/2015\/02\/logo_cava_angel.png\",\"contentUrl\":\"https:\/\/www.cavaangel.com\/wp-content\/uploads\/2015\/02\/logo_cava_angel.png\",\"width\":300,\"height\":156,\"caption\":\"Cava \u00c1ngel\"},\"image\":{\"@id\":\"https:\/\/www.cavaangel.com\/es\/#\/schema\/logo\/image\/\"}}]}<\/script>\n<!-- \/ Yoast SEO plugin. -->","yoast_head_json":{"title":"Omega Ecol\u00f3gico 2024 - Cava \u00c0ngel","robots":{"index":"index","follow":"follow","max-snippet":"max-snippet:-1","max-image-preview":"max-image-preview:large","max-video-preview":"max-video-preview:-1"},"canonical":"https:\/\/www.cavaangel.com\/es\/comprar-cava\/omega-ecologic-2024\/","og_locale":"es_ES","og_type":"article","og_title":"Omega Ecol\u00f3gico 2024 - Cava \u00c0ngel","og_description":"D.O. Terra Alta Variedades: 85% garnacha blanca, 15% Pedro Xim\u00e9nez. Alcohol: 13,5% Acidez: 5,3 g\/l Az\u00facares: 0,2 g\/l Terru\u00f1o: Panal (arcilla blanca) Cosecha: 2024 Producci\u00f3n: 600 botellas de 0,75 cl. Vendimia y vinificaci\u00f3n: Vendimia manual. Despalillado y maceraci\u00f3n en fr\u00edo. Prensado suave. Crianza con sus l\u00edas durante 6 meses. Estabilizado con fr\u00edo, clarificado y filtrado [&hellip;]","og_url":"https:\/\/www.cavaangel.com\/es\/comprar-cava\/omega-ecologic-2024\/","og_site_name":"Cava \u00c0ngel","article_modified_time":"2025-06-24T09:47:21+00:00","og_image":[{"width":600,"height":600,"url":"https:\/\/www.cavaangel.com\/wp-content\/uploads\/2024\/07\/omega2024.jpg","type":"image\/jpeg"}],"twitter_card":"summary_large_image","twitter_misc":{"Tiempo de lectura":"3 minutos"},"schema":{"@context":"https:\/\/schema.org","@graph":[{"@type":"WebPage","@id":"https:\/\/www.cavaangel.com\/es\/comprar-cava\/omega-ecologic-2024\/","url":"https:\/\/www.cavaangel.com\/es\/comprar-cava\/omega-ecologic-2024\/","name":"Omega Ecol\u00f3gico 2024 - Cava \u00c0ngel","isPartOf":{"@id":"https:\/\/www.cavaangel.com\/es\/#website"},"primaryImageOfPage":{"@id":"https:\/\/www.cavaangel.com\/es\/comprar-cava\/omega-ecologic-2024\/#primaryimage"},"image":{"@id":"https:\/\/www.cavaangel.com\/es\/comprar-cava\/omega-ecologic-2024\/#primaryimage"},"thumbnailUrl":"https:\/\/www.cavaangel.com\/wp-content\/uploads\/2024\/07\/omega2024.jpg","datePublished":"2024-07-18T08:14:00+00:00","dateModified":"2025-06-24T09:47:21+00:00","breadcrumb":{"@id":"https:\/\/www.cavaangel.com\/es\/comprar-cava\/omega-ecologic-2024\/#breadcrumb"},"inLanguage":"es","potentialAction":[{"@type":"ReadAction","target":["https:\/\/www.cavaangel.com\/es\/comprar-cava\/omega-ecologic-2024\/"]}]},{"@type":"ImageObject","inLanguage":"es","@id":"https:\/\/www.cavaangel.com\/es\/comprar-cava\/omega-ecologic-2024\/#primaryimage","url":"https:\/\/www.cavaangel.com\/wp-content\/uploads\/2024\/07\/omega2024.jpg","contentUrl":"https:\/\/www.cavaangel.com\/wp-content\/uploads\/2024\/07\/omega2024.jpg","width":600,"height":600,"caption":"Imatge d'una ampolla de vi Omega 2024"},{"@type":"BreadcrumbList","@id":"https:\/\/www.cavaangel.com\/es\/comprar-cava\/omega-ecologic-2024\/#breadcrumb","itemListElement":[{"@type":"ListItem","position":1,"name":"Portada","item":"https:\/\/www.cavaangel.com\/es\/"},{"@type":"ListItem","position":2,"name":"Tienda","item":"https:\/\/www.cavaangel.com\/es\/tienda\/"},{"@type":"ListItem","position":3,"name":"Omega Ecol\u00f3gico 2024"}]},{"@type":"WebSite","@id":"https:\/\/www.cavaangel.com\/es\/#website","url":"https:\/\/www.cavaangel.com\/es\/","name":"Cava \u00c0ngel","description":"Compra el mejor cava artesanal","publisher":{"@id":"https:\/\/www.cavaangel.com\/es\/#organization"},"potentialAction":[{"@type":"SearchAction","target":{"@type":"EntryPoint","urlTemplate":"https:\/\/www.cavaangel.com\/es\/?s={search_term_string}"},"query-input":{"@type":"PropertyValueSpecification","valueRequired":true,"valueName":"search_term_string"}}],"inLanguage":"es"},{"@type":"Organization","@id":"https:\/\/www.cavaangel.com\/es\/#organization","name":"Cava \u00c1ngel","url":"https:\/\/www.cavaangel.com\/es\/","logo":{"@type":"ImageObject","inLanguage":"es","@id":"https:\/\/www.cavaangel.com\/es\/#\/schema\/logo\/image\/","url":"https:\/\/www.cavaangel.com\/wp-content\/uploads\/2015\/02\/logo_cava_angel.png","contentUrl":"https:\/\/www.cavaangel.com\/wp-content\/uploads\/2015\/02\/logo_cava_angel.png","width":300,"height":156,"caption":"Cava \u00c1ngel"},"image":{"@id":"https:\/\/www.cavaangel.com\/es\/#\/schema\/logo\/image\/"}}]}},"_links":{"self":[{"href":"https:\/\/www.cavaangel.com\/es\/wp-json\/wp\/v2\/product\/13283","targetHints":{"allow":["GET"]}}],"collection":[{"href":"https:\/\/www.cavaangel.com\/es\/wp-json\/wp\/v2\/product"}],"about":[{"href":"https:\/\/www.cavaangel.com\/es\/wp-json\/wp\/v2\/types\/product"}],"replies":[{"embeddable":true,"href":"https:\/\/www.cavaangel.com\/es\/wp-json\/wp\/v2\/comments?post=13283"}],"wp:featuredmedia":[{"embeddable":true,"href":"https:\/\/www.cavaangel.com\/es\/wp-json\/wp\/v2\/media\/13366"}],"wp:attachment":[{"href":"https:\/\/www.cavaangel.com\/es\/wp-json\/wp\/v2\/media?parent=13283"}],"wp:term":[{"taxonomy":"product_brand","embeddable":true,"href":"https:\/\/www.cavaangel.com\/es\/wp-json\/wp\/v2\/product_brand?post=13283"},{"taxonomy":"product_cat","embeddable":true,"href":"https:\/\/www.cavaangel.com\/es\/wp-json\/wp\/v2\/product_cat?post=13283"},{"taxonomy":"product_tag","embeddable":true,"href":"https:\/\/www.cavaangel.com\/es\/wp-json\/wp\/v2\/product_tag?post=13283"}],"curies":[{"name":"wp","href":"https:\/\/api.w.org\/{rel}","templated":true}]}}