{"id":12424,"date":"2020-04-25T10:00:35","date_gmt":"2020-04-25T09:00:35","guid":{"rendered":"https:\/\/www.cavaangel.com\/?post_type=product&#038;p=12424"},"modified":"2023-01-18T07:42:07","modified_gmt":"2023-01-18T06:42:07","slug":"ophiusa-formentera","status":"publish","type":"product","link":"https:\/\/www.cavaangel.com\/es\/comprar-cava\/ophiusa-formentera\/","title":{"rendered":"Ophiusa Formentera 2020"},"content":{"rendered":"<p class=\"p1\"><span class=\"s1\"><b>Ophiusa\u00a0<\/b>es un vino de la\u00a0<b>D.O. VT Formentera<\/b>.<\/span><span class=\"s2\"><br \/>\n<\/span><b><\/b><\/p>\n<p class=\"p1\"><span class=\"s1\"><b>Ophiusa <\/b>es un coupage de <b>Cabernet Sauvignon<\/b>,\u00a0<b>Merlot<\/b>,\u00a0<b>Monastrell\u00a0<\/b>y\u00a0<b>Fogoneu<\/b>.<\/span><\/p>\n<p class=\"p1\"><span class=\"s1\">Para elaborar\u00a0<b>Ophiusa\u00a0<\/b>se hace una vendimia y selecci\u00f3n manual, con una fermentaci\u00f3n en dep\u00f3sitos de acero inoxidable. Cuando acaba la fermentaci\u00f3n se separan las pieles y pasa por la prensa, para mantener los aromas frutales.<\/span><span class=\"s2\"><br \/>\n<\/span><\/p>\n<p class=\"p2\"><span class=\"s2\"><b>Ophiusa\u00a0<\/b>tiene una crianza de 7 meses en barrica de roble franc\u00e9s, y luego una parte del vino envejece en dep\u00f3sito en lugar de en barrica.<\/span><\/p>\n<h3 class=\"p2\"><span class=\"s2\">Nota de cata<\/span><\/h3>\n<p>Vino ligero, agradable, bals\u00e1mico, terciarios presentes, pero de forma muy sutil. Vino muy sorprendente y singular. Muy mediterr\u00e1neo pero no c\u00e1lido, con notas licorosas o confitadas, sino fresco. Con una evoluci\u00f3n estupenda en botella. Muy sorprendente y perfecto a nivel enol\u00f3gico. Alaba la labor del en\u00f3logo y dice que est\u00e1 haciendo un trabajo magn\u00edfico.<\/p>\n<h3 class=\"p1\">Premios y distinciones<\/h3>\n<p class=\"p2\">91 puntos en la Gu\u00eda Pe\u00f1in.<\/p>\n","protected":false},"excerpt":{"rendered":"<p>Ophiusa\u00a0es un vino de la\u00a0D.O. VT Formentera. Ophiusa es un coupage de Cabernet Sauvignon,\u00a0Merlot,\u00a0Monastrell\u00a0y\u00a0Fogoneu. Para elaborar\u00a0Ophiusa\u00a0se hace una vendimia y selecci\u00f3n manual, con una fermentaci\u00f3n en dep\u00f3sitos de acero inoxidable. Cuando acaba la fermentaci\u00f3n se separan las pieles y pasa por la prensa, para mantener los aromas frutales. Ophiusa\u00a0tiene una crianza de 7 meses en [&hellip;]<\/p>\n","protected":false},"featured_media":12441,"comment_status":"open","ping_status":"closed","template":"","meta":[],"product_brand":[],"product_cat":[7],"product_tag":[],"class_list":{"0":"post-12424","1":"product","2":"type-product","3":"status-publish","4":"has-post-thumbnail","6":"product_cat-vino","8":"first","9":"instock","10":"taxable","11":"shipping-taxable","12":"purchasable","13":"product-type-simple"},"yoast_head":"<!-- This site is optimized with the Yoast SEO plugin v27.2 - https:\/\/yoast.com\/product\/yoast-seo-wordpress\/ -->\n<title>Ophiusa Formentera 2020 - Cava \u00c0ngel<\/title>\n<meta name=\"robots\" content=\"index, follow, max-snippet:-1, max-image-preview:large, max-video-preview:-1\" \/>\n<link rel=\"canonical\" href=\"https:\/\/www.cavaangel.com\/es\/comprar-cava\/ophiusa-formentera\/\" \/>\n<meta property=\"og:locale\" content=\"es_ES\" \/>\n<meta property=\"og:type\" content=\"article\" \/>\n<meta property=\"og:title\" content=\"Ophiusa Formentera 2020 - Cava \u00c0ngel\" \/>\n<meta property=\"og:description\" content=\"Ophiusa\u00a0es un vino de la\u00a0D.O. VT Formentera. Ophiusa es un coupage de Cabernet Sauvignon,\u00a0Merlot,\u00a0Monastrell\u00a0y\u00a0Fogoneu. Para elaborar\u00a0Ophiusa\u00a0se hace una vendimia y selecci\u00f3n manual, con una fermentaci\u00f3n en dep\u00f3sitos de acero inoxidable. Cuando acaba la fermentaci\u00f3n se separan las pieles y pasa por la prensa, para mantener los aromas frutales. Ophiusa\u00a0tiene una crianza de 7 meses en [&hellip;]\" \/>\n<meta property=\"og:url\" content=\"https:\/\/www.cavaangel.com\/es\/comprar-cava\/ophiusa-formentera\/\" \/>\n<meta property=\"og:site_name\" content=\"Cava \u00c0ngel\" \/>\n<meta property=\"article:modified_time\" content=\"2023-01-18T06:42:07+00:00\" \/>\n<meta property=\"og:image\" content=\"https:\/\/www.cavaangel.com\/wp-content\/uploads\/2020\/04\/ophiusa-2018-formentera-cavaangel.jpg\" \/>\n\t<meta property=\"og:image:width\" content=\"600\" \/>\n\t<meta property=\"og:image:height\" content=\"600\" \/>\n\t<meta property=\"og:image:type\" content=\"image\/jpeg\" \/>\n<meta name=\"twitter:card\" content=\"summary_large_image\" \/>\n<meta name=\"twitter:label1\" content=\"Tiempo de lectura\" \/>\n\t<meta name=\"twitter:data1\" content=\"1 minuto\" \/>\n<script type=\"application\/ld+json\" class=\"yoast-schema-graph\">{\"@context\":\"https:\/\/schema.org\",\"@graph\":[{\"@type\":\"WebPage\",\"@id\":\"https:\/\/www.cavaangel.com\/es\/comprar-cava\/ophiusa-formentera\/\",\"url\":\"https:\/\/www.cavaangel.com\/es\/comprar-cava\/ophiusa-formentera\/\",\"name\":\"Ophiusa Formentera 2020 - Cava \u00c0ngel\",\"isPartOf\":{\"@id\":\"https:\/\/www.cavaangel.com\/es\/#website\"},\"primaryImageOfPage\":{\"@id\":\"https:\/\/www.cavaangel.com\/es\/comprar-cava\/ophiusa-formentera\/#primaryimage\"},\"image\":{\"@id\":\"https:\/\/www.cavaangel.com\/es\/comprar-cava\/ophiusa-formentera\/#primaryimage\"},\"thumbnailUrl\":\"https:\/\/www.cavaangel.com\/wp-content\/uploads\/2020\/04\/ophiusa-2018-formentera-cavaangel.jpg\",\"datePublished\":\"2020-04-25T09:00:35+00:00\",\"dateModified\":\"2023-01-18T06:42:07+00:00\",\"breadcrumb\":{\"@id\":\"https:\/\/www.cavaangel.com\/es\/comprar-cava\/ophiusa-formentera\/#breadcrumb\"},\"inLanguage\":\"es\",\"potentialAction\":[{\"@type\":\"ReadAction\",\"target\":[\"https:\/\/www.cavaangel.com\/es\/comprar-cava\/ophiusa-formentera\/\"]}]},{\"@type\":\"ImageObject\",\"inLanguage\":\"es\",\"@id\":\"https:\/\/www.cavaangel.com\/es\/comprar-cava\/ophiusa-formentera\/#primaryimage\",\"url\":\"https:\/\/www.cavaangel.com\/wp-content\/uploads\/2020\/04\/ophiusa-2018-formentera-cavaangel.jpg\",\"contentUrl\":\"https:\/\/www.cavaangel.com\/wp-content\/uploads\/2020\/04\/ophiusa-2018-formentera-cavaangel.jpg\",\"width\":600,\"height\":600},{\"@type\":\"BreadcrumbList\",\"@id\":\"https:\/\/www.cavaangel.com\/es\/comprar-cava\/ophiusa-formentera\/#breadcrumb\",\"itemListElement\":[{\"@type\":\"ListItem\",\"position\":1,\"name\":\"Portada\",\"item\":\"https:\/\/www.cavaangel.com\/es\/\"},{\"@type\":\"ListItem\",\"position\":2,\"name\":\"Tienda\",\"item\":\"https:\/\/www.cavaangel.com\/es\/tienda\/\"},{\"@type\":\"ListItem\",\"position\":3,\"name\":\"Ophiusa Formentera 2020\"}]},{\"@type\":\"WebSite\",\"@id\":\"https:\/\/www.cavaangel.com\/es\/#website\",\"url\":\"https:\/\/www.cavaangel.com\/es\/\",\"name\":\"Cava \u00c0ngel\",\"description\":\"Compra el mejor cava artesanal\",\"publisher\":{\"@id\":\"https:\/\/www.cavaangel.com\/es\/#organization\"},\"potentialAction\":[{\"@type\":\"SearchAction\",\"target\":{\"@type\":\"EntryPoint\",\"urlTemplate\":\"https:\/\/www.cavaangel.com\/es\/?s={search_term_string}\"},\"query-input\":{\"@type\":\"PropertyValueSpecification\",\"valueRequired\":true,\"valueName\":\"search_term_string\"}}],\"inLanguage\":\"es\"},{\"@type\":\"Organization\",\"@id\":\"https:\/\/www.cavaangel.com\/es\/#organization\",\"name\":\"Cava \u00c1ngel\",\"url\":\"https:\/\/www.cavaangel.com\/es\/\",\"logo\":{\"@type\":\"ImageObject\",\"inLanguage\":\"es\",\"@id\":\"https:\/\/www.cavaangel.com\/es\/#\/schema\/logo\/image\/\",\"url\":\"https:\/\/www.cavaangel.com\/wp-content\/uploads\/2015\/02\/logo_cava_angel.png\",\"contentUrl\":\"https:\/\/www.cavaangel.com\/wp-content\/uploads\/2015\/02\/logo_cava_angel.png\",\"width\":300,\"height\":156,\"caption\":\"Cava \u00c1ngel\"},\"image\":{\"@id\":\"https:\/\/www.cavaangel.com\/es\/#\/schema\/logo\/image\/\"}}]}<\/script>\n<!-- \/ Yoast SEO plugin. -->","yoast_head_json":{"title":"Ophiusa Formentera 2020 - Cava \u00c0ngel","robots":{"index":"index","follow":"follow","max-snippet":"max-snippet:-1","max-image-preview":"max-image-preview:large","max-video-preview":"max-video-preview:-1"},"canonical":"https:\/\/www.cavaangel.com\/es\/comprar-cava\/ophiusa-formentera\/","og_locale":"es_ES","og_type":"article","og_title":"Ophiusa Formentera 2020 - Cava \u00c0ngel","og_description":"Ophiusa\u00a0es un vino de la\u00a0D.O. VT Formentera. Ophiusa es un coupage de Cabernet Sauvignon,\u00a0Merlot,\u00a0Monastrell\u00a0y\u00a0Fogoneu. Para elaborar\u00a0Ophiusa\u00a0se hace una vendimia y selecci\u00f3n manual, con una fermentaci\u00f3n en dep\u00f3sitos de acero inoxidable. Cuando acaba la fermentaci\u00f3n se separan las pieles y pasa por la prensa, para mantener los aromas frutales. Ophiusa\u00a0tiene una crianza de 7 meses en [&hellip;]","og_url":"https:\/\/www.cavaangel.com\/es\/comprar-cava\/ophiusa-formentera\/","og_site_name":"Cava \u00c0ngel","article_modified_time":"2023-01-18T06:42:07+00:00","og_image":[{"width":600,"height":600,"url":"https:\/\/www.cavaangel.com\/wp-content\/uploads\/2020\/04\/ophiusa-2018-formentera-cavaangel.jpg","type":"image\/jpeg"}],"twitter_card":"summary_large_image","twitter_misc":{"Tiempo de lectura":"1 minuto"},"schema":{"@context":"https:\/\/schema.org","@graph":[{"@type":"WebPage","@id":"https:\/\/www.cavaangel.com\/es\/comprar-cava\/ophiusa-formentera\/","url":"https:\/\/www.cavaangel.com\/es\/comprar-cava\/ophiusa-formentera\/","name":"Ophiusa Formentera 2020 - Cava \u00c0ngel","isPartOf":{"@id":"https:\/\/www.cavaangel.com\/es\/#website"},"primaryImageOfPage":{"@id":"https:\/\/www.cavaangel.com\/es\/comprar-cava\/ophiusa-formentera\/#primaryimage"},"image":{"@id":"https:\/\/www.cavaangel.com\/es\/comprar-cava\/ophiusa-formentera\/#primaryimage"},"thumbnailUrl":"https:\/\/www.cavaangel.com\/wp-content\/uploads\/2020\/04\/ophiusa-2018-formentera-cavaangel.jpg","datePublished":"2020-04-25T09:00:35+00:00","dateModified":"2023-01-18T06:42:07+00:00","breadcrumb":{"@id":"https:\/\/www.cavaangel.com\/es\/comprar-cava\/ophiusa-formentera\/#breadcrumb"},"inLanguage":"es","potentialAction":[{"@type":"ReadAction","target":["https:\/\/www.cavaangel.com\/es\/comprar-cava\/ophiusa-formentera\/"]}]},{"@type":"ImageObject","inLanguage":"es","@id":"https:\/\/www.cavaangel.com\/es\/comprar-cava\/ophiusa-formentera\/#primaryimage","url":"https:\/\/www.cavaangel.com\/wp-content\/uploads\/2020\/04\/ophiusa-2018-formentera-cavaangel.jpg","contentUrl":"https:\/\/www.cavaangel.com\/wp-content\/uploads\/2020\/04\/ophiusa-2018-formentera-cavaangel.jpg","width":600,"height":600},{"@type":"BreadcrumbList","@id":"https:\/\/www.cavaangel.com\/es\/comprar-cava\/ophiusa-formentera\/#breadcrumb","itemListElement":[{"@type":"ListItem","position":1,"name":"Portada","item":"https:\/\/www.cavaangel.com\/es\/"},{"@type":"ListItem","position":2,"name":"Tienda","item":"https:\/\/www.cavaangel.com\/es\/tienda\/"},{"@type":"ListItem","position":3,"name":"Ophiusa Formentera 2020"}]},{"@type":"WebSite","@id":"https:\/\/www.cavaangel.com\/es\/#website","url":"https:\/\/www.cavaangel.com\/es\/","name":"Cava \u00c0ngel","description":"Compra el mejor cava artesanal","publisher":{"@id":"https:\/\/www.cavaangel.com\/es\/#organization"},"potentialAction":[{"@type":"SearchAction","target":{"@type":"EntryPoint","urlTemplate":"https:\/\/www.cavaangel.com\/es\/?s={search_term_string}"},"query-input":{"@type":"PropertyValueSpecification","valueRequired":true,"valueName":"search_term_string"}}],"inLanguage":"es"},{"@type":"Organization","@id":"https:\/\/www.cavaangel.com\/es\/#organization","name":"Cava \u00c1ngel","url":"https:\/\/www.cavaangel.com\/es\/","logo":{"@type":"ImageObject","inLanguage":"es","@id":"https:\/\/www.cavaangel.com\/es\/#\/schema\/logo\/image\/","url":"https:\/\/www.cavaangel.com\/wp-content\/uploads\/2015\/02\/logo_cava_angel.png","contentUrl":"https:\/\/www.cavaangel.com\/wp-content\/uploads\/2015\/02\/logo_cava_angel.png","width":300,"height":156,"caption":"Cava \u00c1ngel"},"image":{"@id":"https:\/\/www.cavaangel.com\/es\/#\/schema\/logo\/image\/"}}]}},"_links":{"self":[{"href":"https:\/\/www.cavaangel.com\/es\/wp-json\/wp\/v2\/product\/12424","targetHints":{"allow":["GET"]}}],"collection":[{"href":"https:\/\/www.cavaangel.com\/es\/wp-json\/wp\/v2\/product"}],"about":[{"href":"https:\/\/www.cavaangel.com\/es\/wp-json\/wp\/v2\/types\/product"}],"replies":[{"embeddable":true,"href":"https:\/\/www.cavaangel.com\/es\/wp-json\/wp\/v2\/comments?post=12424"}],"wp:featuredmedia":[{"embeddable":true,"href":"https:\/\/www.cavaangel.com\/es\/wp-json\/wp\/v2\/media\/12441"}],"wp:attachment":[{"href":"https:\/\/www.cavaangel.com\/es\/wp-json\/wp\/v2\/media?parent=12424"}],"wp:term":[{"taxonomy":"product_brand","embeddable":true,"href":"https:\/\/www.cavaangel.com\/es\/wp-json\/wp\/v2\/product_brand?post=12424"},{"taxonomy":"product_cat","embeddable":true,"href":"https:\/\/www.cavaangel.com\/es\/wp-json\/wp\/v2\/product_cat?post=12424"},{"taxonomy":"product_tag","embeddable":true,"href":"https:\/\/www.cavaangel.com\/es\/wp-json\/wp\/v2\/product_tag?post=12424"}],"curies":[{"name":"wp","href":"https:\/\/api.w.org\/{rel}","templated":true}]}}