{"id":12401,"date":"2022-05-09T18:46:10","date_gmt":"2022-05-09T17:46:10","guid":{"rendered":"https:\/\/www.cavaangel.com\/?post_type=product&#038;p=12401"},"modified":"2025-09-10T10:48:18","modified_gmt":"2025-09-10T09:48:18","slug":"alfa-2024","status":"publish","type":"product","link":"https:\/\/www.cavaangel.com\/es\/comprar-cava\/alfa-2024\/","title":{"rendered":"Alfa 2024"},"content":{"rendered":"<p data-start=\"135\" data-end=\"284\"><strong data-start=\"135\" data-end=\"157\">Vino tinto crianza<\/strong><br data-start=\"157\" data-end=\"160\" \/>DO Terra Alta<br data-start=\"173\" data-end=\"176\" \/>Garnacha tinta 100% procedente de la Finca La Valleta.<br data-start=\"230\" data-end=\"233\" \/>Crianza de 12 meses en barricas de roble franc\u00e9s.<\/p>\n<p data-start=\"286\" data-end=\"327\">Vino de color rub\u00ed de intensidad media.<\/p>\n<p data-start=\"329\" data-end=\"540\">Aromas de frutas negras y cassis, con notas especiadas de pimienta, an\u00eds y guindas en licor. En boca es muy amplio, con entrada intensa, paso suave y carnoso, taninos maduros y sedosos pero de largo recorrido.<\/p>\n<p data-start=\"542\" data-end=\"608\">Ideal para platos cl\u00e1sicos, solomillo, guisos y carnes al horno.<\/p>\n<p data-start=\"610\" data-end=\"690\">Sin duda, uno de esos vinos para una buena sobremesa, para pensar y compartir.<\/p>\n","protected":false},"excerpt":{"rendered":"<p>Vino tinto crianzaDO Terra AltaGarnacha tinta 100% procedente de la Finca La Valleta.Crianza de 12 meses en barricas de roble franc\u00e9s. Vino de color rub\u00ed de intensidad media. Aromas de frutas negras y cassis, con notas especiadas de pimienta, an\u00eds y guindas en licor. En boca es muy amplio, con entrada intensa, paso suave y [&hellip;]<\/p>\n","protected":false},"featured_media":13390,"comment_status":"open","ping_status":"closed","template":"","meta":[],"product_brand":[],"product_cat":[7],"product_tag":[],"class_list":{"0":"post-12401","1":"product","2":"type-product","3":"status-publish","4":"has-post-thumbnail","6":"product_cat-vino","8":"first","9":"instock","10":"taxable","11":"shipping-taxable","12":"purchasable","13":"product-type-simple"},"yoast_head":"<!-- This site is optimized with the Yoast SEO plugin v27.2 - https:\/\/yoast.com\/product\/yoast-seo-wordpress\/ -->\n<title>Alfa 2024 - Cava \u00c0ngel<\/title>\n<meta name=\"robots\" content=\"index, follow, max-snippet:-1, max-image-preview:large, max-video-preview:-1\" \/>\n<link rel=\"canonical\" href=\"https:\/\/www.cavaangel.com\/es\/comprar-cava\/alfa-2024\/\" \/>\n<meta property=\"og:locale\" content=\"es_ES\" \/>\n<meta property=\"og:type\" content=\"article\" \/>\n<meta property=\"og:title\" content=\"Alfa 2024 - Cava \u00c0ngel\" \/>\n<meta property=\"og:description\" content=\"Vino tinto crianzaDO Terra AltaGarnacha tinta 100% procedente de la Finca La Valleta.Crianza de 12 meses en barricas de roble franc\u00e9s. Vino de color rub\u00ed de intensidad media. Aromas de frutas negras y cassis, con notas especiadas de pimienta, an\u00eds y guindas en licor. En boca es muy amplio, con entrada intensa, paso suave y [&hellip;]\" \/>\n<meta property=\"og:url\" content=\"https:\/\/www.cavaangel.com\/es\/comprar-cava\/alfa-2024\/\" \/>\n<meta property=\"og:site_name\" content=\"Cava \u00c0ngel\" \/>\n<meta property=\"article:modified_time\" content=\"2025-09-10T09:48:18+00:00\" \/>\n<meta property=\"og:image\" content=\"https:\/\/www.cavaangel.com\/wp-content\/uploads\/2022\/05\/alfa2024novedad.jpg\" \/>\n\t<meta property=\"og:image:width\" content=\"600\" \/>\n\t<meta property=\"og:image:height\" content=\"600\" \/>\n\t<meta property=\"og:image:type\" content=\"image\/jpeg\" \/>\n<meta name=\"twitter:card\" content=\"summary_large_image\" \/>\n<script type=\"application\/ld+json\" class=\"yoast-schema-graph\">{\"@context\":\"https:\/\/schema.org\",\"@graph\":[{\"@type\":\"WebPage\",\"@id\":\"https:\/\/www.cavaangel.com\/es\/comprar-cava\/alfa-2024\/\",\"url\":\"https:\/\/www.cavaangel.com\/es\/comprar-cava\/alfa-2024\/\",\"name\":\"Alfa 2024 - Cava \u00c0ngel\",\"isPartOf\":{\"@id\":\"https:\/\/www.cavaangel.com\/es\/#website\"},\"primaryImageOfPage\":{\"@id\":\"https:\/\/www.cavaangel.com\/es\/comprar-cava\/alfa-2024\/#primaryimage\"},\"image\":{\"@id\":\"https:\/\/www.cavaangel.com\/es\/comprar-cava\/alfa-2024\/#primaryimage\"},\"thumbnailUrl\":\"https:\/\/www.cavaangel.com\/wp-content\/uploads\/2022\/05\/alfa2024novedad.jpg\",\"datePublished\":\"2022-05-09T17:46:10+00:00\",\"dateModified\":\"2025-09-10T09:48:18+00:00\",\"breadcrumb\":{\"@id\":\"https:\/\/www.cavaangel.com\/es\/comprar-cava\/alfa-2024\/#breadcrumb\"},\"inLanguage\":\"es\",\"potentialAction\":[{\"@type\":\"ReadAction\",\"target\":[\"https:\/\/www.cavaangel.com\/es\/comprar-cava\/alfa-2024\/\"]}]},{\"@type\":\"ImageObject\",\"inLanguage\":\"es\",\"@id\":\"https:\/\/www.cavaangel.com\/es\/comprar-cava\/alfa-2024\/#primaryimage\",\"url\":\"https:\/\/www.cavaangel.com\/wp-content\/uploads\/2022\/05\/alfa2024novedad.jpg\",\"contentUrl\":\"https:\/\/www.cavaangel.com\/wp-content\/uploads\/2022\/05\/alfa2024novedad.jpg\",\"width\":600,\"height\":600},{\"@type\":\"BreadcrumbList\",\"@id\":\"https:\/\/www.cavaangel.com\/es\/comprar-cava\/alfa-2024\/#breadcrumb\",\"itemListElement\":[{\"@type\":\"ListItem\",\"position\":1,\"name\":\"Portada\",\"item\":\"https:\/\/www.cavaangel.com\/es\/\"},{\"@type\":\"ListItem\",\"position\":2,\"name\":\"Tienda\",\"item\":\"https:\/\/www.cavaangel.com\/es\/tienda\/\"},{\"@type\":\"ListItem\",\"position\":3,\"name\":\"Alfa 2024\"}]},{\"@type\":\"WebSite\",\"@id\":\"https:\/\/www.cavaangel.com\/es\/#website\",\"url\":\"https:\/\/www.cavaangel.com\/es\/\",\"name\":\"Cava \u00c0ngel\",\"description\":\"Compra el mejor cava artesanal\",\"publisher\":{\"@id\":\"https:\/\/www.cavaangel.com\/es\/#organization\"},\"potentialAction\":[{\"@type\":\"SearchAction\",\"target\":{\"@type\":\"EntryPoint\",\"urlTemplate\":\"https:\/\/www.cavaangel.com\/es\/?s={search_term_string}\"},\"query-input\":{\"@type\":\"PropertyValueSpecification\",\"valueRequired\":true,\"valueName\":\"search_term_string\"}}],\"inLanguage\":\"es\"},{\"@type\":\"Organization\",\"@id\":\"https:\/\/www.cavaangel.com\/es\/#organization\",\"name\":\"Cava \u00c1ngel\",\"url\":\"https:\/\/www.cavaangel.com\/es\/\",\"logo\":{\"@type\":\"ImageObject\",\"inLanguage\":\"es\",\"@id\":\"https:\/\/www.cavaangel.com\/es\/#\/schema\/logo\/image\/\",\"url\":\"https:\/\/www.cavaangel.com\/wp-content\/uploads\/2015\/02\/logo_cava_angel.png\",\"contentUrl\":\"https:\/\/www.cavaangel.com\/wp-content\/uploads\/2015\/02\/logo_cava_angel.png\",\"width\":300,\"height\":156,\"caption\":\"Cava \u00c1ngel\"},\"image\":{\"@id\":\"https:\/\/www.cavaangel.com\/es\/#\/schema\/logo\/image\/\"}}]}<\/script>\n<!-- \/ Yoast SEO plugin. -->","yoast_head_json":{"title":"Alfa 2024 - Cava \u00c0ngel","robots":{"index":"index","follow":"follow","max-snippet":"max-snippet:-1","max-image-preview":"max-image-preview:large","max-video-preview":"max-video-preview:-1"},"canonical":"https:\/\/www.cavaangel.com\/es\/comprar-cava\/alfa-2024\/","og_locale":"es_ES","og_type":"article","og_title":"Alfa 2024 - Cava \u00c0ngel","og_description":"Vino tinto crianzaDO Terra AltaGarnacha tinta 100% procedente de la Finca La Valleta.Crianza de 12 meses en barricas de roble franc\u00e9s. Vino de color rub\u00ed de intensidad media. Aromas de frutas negras y cassis, con notas especiadas de pimienta, an\u00eds y guindas en licor. En boca es muy amplio, con entrada intensa, paso suave y [&hellip;]","og_url":"https:\/\/www.cavaangel.com\/es\/comprar-cava\/alfa-2024\/","og_site_name":"Cava \u00c0ngel","article_modified_time":"2025-09-10T09:48:18+00:00","og_image":[{"width":600,"height":600,"url":"https:\/\/www.cavaangel.com\/wp-content\/uploads\/2022\/05\/alfa2024novedad.jpg","type":"image\/jpeg"}],"twitter_card":"summary_large_image","schema":{"@context":"https:\/\/schema.org","@graph":[{"@type":"WebPage","@id":"https:\/\/www.cavaangel.com\/es\/comprar-cava\/alfa-2024\/","url":"https:\/\/www.cavaangel.com\/es\/comprar-cava\/alfa-2024\/","name":"Alfa 2024 - Cava \u00c0ngel","isPartOf":{"@id":"https:\/\/www.cavaangel.com\/es\/#website"},"primaryImageOfPage":{"@id":"https:\/\/www.cavaangel.com\/es\/comprar-cava\/alfa-2024\/#primaryimage"},"image":{"@id":"https:\/\/www.cavaangel.com\/es\/comprar-cava\/alfa-2024\/#primaryimage"},"thumbnailUrl":"https:\/\/www.cavaangel.com\/wp-content\/uploads\/2022\/05\/alfa2024novedad.jpg","datePublished":"2022-05-09T17:46:10+00:00","dateModified":"2025-09-10T09:48:18+00:00","breadcrumb":{"@id":"https:\/\/www.cavaangel.com\/es\/comprar-cava\/alfa-2024\/#breadcrumb"},"inLanguage":"es","potentialAction":[{"@type":"ReadAction","target":["https:\/\/www.cavaangel.com\/es\/comprar-cava\/alfa-2024\/"]}]},{"@type":"ImageObject","inLanguage":"es","@id":"https:\/\/www.cavaangel.com\/es\/comprar-cava\/alfa-2024\/#primaryimage","url":"https:\/\/www.cavaangel.com\/wp-content\/uploads\/2022\/05\/alfa2024novedad.jpg","contentUrl":"https:\/\/www.cavaangel.com\/wp-content\/uploads\/2022\/05\/alfa2024novedad.jpg","width":600,"height":600},{"@type":"BreadcrumbList","@id":"https:\/\/www.cavaangel.com\/es\/comprar-cava\/alfa-2024\/#breadcrumb","itemListElement":[{"@type":"ListItem","position":1,"name":"Portada","item":"https:\/\/www.cavaangel.com\/es\/"},{"@type":"ListItem","position":2,"name":"Tienda","item":"https:\/\/www.cavaangel.com\/es\/tienda\/"},{"@type":"ListItem","position":3,"name":"Alfa 2024"}]},{"@type":"WebSite","@id":"https:\/\/www.cavaangel.com\/es\/#website","url":"https:\/\/www.cavaangel.com\/es\/","name":"Cava \u00c0ngel","description":"Compra el mejor cava artesanal","publisher":{"@id":"https:\/\/www.cavaangel.com\/es\/#organization"},"potentialAction":[{"@type":"SearchAction","target":{"@type":"EntryPoint","urlTemplate":"https:\/\/www.cavaangel.com\/es\/?s={search_term_string}"},"query-input":{"@type":"PropertyValueSpecification","valueRequired":true,"valueName":"search_term_string"}}],"inLanguage":"es"},{"@type":"Organization","@id":"https:\/\/www.cavaangel.com\/es\/#organization","name":"Cava \u00c1ngel","url":"https:\/\/www.cavaangel.com\/es\/","logo":{"@type":"ImageObject","inLanguage":"es","@id":"https:\/\/www.cavaangel.com\/es\/#\/schema\/logo\/image\/","url":"https:\/\/www.cavaangel.com\/wp-content\/uploads\/2015\/02\/logo_cava_angel.png","contentUrl":"https:\/\/www.cavaangel.com\/wp-content\/uploads\/2015\/02\/logo_cava_angel.png","width":300,"height":156,"caption":"Cava \u00c1ngel"},"image":{"@id":"https:\/\/www.cavaangel.com\/es\/#\/schema\/logo\/image\/"}}]}},"_links":{"self":[{"href":"https:\/\/www.cavaangel.com\/es\/wp-json\/wp\/v2\/product\/12401","targetHints":{"allow":["GET"]}}],"collection":[{"href":"https:\/\/www.cavaangel.com\/es\/wp-json\/wp\/v2\/product"}],"about":[{"href":"https:\/\/www.cavaangel.com\/es\/wp-json\/wp\/v2\/types\/product"}],"replies":[{"embeddable":true,"href":"https:\/\/www.cavaangel.com\/es\/wp-json\/wp\/v2\/comments?post=12401"}],"wp:featuredmedia":[{"embeddable":true,"href":"https:\/\/www.cavaangel.com\/es\/wp-json\/wp\/v2\/media\/13390"}],"wp:attachment":[{"href":"https:\/\/www.cavaangel.com\/es\/wp-json\/wp\/v2\/media?parent=12401"}],"wp:term":[{"taxonomy":"product_brand","embeddable":true,"href":"https:\/\/www.cavaangel.com\/es\/wp-json\/wp\/v2\/product_brand?post=12401"},{"taxonomy":"product_cat","embeddable":true,"href":"https:\/\/www.cavaangel.com\/es\/wp-json\/wp\/v2\/product_cat?post=12401"},{"taxonomy":"product_tag","embeddable":true,"href":"https:\/\/www.cavaangel.com\/es\/wp-json\/wp\/v2\/product_tag?post=12401"}],"curies":[{"name":"wp","href":"https:\/\/api.w.org\/{rel}","templated":true}]}}