{"id":11827,"date":"2018-04-20T09:07:10","date_gmt":"2018-04-20T08:07:10","guid":{"rendered":"https:\/\/www.cavaangel.com\/comprar-cava\/negre\/"},"modified":"2025-08-19T17:31:16","modified_gmt":"2025-08-19T16:31:16","slug":"vino-negro","status":"publish","type":"product","link":"https:\/\/www.cavaangel.com\/es\/comprar-cava\/vino-negro\/","title":{"rendered":"\u00c0ngel Negre 2021"},"content":{"rendered":"<p><b>Tipo:<\/b>\u00a0Tinto seco<br \/>\n<b>Variedades:<\/b>\u00a0Manto Negro, Cabernet Sauvignon, Merlot<br \/>\n<b>Localizaci\u00f3n Geogr\u00e1fica:<\/b>\u00a0Vi\u00f1as de Sa Basseta (Santa Mar\u00eda Del Cam\u00ed)<br \/>\n<b>Vendimia:<\/b>\u00a0Recogida manual<br \/>\n<b>Elaboraci\u00f3n:<\/b>\u00a0Cl\u00e1sica con despalillado. Fermentaci\u00f3n en dep\u00f3sitos de acero inoxidable durante 20 d\u00edas a temperatura controlada.<br \/>\n<b>Graduaci\u00f3n:<\/b>\u00a014% Vol.<\/p>\n<h4>NOTA DE CATA<\/h4>\n<p><b>Visual:<\/b>\u00a0Color rojo cereza.<br \/>\n<b>Nariz:<\/b>\u00a0Encontramos intensos aromas a frutos rojos, toques de regaliz con fondo especiado y tostados procedentes de la madera.<br \/>\n<b>En Boca:<\/b>\u00a0Resulta equilibrado con cuerpo medio y taninos suaves y dulces, que le aportan estructura y complejidad, convirti\u00e9ndolo en un vino sedoso y f\u00e1cil de beber<br \/>\n<b>Maridaje:<\/b>\u00a0Combina muy bien con platos condimentados de la cocina mediterr\u00e1nea, pastas, arroces y carnes rojas<br \/>\n<b>Temperatura de Servicio:<\/b>\u00a014 &#8211; 16 \u00baC<\/p>\n","protected":false},"excerpt":{"rendered":"<p>Tipo:\u00a0Tinto seco Variedades:\u00a0Manto Negro, Cabernet Sauvignon, Merlot Localizaci\u00f3n Geogr\u00e1fica:\u00a0Vi\u00f1as de Sa Basseta (Santa Mar\u00eda Del Cam\u00ed) Vendimia:\u00a0Recogida manual Elaboraci\u00f3n:\u00a0Cl\u00e1sica con despalillado. Fermentaci\u00f3n en dep\u00f3sitos de acero inoxidable durante 20 d\u00edas a temperatura controlada. Graduaci\u00f3n:\u00a014% Vol. NOTA DE CATA Visual:\u00a0Color rojo cereza. Nariz:\u00a0Encontramos intensos aromas a frutos rojos, toques de regaliz con fondo especiado y tostados [&hellip;]<\/p>\n","protected":false},"featured_media":11824,"comment_status":"open","ping_status":"closed","template":"","meta":[],"product_brand":[],"product_cat":[7],"product_tag":[],"class_list":{"0":"post-11827","1":"product","2":"type-product","3":"status-publish","4":"has-post-thumbnail","6":"product_cat-vino","8":"first","9":"instock","10":"taxable","11":"shipping-taxable","12":"purchasable","13":"product-type-simple"},"yoast_head":"<!-- This site is optimized with the Yoast SEO plugin v27.2 - https:\/\/yoast.com\/product\/yoast-seo-wordpress\/ -->\n<title>Vi \u00c0ngel Negre 2021 Mantell Negre, Cabernet Sauvignon, Merlot - Cava \u00c0ngel<\/title>\n<meta name=\"description\" content=\"Vi negre de les Vinyes\u00a0de Sa Basseta (Santa\u00a0Maria\u00a0Del Cam\u00ed). Ideal per amants de la cuina mediterr\u00e0nia. Aromes a fruits vermells i regal\u00e8ssia, tocs torrats.\" \/>\n<meta name=\"robots\" content=\"index, follow, max-snippet:-1, max-image-preview:large, max-video-preview:-1\" \/>\n<link rel=\"canonical\" href=\"https:\/\/www.cavaangel.com\/es\/comprar-cava\/vino-negro\/\" \/>\n<meta property=\"og:locale\" content=\"es_ES\" \/>\n<meta property=\"og:type\" content=\"article\" \/>\n<meta property=\"og:title\" content=\"Vi \u00c0ngel Negre 2021 Mantell Negre, Cabernet Sauvignon, Merlot - Cava \u00c0ngel\" \/>\n<meta property=\"og:description\" content=\"Vi negre de les Vinyes\u00a0de Sa Basseta (Santa\u00a0Maria\u00a0Del Cam\u00ed). Ideal per amants de la cuina mediterr\u00e0nia. Aromes a fruits vermells i regal\u00e8ssia, tocs torrats.\" \/>\n<meta property=\"og:url\" content=\"https:\/\/www.cavaangel.com\/es\/comprar-cava\/vino-negro\/\" \/>\n<meta property=\"og:site_name\" content=\"Cava \u00c0ngel\" \/>\n<meta property=\"article:modified_time\" content=\"2025-08-19T16:31:16+00:00\" \/>\n<meta property=\"og:image\" content=\"https:\/\/www.cavaangel.com\/wp-content\/uploads\/2018\/04\/vi-angel-negre.jpg\" \/>\n\t<meta property=\"og:image:width\" content=\"600\" \/>\n\t<meta property=\"og:image:height\" content=\"600\" \/>\n\t<meta property=\"og:image:type\" content=\"image\/jpeg\" \/>\n<meta name=\"twitter:card\" content=\"summary_large_image\" \/>\n<meta name=\"twitter:label1\" content=\"Tiempo de lectura\" \/>\n\t<meta name=\"twitter:data1\" content=\"1 minuto\" \/>\n<script type=\"application\/ld+json\" class=\"yoast-schema-graph\">{\"@context\":\"https:\/\/schema.org\",\"@graph\":[{\"@type\":\"WebPage\",\"@id\":\"https:\/\/www.cavaangel.com\/es\/comprar-cava\/vino-negro\/\",\"url\":\"https:\/\/www.cavaangel.com\/es\/comprar-cava\/vino-negro\/\",\"name\":\"Vi \u00c0ngel Negre 2021 Mantell Negre, Cabernet Sauvignon, Merlot - Cava \u00c0ngel\",\"isPartOf\":{\"@id\":\"https:\/\/www.cavaangel.com\/es\/#website\"},\"primaryImageOfPage\":{\"@id\":\"https:\/\/www.cavaangel.com\/es\/comprar-cava\/vino-negro\/#primaryimage\"},\"image\":{\"@id\":\"https:\/\/www.cavaangel.com\/es\/comprar-cava\/vino-negro\/#primaryimage\"},\"thumbnailUrl\":\"https:\/\/www.cavaangel.com\/wp-content\/uploads\/2018\/04\/vi-angel-negre.jpg\",\"datePublished\":\"2018-04-20T08:07:10+00:00\",\"dateModified\":\"2025-08-19T16:31:16+00:00\",\"description\":\"Vi negre de les Vinyes\u00a0de Sa Basseta (Santa\u00a0Maria\u00a0Del Cam\u00ed). Ideal per amants de la cuina mediterr\u00e0nia. Aromes a fruits vermells i regal\u00e8ssia, tocs torrats.\",\"breadcrumb\":{\"@id\":\"https:\/\/www.cavaangel.com\/es\/comprar-cava\/vino-negro\/#breadcrumb\"},\"inLanguage\":\"es\",\"potentialAction\":[{\"@type\":\"ReadAction\",\"target\":[\"https:\/\/www.cavaangel.com\/es\/comprar-cava\/vino-negro\/\"]}]},{\"@type\":\"ImageObject\",\"inLanguage\":\"es\",\"@id\":\"https:\/\/www.cavaangel.com\/es\/comprar-cava\/vino-negro\/#primaryimage\",\"url\":\"https:\/\/www.cavaangel.com\/wp-content\/uploads\/2018\/04\/vi-angel-negre.jpg\",\"contentUrl\":\"https:\/\/www.cavaangel.com\/wp-content\/uploads\/2018\/04\/vi-angel-negre.jpg\",\"width\":600,\"height\":600,\"caption\":\"vi negre merlot\"},{\"@type\":\"BreadcrumbList\",\"@id\":\"https:\/\/www.cavaangel.com\/es\/comprar-cava\/vino-negro\/#breadcrumb\",\"itemListElement\":[{\"@type\":\"ListItem\",\"position\":1,\"name\":\"Portada\",\"item\":\"https:\/\/www.cavaangel.com\/es\/\"},{\"@type\":\"ListItem\",\"position\":2,\"name\":\"Tienda\",\"item\":\"https:\/\/www.cavaangel.com\/es\/tienda\/\"},{\"@type\":\"ListItem\",\"position\":3,\"name\":\"\u00c0ngel Negre 2021\"}]},{\"@type\":\"WebSite\",\"@id\":\"https:\/\/www.cavaangel.com\/es\/#website\",\"url\":\"https:\/\/www.cavaangel.com\/es\/\",\"name\":\"Cava \u00c0ngel\",\"description\":\"Compra el mejor cava artesanal\",\"publisher\":{\"@id\":\"https:\/\/www.cavaangel.com\/es\/#organization\"},\"potentialAction\":[{\"@type\":\"SearchAction\",\"target\":{\"@type\":\"EntryPoint\",\"urlTemplate\":\"https:\/\/www.cavaangel.com\/es\/?s={search_term_string}\"},\"query-input\":{\"@type\":\"PropertyValueSpecification\",\"valueRequired\":true,\"valueName\":\"search_term_string\"}}],\"inLanguage\":\"es\"},{\"@type\":\"Organization\",\"@id\":\"https:\/\/www.cavaangel.com\/es\/#organization\",\"name\":\"Cava \u00c1ngel\",\"url\":\"https:\/\/www.cavaangel.com\/es\/\",\"logo\":{\"@type\":\"ImageObject\",\"inLanguage\":\"es\",\"@id\":\"https:\/\/www.cavaangel.com\/es\/#\/schema\/logo\/image\/\",\"url\":\"https:\/\/www.cavaangel.com\/wp-content\/uploads\/2015\/02\/logo_cava_angel.png\",\"contentUrl\":\"https:\/\/www.cavaangel.com\/wp-content\/uploads\/2015\/02\/logo_cava_angel.png\",\"width\":300,\"height\":156,\"caption\":\"Cava \u00c1ngel\"},\"image\":{\"@id\":\"https:\/\/www.cavaangel.com\/es\/#\/schema\/logo\/image\/\"}}]}<\/script>\n<!-- \/ Yoast SEO plugin. -->","yoast_head_json":{"title":"Vi \u00c0ngel Negre 2021 Mantell Negre, Cabernet Sauvignon, Merlot - Cava \u00c0ngel","description":"Vi negre de les Vinyes\u00a0de Sa Basseta (Santa\u00a0Maria\u00a0Del Cam\u00ed). Ideal per amants de la cuina mediterr\u00e0nia. Aromes a fruits vermells i regal\u00e8ssia, tocs torrats.","robots":{"index":"index","follow":"follow","max-snippet":"max-snippet:-1","max-image-preview":"max-image-preview:large","max-video-preview":"max-video-preview:-1"},"canonical":"https:\/\/www.cavaangel.com\/es\/comprar-cava\/vino-negro\/","og_locale":"es_ES","og_type":"article","og_title":"Vi \u00c0ngel Negre 2021 Mantell Negre, Cabernet Sauvignon, Merlot - Cava \u00c0ngel","og_description":"Vi negre de les Vinyes\u00a0de Sa Basseta (Santa\u00a0Maria\u00a0Del Cam\u00ed). Ideal per amants de la cuina mediterr\u00e0nia. Aromes a fruits vermells i regal\u00e8ssia, tocs torrats.","og_url":"https:\/\/www.cavaangel.com\/es\/comprar-cava\/vino-negro\/","og_site_name":"Cava \u00c0ngel","article_modified_time":"2025-08-19T16:31:16+00:00","og_image":[{"width":600,"height":600,"url":"https:\/\/www.cavaangel.com\/wp-content\/uploads\/2018\/04\/vi-angel-negre.jpg","type":"image\/jpeg"}],"twitter_card":"summary_large_image","twitter_misc":{"Tiempo de lectura":"1 minuto"},"schema":{"@context":"https:\/\/schema.org","@graph":[{"@type":"WebPage","@id":"https:\/\/www.cavaangel.com\/es\/comprar-cava\/vino-negro\/","url":"https:\/\/www.cavaangel.com\/es\/comprar-cava\/vino-negro\/","name":"Vi \u00c0ngel Negre 2021 Mantell Negre, Cabernet Sauvignon, Merlot - Cava \u00c0ngel","isPartOf":{"@id":"https:\/\/www.cavaangel.com\/es\/#website"},"primaryImageOfPage":{"@id":"https:\/\/www.cavaangel.com\/es\/comprar-cava\/vino-negro\/#primaryimage"},"image":{"@id":"https:\/\/www.cavaangel.com\/es\/comprar-cava\/vino-negro\/#primaryimage"},"thumbnailUrl":"https:\/\/www.cavaangel.com\/wp-content\/uploads\/2018\/04\/vi-angel-negre.jpg","datePublished":"2018-04-20T08:07:10+00:00","dateModified":"2025-08-19T16:31:16+00:00","description":"Vi negre de les Vinyes\u00a0de Sa Basseta (Santa\u00a0Maria\u00a0Del Cam\u00ed). Ideal per amants de la cuina mediterr\u00e0nia. Aromes a fruits vermells i regal\u00e8ssia, tocs torrats.","breadcrumb":{"@id":"https:\/\/www.cavaangel.com\/es\/comprar-cava\/vino-negro\/#breadcrumb"},"inLanguage":"es","potentialAction":[{"@type":"ReadAction","target":["https:\/\/www.cavaangel.com\/es\/comprar-cava\/vino-negro\/"]}]},{"@type":"ImageObject","inLanguage":"es","@id":"https:\/\/www.cavaangel.com\/es\/comprar-cava\/vino-negro\/#primaryimage","url":"https:\/\/www.cavaangel.com\/wp-content\/uploads\/2018\/04\/vi-angel-negre.jpg","contentUrl":"https:\/\/www.cavaangel.com\/wp-content\/uploads\/2018\/04\/vi-angel-negre.jpg","width":600,"height":600,"caption":"vi negre merlot"},{"@type":"BreadcrumbList","@id":"https:\/\/www.cavaangel.com\/es\/comprar-cava\/vino-negro\/#breadcrumb","itemListElement":[{"@type":"ListItem","position":1,"name":"Portada","item":"https:\/\/www.cavaangel.com\/es\/"},{"@type":"ListItem","position":2,"name":"Tienda","item":"https:\/\/www.cavaangel.com\/es\/tienda\/"},{"@type":"ListItem","position":3,"name":"\u00c0ngel Negre 2021"}]},{"@type":"WebSite","@id":"https:\/\/www.cavaangel.com\/es\/#website","url":"https:\/\/www.cavaangel.com\/es\/","name":"Cava \u00c0ngel","description":"Compra el mejor cava artesanal","publisher":{"@id":"https:\/\/www.cavaangel.com\/es\/#organization"},"potentialAction":[{"@type":"SearchAction","target":{"@type":"EntryPoint","urlTemplate":"https:\/\/www.cavaangel.com\/es\/?s={search_term_string}"},"query-input":{"@type":"PropertyValueSpecification","valueRequired":true,"valueName":"search_term_string"}}],"inLanguage":"es"},{"@type":"Organization","@id":"https:\/\/www.cavaangel.com\/es\/#organization","name":"Cava \u00c1ngel","url":"https:\/\/www.cavaangel.com\/es\/","logo":{"@type":"ImageObject","inLanguage":"es","@id":"https:\/\/www.cavaangel.com\/es\/#\/schema\/logo\/image\/","url":"https:\/\/www.cavaangel.com\/wp-content\/uploads\/2015\/02\/logo_cava_angel.png","contentUrl":"https:\/\/www.cavaangel.com\/wp-content\/uploads\/2015\/02\/logo_cava_angel.png","width":300,"height":156,"caption":"Cava \u00c1ngel"},"image":{"@id":"https:\/\/www.cavaangel.com\/es\/#\/schema\/logo\/image\/"}}]}},"_links":{"self":[{"href":"https:\/\/www.cavaangel.com\/es\/wp-json\/wp\/v2\/product\/11827","targetHints":{"allow":["GET"]}}],"collection":[{"href":"https:\/\/www.cavaangel.com\/es\/wp-json\/wp\/v2\/product"}],"about":[{"href":"https:\/\/www.cavaangel.com\/es\/wp-json\/wp\/v2\/types\/product"}],"replies":[{"embeddable":true,"href":"https:\/\/www.cavaangel.com\/es\/wp-json\/wp\/v2\/comments?post=11827"}],"wp:featuredmedia":[{"embeddable":true,"href":"https:\/\/www.cavaangel.com\/es\/wp-json\/wp\/v2\/media\/11824"}],"wp:attachment":[{"href":"https:\/\/www.cavaangel.com\/es\/wp-json\/wp\/v2\/media?parent=11827"}],"wp:term":[{"taxonomy":"product_brand","embeddable":true,"href":"https:\/\/www.cavaangel.com\/es\/wp-json\/wp\/v2\/product_brand?post=11827"},{"taxonomy":"product_cat","embeddable":true,"href":"https:\/\/www.cavaangel.com\/es\/wp-json\/wp\/v2\/product_cat?post=11827"},{"taxonomy":"product_tag","embeddable":true,"href":"https:\/\/www.cavaangel.com\/es\/wp-json\/wp\/v2\/product_tag?post=11827"}],"curies":[{"name":"wp","href":"https:\/\/api.w.org\/{rel}","templated":true}]}}