{"id":11494,"date":"2014-12-02T09:53:20","date_gmt":"2014-12-02T08:53:20","guid":{"rendered":"http:\/\/www.cavaangel.com\/comprar-cava\/angel-cupatge-reserva-2\/"},"modified":"2023-02-20T09:03:59","modified_gmt":"2023-02-20T08:03:59","slug":"angel-cupatge-reserva","status":"publish","type":"product","link":"https:\/\/www.cavaangel.com\/es\/comprar-cava\/angel-cupatge-reserva\/","title":{"rendered":"\u00c0ngel Cupatge Reserva"},"content":{"rendered":"<h4 class=\"p1\">CARACTER\u00cdSTICAS DEL CAVA<\/h4>\n<p class=\"p2\">Cava de artesan\u00eda familiar, elaborado con el m\u00e9todo tradicional y removido manualmente.<\/p>\n<p class=\"p2\">Permanece durante meses en nuestras cavas antes de ser degollado.<\/p>\n<p class=\"p2\">Elaborado con las variedades de Chardonnay (50%), Macabeo, Xarelo y Parellada.<\/p>\n<p class=\"p2\">Nuestro cava es 100% natural, no lleva ning\u00fan licor de expedici\u00f3n ni azucar a\u00f1adido.<\/p>\n<p class=\"p2\">El \u00c0ngel Cupatge Reserva es el cava perfecto para:<\/p>\n<ul class=\"ul1\">\n<li class=\"li4\"><b>Una cena con unos buenos amigos<\/b><\/li>\n<li class=\"li4\"><b>Beberlo mientras miras el cielo en una playa perdida<\/b><\/li>\n<li class=\"li4\"><b>Para disfrutar de un buen marisco en un barco<\/b><\/li>\n<\/ul>\n<h4 class=\"p1\">NOTA DE CATA CAVA \u00c0NGEL CUPATGE RESERVA<\/h4>\n<p class=\"p2\">A la vista es limpio y brillante, fino rosario con buena corona.<\/p>\n<p class=\"p2\">Agradable en nariz y limpio de intensidad media, destacando los aromas frutales, manzana ligeramente madura o al horno.<\/p>\n<p class=\"p2\">Toques de panader\u00eda, boller\u00eda de crema, nariz compleja y elegante.<\/p>\n<p class=\"p2\">El boca es un cava fresco equilibrado con una densidad media, el carb\u00f3nico bien integrado una burbuja fina,<\/p>\n<p class=\"p2\">frutal con ligeras notas de flor blanca y una acidez bien integrada.<\/p>\n<p class=\"p2\">Es un cava muy fino y elegante, tendr\u00e1 una buena madurez. Con buen maridaje en aperitivos y una buena manera<\/p>\n<p class=\"p2\">de empezar una comida, un buen jam\u00f3n, platos con foie nos vendr\u00e1n genial para compensar la grasa del foie y dar\u00e1 frescor.<\/p>\n<p class=\"p2\">Tambi\u00e9n con pescados y mariscos poco cocinados a la plancha.<\/p>\n<p class=\"p2\">Temperatura de servicio de 6 a 8\u00ba C. Botella de 75cl, 11,5 %.<\/p>\n<h4 class=\"p1\">PREMIOS Y DISTINCIONES<\/h4>\n<p class=\"p2\">\u00a0Cava \u00c0ngel Cupatge Reserva<\/p>\n<p class=\"p2\"><strong>91 puntos en la Gu\u00eda Pe\u00f1in 2022.<\/strong><\/p>\n<p class=\"p2\"><strong>Medalla de\u00a0oro<\/strong>\u00a02018 Catavinum World Wine &amp; Spirits Competition<\/p>\n<p class=\"p2\"><strong>Medalla de\u00a0oro<\/strong>\u00a02016 Catavinum World Wine &amp; Spirits Competition<\/p>\n<p class=\"p2\"><strong><span class=\"s1\">\u00a0<\/span>Medalla de plata <\/strong>en el International Wine Contest CINVE&#8217;14.<\/p>\n<p class=\"p6\"><strong>\u00a0Medalla de plata <\/strong>en el International Wine Contest CINVE&#8217;11.<\/p>\n<p class=\"p6\"><strong>\u00a0Medalla de plata <\/strong>en International Wine Contest CINVE&#8217;09.<\/p>\n<p class=\"p2\"><strong>84 puntos <\/strong>en el Concurso Internacional Mundus Vini de Alemania 2011.<\/p>\n","protected":false},"excerpt":{"rendered":"<p class=\"p1\">Elegante cava artesanal elaborado con Chardonnay, Macabeu, Xarelo y Parellada.<\/p>\n","protected":false},"featured_media":12984,"comment_status":"open","ping_status":"closed","template":"","meta":[],"product_brand":[],"product_cat":[6],"product_tag":[],"class_list":{"0":"post-11494","1":"product","2":"type-product","3":"status-publish","4":"has-post-thumbnail","6":"product_cat-cava","8":"first","9":"instock","10":"taxable","11":"shipping-taxable","12":"purchasable","13":"product-type-simple"},"yoast_head":"<!-- This site is optimized with the Yoast SEO plugin v27.2 - https:\/\/yoast.com\/product\/yoast-seo-wordpress\/ -->\n<title>\u00c0ngel Cupatge Reserva DO.Catalunya - Cava \u00c0ngel<\/title>\n<meta name=\"description\" content=\"\u00c0ngel Cupatge Reserva DO.Catalunya ha estat elaborat amb el m\u00e8tode tradicional i remogut manualment. Chardonnay (50%), Macabeu, Xarel.lo i Parellada.\" \/>\n<meta name=\"robots\" content=\"index, follow, max-snippet:-1, max-image-preview:large, max-video-preview:-1\" \/>\n<link rel=\"canonical\" href=\"https:\/\/www.cavaangel.com\/es\/comprar-cava\/angel-cupatge-reserva\/\" \/>\n<meta property=\"og:locale\" content=\"es_ES\" \/>\n<meta property=\"og:type\" content=\"article\" \/>\n<meta property=\"og:title\" content=\"\u00c0ngel Cupatge Reserva DO.Catalunya - Cava \u00c0ngel\" \/>\n<meta property=\"og:description\" content=\"\u00c0ngel Cupatge Reserva DO.Catalunya ha estat elaborat amb el m\u00e8tode tradicional i remogut manualment. Chardonnay (50%), Macabeu, Xarel.lo i Parellada.\" \/>\n<meta property=\"og:url\" content=\"https:\/\/www.cavaangel.com\/es\/comprar-cava\/angel-cupatge-reserva\/\" \/>\n<meta property=\"og:site_name\" content=\"Cava \u00c0ngel\" \/>\n<meta property=\"article:modified_time\" content=\"2023-02-20T08:03:59+00:00\" \/>\n<meta property=\"og:image\" content=\"https:\/\/www.cavaangel.com\/wp-content\/uploads\/2014\/12\/cava-angel-cupatge-2022-cast.jpg\" \/>\n\t<meta property=\"og:image:width\" content=\"600\" \/>\n\t<meta property=\"og:image:height\" content=\"600\" \/>\n\t<meta property=\"og:image:type\" content=\"image\/jpeg\" \/>\n<meta name=\"twitter:card\" content=\"summary_large_image\" \/>\n<meta name=\"twitter:label1\" content=\"Tiempo de lectura\" \/>\n\t<meta name=\"twitter:data1\" content=\"2 minutos\" \/>\n<script type=\"application\/ld+json\" class=\"yoast-schema-graph\">{\"@context\":\"https:\/\/schema.org\",\"@graph\":[{\"@type\":\"WebPage\",\"@id\":\"https:\/\/www.cavaangel.com\/es\/comprar-cava\/angel-cupatge-reserva\/\",\"url\":\"https:\/\/www.cavaangel.com\/es\/comprar-cava\/angel-cupatge-reserva\/\",\"name\":\"\u00c0ngel Cupatge Reserva DO.Catalunya - Cava \u00c0ngel\",\"isPartOf\":{\"@id\":\"https:\/\/www.cavaangel.com\/es\/#website\"},\"primaryImageOfPage\":{\"@id\":\"https:\/\/www.cavaangel.com\/es\/comprar-cava\/angel-cupatge-reserva\/#primaryimage\"},\"image\":{\"@id\":\"https:\/\/www.cavaangel.com\/es\/comprar-cava\/angel-cupatge-reserva\/#primaryimage\"},\"thumbnailUrl\":\"https:\/\/www.cavaangel.com\/wp-content\/uploads\/2014\/12\/cava-angel-cupatge-2022-cat.jpg\",\"datePublished\":\"2014-12-02T08:53:20+00:00\",\"dateModified\":\"2023-02-20T08:03:59+00:00\",\"description\":\"\u00c0ngel Cupatge Reserva DO.Catalunya ha estat elaborat amb el m\u00e8tode tradicional i remogut manualment. Chardonnay (50%), Macabeu, Xarel.lo i Parellada.\",\"breadcrumb\":{\"@id\":\"https:\/\/www.cavaangel.com\/es\/comprar-cava\/angel-cupatge-reserva\/#breadcrumb\"},\"inLanguage\":\"es\",\"potentialAction\":[{\"@type\":\"ReadAction\",\"target\":[\"https:\/\/www.cavaangel.com\/es\/comprar-cava\/angel-cupatge-reserva\/\"]}]},{\"@type\":\"ImageObject\",\"inLanguage\":\"es\",\"@id\":\"https:\/\/www.cavaangel.com\/es\/comprar-cava\/angel-cupatge-reserva\/#primaryimage\",\"url\":\"https:\/\/www.cavaangel.com\/wp-content\/uploads\/2014\/12\/cava-angel-cupatge-2022-cat.jpg\",\"contentUrl\":\"https:\/\/www.cavaangel.com\/wp-content\/uploads\/2014\/12\/cava-angel-cupatge-2022-cat.jpg\",\"width\":600,\"height\":600},{\"@type\":\"BreadcrumbList\",\"@id\":\"https:\/\/www.cavaangel.com\/es\/comprar-cava\/angel-cupatge-reserva\/#breadcrumb\",\"itemListElement\":[{\"@type\":\"ListItem\",\"position\":1,\"name\":\"Portada\",\"item\":\"https:\/\/www.cavaangel.com\/es\/\"},{\"@type\":\"ListItem\",\"position\":2,\"name\":\"Tienda\",\"item\":\"https:\/\/www.cavaangel.com\/es\/tienda\/\"},{\"@type\":\"ListItem\",\"position\":3,\"name\":\"\u00c0ngel Cupatge Reserva\"}]},{\"@type\":\"WebSite\",\"@id\":\"https:\/\/www.cavaangel.com\/es\/#website\",\"url\":\"https:\/\/www.cavaangel.com\/es\/\",\"name\":\"Cava \u00c0ngel\",\"description\":\"Compra el mejor cava artesanal\",\"publisher\":{\"@id\":\"https:\/\/www.cavaangel.com\/es\/#organization\"},\"potentialAction\":[{\"@type\":\"SearchAction\",\"target\":{\"@type\":\"EntryPoint\",\"urlTemplate\":\"https:\/\/www.cavaangel.com\/es\/?s={search_term_string}\"},\"query-input\":{\"@type\":\"PropertyValueSpecification\",\"valueRequired\":true,\"valueName\":\"search_term_string\"}}],\"inLanguage\":\"es\"},{\"@type\":\"Organization\",\"@id\":\"https:\/\/www.cavaangel.com\/es\/#organization\",\"name\":\"Cava \u00c1ngel\",\"url\":\"https:\/\/www.cavaangel.com\/es\/\",\"logo\":{\"@type\":\"ImageObject\",\"inLanguage\":\"es\",\"@id\":\"https:\/\/www.cavaangel.com\/es\/#\/schema\/logo\/image\/\",\"url\":\"https:\/\/www.cavaangel.com\/wp-content\/uploads\/2015\/02\/logo_cava_angel.png\",\"contentUrl\":\"https:\/\/www.cavaangel.com\/wp-content\/uploads\/2015\/02\/logo_cava_angel.png\",\"width\":300,\"height\":156,\"caption\":\"Cava \u00c1ngel\"},\"image\":{\"@id\":\"https:\/\/www.cavaangel.com\/es\/#\/schema\/logo\/image\/\"}}]}<\/script>\n<!-- \/ Yoast SEO plugin. -->","yoast_head_json":{"title":"\u00c0ngel Cupatge Reserva DO.Catalunya - Cava \u00c0ngel","description":"\u00c0ngel Cupatge Reserva DO.Catalunya ha estat elaborat amb el m\u00e8tode tradicional i remogut manualment. Chardonnay (50%), Macabeu, Xarel.lo i Parellada.","robots":{"index":"index","follow":"follow","max-snippet":"max-snippet:-1","max-image-preview":"max-image-preview:large","max-video-preview":"max-video-preview:-1"},"canonical":"https:\/\/www.cavaangel.com\/es\/comprar-cava\/angel-cupatge-reserva\/","og_locale":"es_ES","og_type":"article","og_title":"\u00c0ngel Cupatge Reserva DO.Catalunya - Cava \u00c0ngel","og_description":"\u00c0ngel Cupatge Reserva DO.Catalunya ha estat elaborat amb el m\u00e8tode tradicional i remogut manualment. Chardonnay (50%), Macabeu, Xarel.lo i Parellada.","og_url":"https:\/\/www.cavaangel.com\/es\/comprar-cava\/angel-cupatge-reserva\/","og_site_name":"Cava \u00c0ngel","article_modified_time":"2023-02-20T08:03:59+00:00","og_image":[{"width":600,"height":600,"url":"https:\/\/www.cavaangel.com\/wp-content\/uploads\/2014\/12\/cava-angel-cupatge-2022-cast.jpg","type":"image\/jpeg"}],"twitter_card":"summary_large_image","twitter_misc":{"Tiempo de lectura":"2 minutos"},"schema":{"@context":"https:\/\/schema.org","@graph":[{"@type":"WebPage","@id":"https:\/\/www.cavaangel.com\/es\/comprar-cava\/angel-cupatge-reserva\/","url":"https:\/\/www.cavaangel.com\/es\/comprar-cava\/angel-cupatge-reserva\/","name":"\u00c0ngel Cupatge Reserva DO.Catalunya - Cava \u00c0ngel","isPartOf":{"@id":"https:\/\/www.cavaangel.com\/es\/#website"},"primaryImageOfPage":{"@id":"https:\/\/www.cavaangel.com\/es\/comprar-cava\/angel-cupatge-reserva\/#primaryimage"},"image":{"@id":"https:\/\/www.cavaangel.com\/es\/comprar-cava\/angel-cupatge-reserva\/#primaryimage"},"thumbnailUrl":"https:\/\/www.cavaangel.com\/wp-content\/uploads\/2014\/12\/cava-angel-cupatge-2022-cat.jpg","datePublished":"2014-12-02T08:53:20+00:00","dateModified":"2023-02-20T08:03:59+00:00","description":"\u00c0ngel Cupatge Reserva DO.Catalunya ha estat elaborat amb el m\u00e8tode tradicional i remogut manualment. Chardonnay (50%), Macabeu, Xarel.lo i Parellada.","breadcrumb":{"@id":"https:\/\/www.cavaangel.com\/es\/comprar-cava\/angel-cupatge-reserva\/#breadcrumb"},"inLanguage":"es","potentialAction":[{"@type":"ReadAction","target":["https:\/\/www.cavaangel.com\/es\/comprar-cava\/angel-cupatge-reserva\/"]}]},{"@type":"ImageObject","inLanguage":"es","@id":"https:\/\/www.cavaangel.com\/es\/comprar-cava\/angel-cupatge-reserva\/#primaryimage","url":"https:\/\/www.cavaangel.com\/wp-content\/uploads\/2014\/12\/cava-angel-cupatge-2022-cat.jpg","contentUrl":"https:\/\/www.cavaangel.com\/wp-content\/uploads\/2014\/12\/cava-angel-cupatge-2022-cat.jpg","width":600,"height":600},{"@type":"BreadcrumbList","@id":"https:\/\/www.cavaangel.com\/es\/comprar-cava\/angel-cupatge-reserva\/#breadcrumb","itemListElement":[{"@type":"ListItem","position":1,"name":"Portada","item":"https:\/\/www.cavaangel.com\/es\/"},{"@type":"ListItem","position":2,"name":"Tienda","item":"https:\/\/www.cavaangel.com\/es\/tienda\/"},{"@type":"ListItem","position":3,"name":"\u00c0ngel Cupatge Reserva"}]},{"@type":"WebSite","@id":"https:\/\/www.cavaangel.com\/es\/#website","url":"https:\/\/www.cavaangel.com\/es\/","name":"Cava \u00c0ngel","description":"Compra el mejor cava artesanal","publisher":{"@id":"https:\/\/www.cavaangel.com\/es\/#organization"},"potentialAction":[{"@type":"SearchAction","target":{"@type":"EntryPoint","urlTemplate":"https:\/\/www.cavaangel.com\/es\/?s={search_term_string}"},"query-input":{"@type":"PropertyValueSpecification","valueRequired":true,"valueName":"search_term_string"}}],"inLanguage":"es"},{"@type":"Organization","@id":"https:\/\/www.cavaangel.com\/es\/#organization","name":"Cava \u00c1ngel","url":"https:\/\/www.cavaangel.com\/es\/","logo":{"@type":"ImageObject","inLanguage":"es","@id":"https:\/\/www.cavaangel.com\/es\/#\/schema\/logo\/image\/","url":"https:\/\/www.cavaangel.com\/wp-content\/uploads\/2015\/02\/logo_cava_angel.png","contentUrl":"https:\/\/www.cavaangel.com\/wp-content\/uploads\/2015\/02\/logo_cava_angel.png","width":300,"height":156,"caption":"Cava \u00c1ngel"},"image":{"@id":"https:\/\/www.cavaangel.com\/es\/#\/schema\/logo\/image\/"}}]}},"_links":{"self":[{"href":"https:\/\/www.cavaangel.com\/es\/wp-json\/wp\/v2\/product\/11494","targetHints":{"allow":["GET"]}}],"collection":[{"href":"https:\/\/www.cavaangel.com\/es\/wp-json\/wp\/v2\/product"}],"about":[{"href":"https:\/\/www.cavaangel.com\/es\/wp-json\/wp\/v2\/types\/product"}],"replies":[{"embeddable":true,"href":"https:\/\/www.cavaangel.com\/es\/wp-json\/wp\/v2\/comments?post=11494"}],"wp:featuredmedia":[{"embeddable":true,"href":"https:\/\/www.cavaangel.com\/es\/wp-json\/wp\/v2\/media\/12984"}],"wp:attachment":[{"href":"https:\/\/www.cavaangel.com\/es\/wp-json\/wp\/v2\/media?parent=11494"}],"wp:term":[{"taxonomy":"product_brand","embeddable":true,"href":"https:\/\/www.cavaangel.com\/es\/wp-json\/wp\/v2\/product_brand?post=11494"},{"taxonomy":"product_cat","embeddable":true,"href":"https:\/\/www.cavaangel.com\/es\/wp-json\/wp\/v2\/product_cat?post=11494"},{"taxonomy":"product_tag","embeddable":true,"href":"https:\/\/www.cavaangel.com\/es\/wp-json\/wp\/v2\/product_tag?post=11494"}],"curies":[{"name":"wp","href":"https:\/\/api.w.org\/{rel}","templated":true}]}}