{"id":11489,"date":"2014-12-02T10:06:46","date_gmt":"2014-12-02T09:06:46","guid":{"rendered":"http:\/\/www.cavaangel.com\/comprar-cava\/angel-noir-rosat-2\/"},"modified":"2023-02-20T08:53:14","modified_gmt":"2023-02-20T07:53:14","slug":"angel-noir-rosat","status":"publish","type":"product","link":"https:\/\/www.cavaangel.com\/es\/comprar-cava\/angel-noir-rosat\/","title":{"rendered":"\u00c0ngel Noir Rosat"},"content":{"rendered":"<h4 class=\"p1\">CARACTER\u00cdSTICAS DEL CAVA<\/h4>\n<p class=\"p2\">Este sorprendente cava rosado ha sido creado siguiendo el m\u00e9todo tradicional y ha sido removido manualmente.<\/p>\n<p class=\"p2\">Ha reposado durante meses en nuestras cavas antes de ser degollado.<\/p>\n<p class=\"p2\">Elaborado a partir de las variedades de Pinot Noir Garnacha y Trepat.<\/p>\n<p class=\"p2\">Nuestro cava es 100% natural, no lleva ning\u00fan licor de expedici\u00f3n ni az\u00facar a\u00f1adido.<\/p>\n<p class=\"p2\">El \u00c0ngel Noir Rosado es el cava perfecto para:<\/p>\n<ul class=\"ul1\">\n<li class=\"li4\"><b>Para recordarle que la quieres<\/b><\/li>\n<li class=\"li4\"><b>Para acompa\u00f1ar unas fresas en un picnic<\/b><\/li>\n<li class=\"li4\"><b>Para beberlo juntos ante la chimenea<\/b><\/li>\n<\/ul>\n<h4 class=\"p1\">NOTA DE \u00a0CATA CAVA \u00c0NGEL NOIR ROSAT<\/h4>\n<p class=\"p2\">En vista tiene un color rojo cereza de intensidad media, limpio y brillante, carb\u00f3nico fino, con buena corona.<\/p>\n<p class=\"p2\">Intensidad media en nariz, agradable y maduro, frutal (fresas maduras, golosinas) y ligeras notas l\u00e1cteas.<\/p>\n<p class=\"p2\">Buena entrada en boca, agradable. Densidad media, redondo y equilibrado.<\/p>\n<p class=\"p2\">Sabroso, con frutos rojos, el carb\u00f3nico es fino y elegante, muy bien integrado.<\/p>\n<p class=\"p2\">Este cava rosado nos puede aguantar toda una comida desde aperitivos a los segundos, tiene potencia y estructura,<\/p>\n<p class=\"p2\">ideal para un bacalao con escalivada o sobrasada o un tartar de salm\u00f3n y carnes con salsas de queso,<\/p>\n<p class=\"p2\">alcachofas a la brasa, pez emperador, cerdo con ciruelas y como postre con fresones con chocolate negro.<\/p>\n<p class=\"p2\">Temperatura de servicio de 6 a 8\u00ba C. Botella de de 75cl, 11,5 %.<\/p>\n<h4 class=\"p1\">PREMIOS Y DISTINCIONES<\/h4>\n<p class=\"p2\">\u00a0Cava \u00c0ngel Noir Rosat<\/p>\n<p class=\"p2\"><b>85 puntos en la Gu\u00eda Pe\u00f1in 2022<\/b>.<\/p>\n<p class=\"p2\"><strong>Medalla de plata<\/strong> 2018 Catavinum World Wine &amp; Spirits Competition<\/p>\n<p class=\"p2\"><strong>Medalla de plata<\/strong>\u00a02016 Catavinum World Wine &amp; Spirits Competition<\/p>\n","protected":false},"excerpt":{"rendered":"<p class=\"p1\">Sorprendente cava artesanal elaborado con Pinot Noir, Garnacha y Trepat.<\/p>\n","protected":false},"featured_media":12982,"comment_status":"open","ping_status":"closed","template":"","meta":[],"product_brand":[],"product_cat":[6],"product_tag":[],"class_list":{"0":"post-11489","1":"product","2":"type-product","3":"status-publish","4":"has-post-thumbnail","6":"product_cat-cava","8":"first","9":"instock","10":"taxable","11":"shipping-taxable","12":"purchasable","13":"product-type-simple"},"yoast_head":"<!-- This site is optimized with the Yoast SEO plugin v27.2 - https:\/\/yoast.com\/product\/yoast-seo-wordpress\/ -->\n<title>\u00c0ngel Noir Rosat perfecte per regalar - Cava \u00c0ngel<\/title>\n<meta name=\"description\" content=\"\u00c0ngel Noir Rosat \u00e9s el cava perfecte per regalar. 100% natural, sense cap licor d\u00b4expedici\u00f3 ni sucre afegit. Varietats de Pinot Noir, Garnatxa i Trepat.\" \/>\n<meta name=\"robots\" content=\"index, follow, max-snippet:-1, max-image-preview:large, max-video-preview:-1\" \/>\n<link rel=\"canonical\" href=\"https:\/\/www.cavaangel.com\/es\/comprar-cava\/angel-noir-rosat\/\" \/>\n<meta property=\"og:locale\" content=\"es_ES\" \/>\n<meta property=\"og:type\" content=\"article\" \/>\n<meta property=\"og:title\" content=\"\u00c0ngel Noir Rosat perfecte per regalar - Cava \u00c0ngel\" \/>\n<meta property=\"og:description\" content=\"\u00c0ngel Noir Rosat \u00e9s el cava perfecte per regalar. 100% natural, sense cap licor d\u00b4expedici\u00f3 ni sucre afegit. Varietats de Pinot Noir, Garnatxa i Trepat.\" \/>\n<meta property=\"og:url\" content=\"https:\/\/www.cavaangel.com\/es\/comprar-cava\/angel-noir-rosat\/\" \/>\n<meta property=\"og:site_name\" content=\"Cava \u00c0ngel\" \/>\n<meta property=\"article:modified_time\" content=\"2023-02-20T07:53:14+00:00\" \/>\n<meta property=\"og:image\" content=\"https:\/\/www.cavaangel.com\/wp-content\/uploads\/2014\/12\/cava-angel-rosat-2022.jpg\" \/>\n\t<meta property=\"og:image:width\" content=\"600\" \/>\n\t<meta property=\"og:image:height\" content=\"600\" \/>\n\t<meta property=\"og:image:type\" content=\"image\/jpeg\" \/>\n<meta name=\"twitter:card\" content=\"summary_large_image\" \/>\n<meta name=\"twitter:label1\" content=\"Tiempo de lectura\" \/>\n\t<meta name=\"twitter:data1\" content=\"2 minutos\" \/>\n<script type=\"application\/ld+json\" class=\"yoast-schema-graph\">{\"@context\":\"https:\/\/schema.org\",\"@graph\":[{\"@type\":\"WebPage\",\"@id\":\"https:\/\/www.cavaangel.com\/es\/comprar-cava\/angel-noir-rosat\/\",\"url\":\"https:\/\/www.cavaangel.com\/es\/comprar-cava\/angel-noir-rosat\/\",\"name\":\"\u00c0ngel Noir Rosat perfecte per regalar - Cava \u00c0ngel\",\"isPartOf\":{\"@id\":\"https:\/\/www.cavaangel.com\/es\/#website\"},\"primaryImageOfPage\":{\"@id\":\"https:\/\/www.cavaangel.com\/es\/comprar-cava\/angel-noir-rosat\/#primaryimage\"},\"image\":{\"@id\":\"https:\/\/www.cavaangel.com\/es\/comprar-cava\/angel-noir-rosat\/#primaryimage\"},\"thumbnailUrl\":\"https:\/\/www.cavaangel.com\/wp-content\/uploads\/2014\/12\/cava-angel-rosat-2022.jpg\",\"datePublished\":\"2014-12-02T09:06:46+00:00\",\"dateModified\":\"2023-02-20T07:53:14+00:00\",\"description\":\"\u00c0ngel Noir Rosat \u00e9s el cava perfecte per regalar. 100% natural, sense cap licor d\u00b4expedici\u00f3 ni sucre afegit. Varietats de Pinot Noir, Garnatxa i Trepat.\",\"breadcrumb\":{\"@id\":\"https:\/\/www.cavaangel.com\/es\/comprar-cava\/angel-noir-rosat\/#breadcrumb\"},\"inLanguage\":\"es\",\"potentialAction\":[{\"@type\":\"ReadAction\",\"target\":[\"https:\/\/www.cavaangel.com\/es\/comprar-cava\/angel-noir-rosat\/\"]}]},{\"@type\":\"ImageObject\",\"inLanguage\":\"es\",\"@id\":\"https:\/\/www.cavaangel.com\/es\/comprar-cava\/angel-noir-rosat\/#primaryimage\",\"url\":\"https:\/\/www.cavaangel.com\/wp-content\/uploads\/2014\/12\/cava-angel-rosat-2022.jpg\",\"contentUrl\":\"https:\/\/www.cavaangel.com\/wp-content\/uploads\/2014\/12\/cava-angel-rosat-2022.jpg\",\"width\":600,\"height\":600},{\"@type\":\"BreadcrumbList\",\"@id\":\"https:\/\/www.cavaangel.com\/es\/comprar-cava\/angel-noir-rosat\/#breadcrumb\",\"itemListElement\":[{\"@type\":\"ListItem\",\"position\":1,\"name\":\"Portada\",\"item\":\"https:\/\/www.cavaangel.com\/es\/\"},{\"@type\":\"ListItem\",\"position\":2,\"name\":\"Tienda\",\"item\":\"https:\/\/www.cavaangel.com\/es\/tienda\/\"},{\"@type\":\"ListItem\",\"position\":3,\"name\":\"\u00c0ngel Noir Rosat\"}]},{\"@type\":\"WebSite\",\"@id\":\"https:\/\/www.cavaangel.com\/es\/#website\",\"url\":\"https:\/\/www.cavaangel.com\/es\/\",\"name\":\"Cava \u00c0ngel\",\"description\":\"Compra el mejor cava artesanal\",\"publisher\":{\"@id\":\"https:\/\/www.cavaangel.com\/es\/#organization\"},\"potentialAction\":[{\"@type\":\"SearchAction\",\"target\":{\"@type\":\"EntryPoint\",\"urlTemplate\":\"https:\/\/www.cavaangel.com\/es\/?s={search_term_string}\"},\"query-input\":{\"@type\":\"PropertyValueSpecification\",\"valueRequired\":true,\"valueName\":\"search_term_string\"}}],\"inLanguage\":\"es\"},{\"@type\":\"Organization\",\"@id\":\"https:\/\/www.cavaangel.com\/es\/#organization\",\"name\":\"Cava \u00c1ngel\",\"url\":\"https:\/\/www.cavaangel.com\/es\/\",\"logo\":{\"@type\":\"ImageObject\",\"inLanguage\":\"es\",\"@id\":\"https:\/\/www.cavaangel.com\/es\/#\/schema\/logo\/image\/\",\"url\":\"https:\/\/www.cavaangel.com\/wp-content\/uploads\/2015\/02\/logo_cava_angel.png\",\"contentUrl\":\"https:\/\/www.cavaangel.com\/wp-content\/uploads\/2015\/02\/logo_cava_angel.png\",\"width\":300,\"height\":156,\"caption\":\"Cava \u00c1ngel\"},\"image\":{\"@id\":\"https:\/\/www.cavaangel.com\/es\/#\/schema\/logo\/image\/\"}}]}<\/script>\n<!-- \/ Yoast SEO plugin. -->","yoast_head_json":{"title":"\u00c0ngel Noir Rosat perfecte per regalar - Cava \u00c0ngel","description":"\u00c0ngel Noir Rosat \u00e9s el cava perfecte per regalar. 100% natural, sense cap licor d\u00b4expedici\u00f3 ni sucre afegit. Varietats de Pinot Noir, Garnatxa i Trepat.","robots":{"index":"index","follow":"follow","max-snippet":"max-snippet:-1","max-image-preview":"max-image-preview:large","max-video-preview":"max-video-preview:-1"},"canonical":"https:\/\/www.cavaangel.com\/es\/comprar-cava\/angel-noir-rosat\/","og_locale":"es_ES","og_type":"article","og_title":"\u00c0ngel Noir Rosat perfecte per regalar - Cava \u00c0ngel","og_description":"\u00c0ngel Noir Rosat \u00e9s el cava perfecte per regalar. 100% natural, sense cap licor d\u00b4expedici\u00f3 ni sucre afegit. Varietats de Pinot Noir, Garnatxa i Trepat.","og_url":"https:\/\/www.cavaangel.com\/es\/comprar-cava\/angel-noir-rosat\/","og_site_name":"Cava \u00c0ngel","article_modified_time":"2023-02-20T07:53:14+00:00","og_image":[{"width":600,"height":600,"url":"https:\/\/www.cavaangel.com\/wp-content\/uploads\/2014\/12\/cava-angel-rosat-2022.jpg","type":"image\/jpeg"}],"twitter_card":"summary_large_image","twitter_misc":{"Tiempo de lectura":"2 minutos"},"schema":{"@context":"https:\/\/schema.org","@graph":[{"@type":"WebPage","@id":"https:\/\/www.cavaangel.com\/es\/comprar-cava\/angel-noir-rosat\/","url":"https:\/\/www.cavaangel.com\/es\/comprar-cava\/angel-noir-rosat\/","name":"\u00c0ngel Noir Rosat perfecte per regalar - Cava \u00c0ngel","isPartOf":{"@id":"https:\/\/www.cavaangel.com\/es\/#website"},"primaryImageOfPage":{"@id":"https:\/\/www.cavaangel.com\/es\/comprar-cava\/angel-noir-rosat\/#primaryimage"},"image":{"@id":"https:\/\/www.cavaangel.com\/es\/comprar-cava\/angel-noir-rosat\/#primaryimage"},"thumbnailUrl":"https:\/\/www.cavaangel.com\/wp-content\/uploads\/2014\/12\/cava-angel-rosat-2022.jpg","datePublished":"2014-12-02T09:06:46+00:00","dateModified":"2023-02-20T07:53:14+00:00","description":"\u00c0ngel Noir Rosat \u00e9s el cava perfecte per regalar. 100% natural, sense cap licor d\u00b4expedici\u00f3 ni sucre afegit. Varietats de Pinot Noir, Garnatxa i Trepat.","breadcrumb":{"@id":"https:\/\/www.cavaangel.com\/es\/comprar-cava\/angel-noir-rosat\/#breadcrumb"},"inLanguage":"es","potentialAction":[{"@type":"ReadAction","target":["https:\/\/www.cavaangel.com\/es\/comprar-cava\/angel-noir-rosat\/"]}]},{"@type":"ImageObject","inLanguage":"es","@id":"https:\/\/www.cavaangel.com\/es\/comprar-cava\/angel-noir-rosat\/#primaryimage","url":"https:\/\/www.cavaangel.com\/wp-content\/uploads\/2014\/12\/cava-angel-rosat-2022.jpg","contentUrl":"https:\/\/www.cavaangel.com\/wp-content\/uploads\/2014\/12\/cava-angel-rosat-2022.jpg","width":600,"height":600},{"@type":"BreadcrumbList","@id":"https:\/\/www.cavaangel.com\/es\/comprar-cava\/angel-noir-rosat\/#breadcrumb","itemListElement":[{"@type":"ListItem","position":1,"name":"Portada","item":"https:\/\/www.cavaangel.com\/es\/"},{"@type":"ListItem","position":2,"name":"Tienda","item":"https:\/\/www.cavaangel.com\/es\/tienda\/"},{"@type":"ListItem","position":3,"name":"\u00c0ngel Noir Rosat"}]},{"@type":"WebSite","@id":"https:\/\/www.cavaangel.com\/es\/#website","url":"https:\/\/www.cavaangel.com\/es\/","name":"Cava \u00c0ngel","description":"Compra el mejor cava artesanal","publisher":{"@id":"https:\/\/www.cavaangel.com\/es\/#organization"},"potentialAction":[{"@type":"SearchAction","target":{"@type":"EntryPoint","urlTemplate":"https:\/\/www.cavaangel.com\/es\/?s={search_term_string}"},"query-input":{"@type":"PropertyValueSpecification","valueRequired":true,"valueName":"search_term_string"}}],"inLanguage":"es"},{"@type":"Organization","@id":"https:\/\/www.cavaangel.com\/es\/#organization","name":"Cava \u00c1ngel","url":"https:\/\/www.cavaangel.com\/es\/","logo":{"@type":"ImageObject","inLanguage":"es","@id":"https:\/\/www.cavaangel.com\/es\/#\/schema\/logo\/image\/","url":"https:\/\/www.cavaangel.com\/wp-content\/uploads\/2015\/02\/logo_cava_angel.png","contentUrl":"https:\/\/www.cavaangel.com\/wp-content\/uploads\/2015\/02\/logo_cava_angel.png","width":300,"height":156,"caption":"Cava \u00c1ngel"},"image":{"@id":"https:\/\/www.cavaangel.com\/es\/#\/schema\/logo\/image\/"}}]}},"_links":{"self":[{"href":"https:\/\/www.cavaangel.com\/es\/wp-json\/wp\/v2\/product\/11489","targetHints":{"allow":["GET"]}}],"collection":[{"href":"https:\/\/www.cavaangel.com\/es\/wp-json\/wp\/v2\/product"}],"about":[{"href":"https:\/\/www.cavaangel.com\/es\/wp-json\/wp\/v2\/types\/product"}],"replies":[{"embeddable":true,"href":"https:\/\/www.cavaangel.com\/es\/wp-json\/wp\/v2\/comments?post=11489"}],"wp:featuredmedia":[{"embeddable":true,"href":"https:\/\/www.cavaangel.com\/es\/wp-json\/wp\/v2\/media\/12982"}],"wp:attachment":[{"href":"https:\/\/www.cavaangel.com\/es\/wp-json\/wp\/v2\/media?parent=11489"}],"wp:term":[{"taxonomy":"product_brand","embeddable":true,"href":"https:\/\/www.cavaangel.com\/es\/wp-json\/wp\/v2\/product_brand?post=11489"},{"taxonomy":"product_cat","embeddable":true,"href":"https:\/\/www.cavaangel.com\/es\/wp-json\/wp\/v2\/product_cat?post=11489"},{"taxonomy":"product_tag","embeddable":true,"href":"https:\/\/www.cavaangel.com\/es\/wp-json\/wp\/v2\/product_tag?post=11489"}],"curies":[{"name":"wp","href":"https:\/\/api.w.org\/{rel}","templated":true}]}}