{"id":10225,"date":"2014-12-02T10:58:17","date_gmt":"2014-12-02T09:58:17","guid":{"rendered":"http:\/\/www.cavaangel.com\/comprar-cava\/gran-seleccio-2\/"},"modified":"2025-08-19T17:35:35","modified_gmt":"2025-08-19T16:35:35","slug":"gran-seleccio","status":"publish","type":"product","link":"https:\/\/www.cavaangel.com\/es\/comprar-cava\/gran-seleccio\/","title":{"rendered":"Gran Selecci\u00f3 2019"},"content":{"rendered":"<h4>CARACTER\u00cdSTICAS<\/h4>\n<p>Vino tinto con crianza. Variedades: 60% cabernet sauvignon, 16% merlot, 15% callet y 9% manto negro.<br \/>\nLocalizaci\u00f3n Geogr\u00e1fica: Vi\u00f1as de Sa Basseta (Santa Mar\u00eda del Cam\u00ed, Mallorca). Vendimia: Recogida manual.<\/p>\n<p>Elaboraci\u00f3n: Maceraci\u00f3n y fermentaci\u00f3n en dep\u00f3sitos de acero inoxidable a temperatura controlada durante 20 d\u00edas. Con remontados y bazuqueos diarios. Crianza en barricas de 300 litros, 95% roble franc\u00e9s y 5% roble americano durante 12 meses. Graduaci\u00f3n de 14,5% Vol.<\/p>\n<h4>NOTAS DE CATA<\/h4>\n<p>Rojo rub\u00ed con ribetes granates. Es limpio de capa alta. Aromas a frutas del bosque maduras como las grosellas, frambuesas y zarzamoras. Ligeras notas especiadas y mentoladas que dan paso a matices tostados, ahumados y crema de toffee procedentes del roble.<br \/>\nRedondo y aterciopelado, tiene un gran cuerpo. En boca dominan las notas afrutadas de ciruela y especias. El final es largo y seco.<\/p>\n<h4>PREMIOS Y DISTINCIONES<\/h4>\n<p><strong>Vino \u00c1ngel Gran Selecci\u00f3, ganador del Bacchus Oro 2012.<\/strong><\/p>\n","protected":false},"excerpt":{"rendered":"<p class=\"p1\">Tinto mallorqu\u00edn con crianza. Cabernet, merlot, callet y manto negro.<\/p>\n","protected":false},"featured_media":11738,"comment_status":"open","ping_status":"closed","template":"","meta":[],"product_brand":[],"product_cat":[7],"product_tag":[],"class_list":{"0":"post-10225","1":"product","2":"type-product","3":"status-publish","4":"has-post-thumbnail","6":"product_cat-vino","8":"first","9":"instock","10":"taxable","11":"shipping-taxable","12":"purchasable","13":"product-type-simple"},"yoast_head":"<!-- This site is optimized with the Yoast SEO plugin v27.2 - https:\/\/yoast.com\/product\/yoast-seo-wordpress\/ -->\n<title>Gran Selecci\u00f3 2019 Vi Negre amb Crian\u00e7a - Cava \u00c0ngel<\/title>\n<meta name=\"description\" content=\"Gran selecci\u00f3 Vi negre amb Crian\u00e7a mallorqu\u00ed. Crian\u00e7a en barriques de roble per obtenir notes torrades, fumats i crema de toffee. Gran cos amb final llarg.\" \/>\n<meta name=\"robots\" content=\"index, follow, max-snippet:-1, max-image-preview:large, max-video-preview:-1\" \/>\n<link rel=\"canonical\" href=\"https:\/\/www.cavaangel.com\/es\/comprar-cava\/gran-seleccio\/\" \/>\n<meta property=\"og:locale\" content=\"es_ES\" \/>\n<meta property=\"og:type\" content=\"article\" \/>\n<meta property=\"og:title\" content=\"Gran Selecci\u00f3 2019 Vi Negre amb Crian\u00e7a - Cava \u00c0ngel\" \/>\n<meta property=\"og:description\" content=\"Gran selecci\u00f3 Vi negre amb Crian\u00e7a mallorqu\u00ed. Crian\u00e7a en barriques de roble per obtenir notes torrades, fumats i crema de toffee. Gran cos amb final llarg.\" \/>\n<meta property=\"og:url\" content=\"https:\/\/www.cavaangel.com\/es\/comprar-cava\/gran-seleccio\/\" \/>\n<meta property=\"og:site_name\" content=\"Cava \u00c0ngel\" \/>\n<meta property=\"article:modified_time\" content=\"2025-08-19T16:35:35+00:00\" \/>\n<meta property=\"og:image\" content=\"https:\/\/www.cavaangel.com\/wp-content\/uploads\/2014\/12\/angel-gran-seleccio.jpg\" \/>\n\t<meta property=\"og:image:width\" content=\"600\" \/>\n\t<meta property=\"og:image:height\" content=\"600\" \/>\n\t<meta property=\"og:image:type\" content=\"image\/jpeg\" \/>\n<meta name=\"twitter:card\" content=\"summary_large_image\" \/>\n<meta name=\"twitter:label1\" content=\"Tiempo de lectura\" \/>\n\t<meta name=\"twitter:data1\" content=\"1 minuto\" \/>\n<script type=\"application\/ld+json\" class=\"yoast-schema-graph\">{\"@context\":\"https:\/\/schema.org\",\"@graph\":[{\"@type\":\"WebPage\",\"@id\":\"https:\/\/www.cavaangel.com\/es\/comprar-cava\/gran-seleccio\/\",\"url\":\"https:\/\/www.cavaangel.com\/es\/comprar-cava\/gran-seleccio\/\",\"name\":\"Gran Selecci\u00f3 2019 Vi Negre amb Crian\u00e7a - Cava \u00c0ngel\",\"isPartOf\":{\"@id\":\"https:\/\/www.cavaangel.com\/es\/#website\"},\"primaryImageOfPage\":{\"@id\":\"https:\/\/www.cavaangel.com\/es\/comprar-cava\/gran-seleccio\/#primaryimage\"},\"image\":{\"@id\":\"https:\/\/www.cavaangel.com\/es\/comprar-cava\/gran-seleccio\/#primaryimage\"},\"thumbnailUrl\":\"https:\/\/www.cavaangel.com\/wp-content\/uploads\/2014\/12\/angel-gran-seleccio.jpg\",\"datePublished\":\"2014-12-02T09:58:17+00:00\",\"dateModified\":\"2025-08-19T16:35:35+00:00\",\"description\":\"Gran selecci\u00f3 Vi negre amb Crian\u00e7a mallorqu\u00ed. Crian\u00e7a en barriques de roble per obtenir notes torrades, fumats i crema de toffee. Gran cos amb final llarg.\",\"breadcrumb\":{\"@id\":\"https:\/\/www.cavaangel.com\/es\/comprar-cava\/gran-seleccio\/#breadcrumb\"},\"inLanguage\":\"es\",\"potentialAction\":[{\"@type\":\"ReadAction\",\"target\":[\"https:\/\/www.cavaangel.com\/es\/comprar-cava\/gran-seleccio\/\"]}]},{\"@type\":\"ImageObject\",\"inLanguage\":\"es\",\"@id\":\"https:\/\/www.cavaangel.com\/es\/comprar-cava\/gran-seleccio\/#primaryimage\",\"url\":\"https:\/\/www.cavaangel.com\/wp-content\/uploads\/2014\/12\/angel-gran-seleccio.jpg\",\"contentUrl\":\"https:\/\/www.cavaangel.com\/wp-content\/uploads\/2014\/12\/angel-gran-seleccio.jpg\",\"width\":600,\"height\":600,\"caption\":\"comprar vi negre bo\"},{\"@type\":\"BreadcrumbList\",\"@id\":\"https:\/\/www.cavaangel.com\/es\/comprar-cava\/gran-seleccio\/#breadcrumb\",\"itemListElement\":[{\"@type\":\"ListItem\",\"position\":1,\"name\":\"Portada\",\"item\":\"https:\/\/www.cavaangel.com\/es\/\"},{\"@type\":\"ListItem\",\"position\":2,\"name\":\"Tienda\",\"item\":\"https:\/\/www.cavaangel.com\/es\/tienda\/\"},{\"@type\":\"ListItem\",\"position\":3,\"name\":\"Gran Selecci\u00f3 2019\"}]},{\"@type\":\"WebSite\",\"@id\":\"https:\/\/www.cavaangel.com\/es\/#website\",\"url\":\"https:\/\/www.cavaangel.com\/es\/\",\"name\":\"Cava \u00c0ngel\",\"description\":\"Compra el mejor cava artesanal\",\"publisher\":{\"@id\":\"https:\/\/www.cavaangel.com\/es\/#organization\"},\"potentialAction\":[{\"@type\":\"SearchAction\",\"target\":{\"@type\":\"EntryPoint\",\"urlTemplate\":\"https:\/\/www.cavaangel.com\/es\/?s={search_term_string}\"},\"query-input\":{\"@type\":\"PropertyValueSpecification\",\"valueRequired\":true,\"valueName\":\"search_term_string\"}}],\"inLanguage\":\"es\"},{\"@type\":\"Organization\",\"@id\":\"https:\/\/www.cavaangel.com\/es\/#organization\",\"name\":\"Cava \u00c1ngel\",\"url\":\"https:\/\/www.cavaangel.com\/es\/\",\"logo\":{\"@type\":\"ImageObject\",\"inLanguage\":\"es\",\"@id\":\"https:\/\/www.cavaangel.com\/es\/#\/schema\/logo\/image\/\",\"url\":\"https:\/\/www.cavaangel.com\/wp-content\/uploads\/2015\/02\/logo_cava_angel.png\",\"contentUrl\":\"https:\/\/www.cavaangel.com\/wp-content\/uploads\/2015\/02\/logo_cava_angel.png\",\"width\":300,\"height\":156,\"caption\":\"Cava \u00c1ngel\"},\"image\":{\"@id\":\"https:\/\/www.cavaangel.com\/es\/#\/schema\/logo\/image\/\"}}]}<\/script>\n<!-- \/ Yoast SEO plugin. -->","yoast_head_json":{"title":"Gran Selecci\u00f3 2019 Vi Negre amb Crian\u00e7a - Cava \u00c0ngel","description":"Gran selecci\u00f3 Vi negre amb Crian\u00e7a mallorqu\u00ed. Crian\u00e7a en barriques de roble per obtenir notes torrades, fumats i crema de toffee. Gran cos amb final llarg.","robots":{"index":"index","follow":"follow","max-snippet":"max-snippet:-1","max-image-preview":"max-image-preview:large","max-video-preview":"max-video-preview:-1"},"canonical":"https:\/\/www.cavaangel.com\/es\/comprar-cava\/gran-seleccio\/","og_locale":"es_ES","og_type":"article","og_title":"Gran Selecci\u00f3 2019 Vi Negre amb Crian\u00e7a - Cava \u00c0ngel","og_description":"Gran selecci\u00f3 Vi negre amb Crian\u00e7a mallorqu\u00ed. Crian\u00e7a en barriques de roble per obtenir notes torrades, fumats i crema de toffee. Gran cos amb final llarg.","og_url":"https:\/\/www.cavaangel.com\/es\/comprar-cava\/gran-seleccio\/","og_site_name":"Cava \u00c0ngel","article_modified_time":"2025-08-19T16:35:35+00:00","og_image":[{"width":600,"height":600,"url":"https:\/\/www.cavaangel.com\/wp-content\/uploads\/2014\/12\/angel-gran-seleccio.jpg","type":"image\/jpeg"}],"twitter_card":"summary_large_image","twitter_misc":{"Tiempo de lectura":"1 minuto"},"schema":{"@context":"https:\/\/schema.org","@graph":[{"@type":"WebPage","@id":"https:\/\/www.cavaangel.com\/es\/comprar-cava\/gran-seleccio\/","url":"https:\/\/www.cavaangel.com\/es\/comprar-cava\/gran-seleccio\/","name":"Gran Selecci\u00f3 2019 Vi Negre amb Crian\u00e7a - Cava \u00c0ngel","isPartOf":{"@id":"https:\/\/www.cavaangel.com\/es\/#website"},"primaryImageOfPage":{"@id":"https:\/\/www.cavaangel.com\/es\/comprar-cava\/gran-seleccio\/#primaryimage"},"image":{"@id":"https:\/\/www.cavaangel.com\/es\/comprar-cava\/gran-seleccio\/#primaryimage"},"thumbnailUrl":"https:\/\/www.cavaangel.com\/wp-content\/uploads\/2014\/12\/angel-gran-seleccio.jpg","datePublished":"2014-12-02T09:58:17+00:00","dateModified":"2025-08-19T16:35:35+00:00","description":"Gran selecci\u00f3 Vi negre amb Crian\u00e7a mallorqu\u00ed. Crian\u00e7a en barriques de roble per obtenir notes torrades, fumats i crema de toffee. Gran cos amb final llarg.","breadcrumb":{"@id":"https:\/\/www.cavaangel.com\/es\/comprar-cava\/gran-seleccio\/#breadcrumb"},"inLanguage":"es","potentialAction":[{"@type":"ReadAction","target":["https:\/\/www.cavaangel.com\/es\/comprar-cava\/gran-seleccio\/"]}]},{"@type":"ImageObject","inLanguage":"es","@id":"https:\/\/www.cavaangel.com\/es\/comprar-cava\/gran-seleccio\/#primaryimage","url":"https:\/\/www.cavaangel.com\/wp-content\/uploads\/2014\/12\/angel-gran-seleccio.jpg","contentUrl":"https:\/\/www.cavaangel.com\/wp-content\/uploads\/2014\/12\/angel-gran-seleccio.jpg","width":600,"height":600,"caption":"comprar vi negre bo"},{"@type":"BreadcrumbList","@id":"https:\/\/www.cavaangel.com\/es\/comprar-cava\/gran-seleccio\/#breadcrumb","itemListElement":[{"@type":"ListItem","position":1,"name":"Portada","item":"https:\/\/www.cavaangel.com\/es\/"},{"@type":"ListItem","position":2,"name":"Tienda","item":"https:\/\/www.cavaangel.com\/es\/tienda\/"},{"@type":"ListItem","position":3,"name":"Gran Selecci\u00f3 2019"}]},{"@type":"WebSite","@id":"https:\/\/www.cavaangel.com\/es\/#website","url":"https:\/\/www.cavaangel.com\/es\/","name":"Cava \u00c0ngel","description":"Compra el mejor cava artesanal","publisher":{"@id":"https:\/\/www.cavaangel.com\/es\/#organization"},"potentialAction":[{"@type":"SearchAction","target":{"@type":"EntryPoint","urlTemplate":"https:\/\/www.cavaangel.com\/es\/?s={search_term_string}"},"query-input":{"@type":"PropertyValueSpecification","valueRequired":true,"valueName":"search_term_string"}}],"inLanguage":"es"},{"@type":"Organization","@id":"https:\/\/www.cavaangel.com\/es\/#organization","name":"Cava \u00c1ngel","url":"https:\/\/www.cavaangel.com\/es\/","logo":{"@type":"ImageObject","inLanguage":"es","@id":"https:\/\/www.cavaangel.com\/es\/#\/schema\/logo\/image\/","url":"https:\/\/www.cavaangel.com\/wp-content\/uploads\/2015\/02\/logo_cava_angel.png","contentUrl":"https:\/\/www.cavaangel.com\/wp-content\/uploads\/2015\/02\/logo_cava_angel.png","width":300,"height":156,"caption":"Cava \u00c1ngel"},"image":{"@id":"https:\/\/www.cavaangel.com\/es\/#\/schema\/logo\/image\/"}}]}},"_links":{"self":[{"href":"https:\/\/www.cavaangel.com\/es\/wp-json\/wp\/v2\/product\/10225","targetHints":{"allow":["GET"]}}],"collection":[{"href":"https:\/\/www.cavaangel.com\/es\/wp-json\/wp\/v2\/product"}],"about":[{"href":"https:\/\/www.cavaangel.com\/es\/wp-json\/wp\/v2\/types\/product"}],"replies":[{"embeddable":true,"href":"https:\/\/www.cavaangel.com\/es\/wp-json\/wp\/v2\/comments?post=10225"}],"wp:featuredmedia":[{"embeddable":true,"href":"https:\/\/www.cavaangel.com\/es\/wp-json\/wp\/v2\/media\/11738"}],"wp:attachment":[{"href":"https:\/\/www.cavaangel.com\/es\/wp-json\/wp\/v2\/media?parent=10225"}],"wp:term":[{"taxonomy":"product_brand","embeddable":true,"href":"https:\/\/www.cavaangel.com\/es\/wp-json\/wp\/v2\/product_brand?post=10225"},{"taxonomy":"product_cat","embeddable":true,"href":"https:\/\/www.cavaangel.com\/es\/wp-json\/wp\/v2\/product_cat?post=10225"},{"taxonomy":"product_tag","embeddable":true,"href":"https:\/\/www.cavaangel.com\/es\/wp-json\/wp\/v2\/product_tag?post=10225"}],"curies":[{"name":"wp","href":"https:\/\/api.w.org\/{rel}","templated":true}]}}