{"id":91,"date":"2014-12-02T11:40:55","date_gmt":"2014-12-02T10:40:55","guid":{"rendered":"http:\/\/www.cavaangel.com\/?page_id=91"},"modified":"2025-02-18T10:40:17","modified_gmt":"2025-02-18T09:40:17","slug":"nuestros-cursos","status":"publish","type":"page","link":"https:\/\/www.cavaangel.com\/es\/nuestros-cursos\/","title":{"rendered":"Curso de introducci\u00f3n a la Cata de Vinos y Cavas"},"content":{"rendered":"<div id='av-layout-grid-1'  class='av-layout-grid-container av-58t7r-09b593f8ae3149d25f41e03648d163d2 entry-content-wrapper main_color av-flex-cells  avia-builder-el-0  avia-builder-el-no-sibling   container_wrap fullsize'  >\n\n<style type=\"text\/css\" data-created_by=\"avia_inline_auto\" id=\"style-css-av-4px9z-a0e4299c268615d6cea605d4e0111a05\">\n.flex_cell.av-4px9z-a0e4299c268615d6cea605d4e0111a05{\nvertical-align:top;\n}\n.responsive #top #wrap_all .flex_cell.av-4px9z-a0e4299c268615d6cea605d4e0111a05{\npadding:60px 30px 30px 50px !important;\n}\n<\/style>\n<div class='flex_cell av-4px9z-a0e4299c268615d6cea605d4e0111a05 av-gridrow-cell av_one_fourth no_margin  avia-builder-el-1  el_before_av_cell_one_half  avia-builder-el-first ' ><div class='flex_cell_inner'>\n<style type=\"text\/css\" data-created_by=\"avia_inline_auto\" id=\"style-css-av-3qgi3-4fbe925465b06fd41b3524dfe52dc089\">\n.avia-image-container.av-3qgi3-4fbe925465b06fd41b3524dfe52dc089 img.avia_image{\nbox-shadow:none;\n}\n.avia-image-container.av-3qgi3-4fbe925465b06fd41b3524dfe52dc089 .av-image-caption-overlay-center{\ncolor:#ffffff;\n}\n<\/style>\n<div  class='avia-image-container av-3qgi3-4fbe925465b06fd41b3524dfe52dc089 av-styling- avia-align-center  avia-builder-el-2  avia-builder-el-no-sibling '   itemprop=\"image\" itemscope=\"itemscope\" itemtype=\"https:\/\/schema.org\/ImageObject\" ><div class=\"avia-image-container-inner\"><div class=\"avia-image-overlay-wrap\"><img decoding=\"async\" class='wp-image-92 avia-img-lazy-loading-not-92 avia_image ' src=\"https:\/\/www.cavaangel.com\/wp-content\/uploads\/2014\/12\/curs-angel-cava.jpg\" alt='' title='curs-angel-cava'  height=\"327\" width=\"502\"  itemprop=\"thumbnailUrl\" srcset=\"https:\/\/www.cavaangel.com\/wp-content\/uploads\/2014\/12\/curs-angel-cava.jpg 502w, https:\/\/www.cavaangel.com\/wp-content\/uploads\/2014\/12\/curs-angel-cava-300x195.jpg 300w, https:\/\/www.cavaangel.com\/wp-content\/uploads\/2014\/12\/curs-angel-cava-450x293.jpg 450w\" sizes=\"(max-width: 502px) 100vw, 502px\" \/><\/div><\/div><\/div>\n<\/div><\/div>\n<style type=\"text\/css\" data-created_by=\"avia_inline_auto\" id=\"style-css-av-37ax3-b5650706cca2922d153e2a50fab24b8e\">\n.flex_cell.av-37ax3-b5650706cca2922d153e2a50fab24b8e{\nvertical-align:top;\n}\n.responsive #top #wrap_all .flex_cell.av-37ax3-b5650706cca2922d153e2a50fab24b8e{\npadding:30px 70px 30px 30px !important;\n}\n<\/style>\n<div class='flex_cell av-37ax3-b5650706cca2922d153e2a50fab24b8e av-gridrow-cell av_one_half no_margin  avia-builder-el-3  el_after_av_cell_one_fourth  el_before_av_cell_one_fourth ' ><div class='flex_cell_inner'><p>\n<style type=\"text\/css\" data-created_by=\"avia_inline_auto\" id=\"style-css-av-2u9xr-7dd429d907237c340b97d4303f7f2e7c\">\n#top .av-special-heading.av-2u9xr-7dd429d907237c340b97d4303f7f2e7c{\npadding-bottom:10px;\n}\nbody .av-special-heading.av-2u9xr-7dd429d907237c340b97d4303f7f2e7c .av-special-heading-tag .heading-char{\nfont-size:25px;\n}\n.av-special-heading.av-2u9xr-7dd429d907237c340b97d4303f7f2e7c .av-subheading{\nfont-size:15px;\n}\n<\/style>\n<div  class='av-special-heading av-2u9xr-7dd429d907237c340b97d4303f7f2e7c av-special-heading-h3  avia-builder-el-4  el_before_av_hr  avia-builder-el-first '><h3 class='av-special-heading-tag'  itemprop=\"headline\"  >Curso de introducci\u00f3n a la Cata de Vinos y Cavas<\/h3><div class=\"special-heading-border\"><div class=\"special-heading-inner-border\"><\/div><\/div><\/div><br \/>\n\n<style type=\"text\/css\" data-created_by=\"avia_inline_auto\" id=\"style-css-av-1vdor-6fef92a77a192c16a763ae82b5247f33\">\n#top .hr.hr-invisible.av-1vdor-6fef92a77a192c16a763ae82b5247f33{\nheight:30px;\n}\n<\/style>\n<div  class='hr av-1vdor-6fef92a77a192c16a763ae82b5247f33 hr-invisible  avia-builder-el-5  el_after_av_heading  el_before_av_textblock '><span class='hr-inner '><span class=\"hr-inner-style\"><\/span><\/span><\/div><br \/>\n<section  class='av_textblock_section av-1e9bv-7437f5b90d3dfaa39ee5b4234969f13a'  itemscope=\"itemscope\" itemtype=\"https:\/\/schema.org\/CreativeWork\" ><div class='avia_textblock'  itemprop=\"text\" ><p class=\"p1\">En nuestra voluntad est\u00e1 que seas capaz de escoger el vino apropiado para cada ocasi\u00f3n, demostrar que lo m\u00e1s caro no es siempre lo mejor o por lo menos, lo m\u00e1s adecuado. Pretendemos con ello demostrar que no es cierta la idea de que este es un mundo elitista.<\/p>\n<p class=\"p2\">Nuestro Curso de introducci\u00f3n a la Cata de Vinos y Cavas pretende acercarte a la \u00abcultura\u00bb del vino, con los conocimientos que adquirir\u00e1s ser\u00e1s capaz de discernir que es lo que m\u00e1s te conviene en cada momento.<\/p>\n<p class=\"p2\"><b>Nuevo curso de sesi\u00f3n \u00fanica de 3 horas (Horario a convenir).<br \/>\n35 euros por persona<\/b><\/p>\n<p>El curso est\u00e1 dirigido por nuestros en\u00f3logos y someliers:<\/p>\n<ul>\n<li><strong>Sesi\u00f3n \u00fanica de 3 horas.<\/strong><\/li>\n<li><strong><span class=\"s1\">Grupos de entre 10 y 16 personas.<\/span><\/strong><\/li>\n<li><strong>Cata de vinos.<\/strong><\/li>\n<li><strong>Cata de cavas.<\/strong><\/li>\n<li><strong>Protocolo de mesa con los vinos.<\/strong><\/li>\n<\/ul>\n<p>Para m\u00e1s informaci\u00f3n, Telf. 673 836 177 (de 08h a 14h) y <a href=\"mailto:botiga@cavaangel.com\">botiga@cavaangel.com<\/a><\/p>\n<p><b><\/b><span class=\"s1\"><br \/>\n<\/span><\/p>\n<\/div><\/section><\/p>\n<\/div><\/div>\n<style type=\"text\/css\" data-created_by=\"avia_inline_auto\" id=\"style-css-av-16egj-261b8dcb516b331149d043a616eae949\">\n.flex_cell.av-16egj-261b8dcb516b331149d043a616eae949{\nvertical-align:top;\n}\n.responsive #top #wrap_all .flex_cell.av-16egj-261b8dcb516b331149d043a616eae949{\npadding:30px 30px 30px 30px !important;\n}\n<\/style>\n<div class='flex_cell av-16egj-261b8dcb516b331149d043a616eae949 av-gridrow-cell av_one_fourth no_margin  avia-builder-el-7  el_after_av_cell_one_half  avia-builder-el-last ' ><div class='flex_cell_inner'><\/div><\/div><\/div>\n","protected":false},"excerpt":{"rendered":"","protected":false},"author":1,"featured_media":0,"parent":0,"menu_order":0,"comment_status":"open","ping_status":"open","template":"","meta":{"footnotes":""},"class_list":["post-91","page","type-page","status-publish","hentry"],"yoast_head":"<!-- This site is optimized with the Yoast SEO plugin v27.2 - https:\/\/yoast.com\/product\/yoast-seo-wordpress\/ -->\n<title>Curso de introducci\u00f3n a la Cata de Vinos y Cavas - Cava \u00c0ngel<\/title>\n<meta name=\"robots\" content=\"index, follow, max-snippet:-1, max-image-preview:large, max-video-preview:-1\" \/>\n<link rel=\"canonical\" href=\"https:\/\/www.cavaangel.com\/es\/nuestros-cursos\/\" \/>\n<meta property=\"og:locale\" content=\"es_ES\" \/>\n<meta property=\"og:type\" content=\"article\" \/>\n<meta property=\"og:title\" content=\"Curso de introducci\u00f3n a la Cata de Vinos y Cavas - Cava \u00c0ngel\" \/>\n<meta property=\"og:url\" content=\"https:\/\/www.cavaangel.com\/es\/nuestros-cursos\/\" \/>\n<meta property=\"og:site_name\" content=\"Cava \u00c0ngel\" \/>\n<meta property=\"article:modified_time\" content=\"2025-02-18T09:40:17+00:00\" \/>\n<meta name=\"twitter:card\" content=\"summary_large_image\" \/>\n<meta name=\"twitter:label1\" content=\"Tiempo de lectura\" \/>\n\t<meta name=\"twitter:data1\" content=\"2 minutos\" \/>\n<script type=\"application\/ld+json\" class=\"yoast-schema-graph\">{\"@context\":\"https:\/\/schema.org\",\"@graph\":[{\"@type\":\"WebPage\",\"@id\":\"https:\/\/www.cavaangel.com\/es\/nuestros-cursos\/\",\"url\":\"https:\/\/www.cavaangel.com\/es\/nuestros-cursos\/\",\"name\":\"Curso de introducci\u00f3n a la Cata de Vinos y Cavas - Cava \u00c0ngel\",\"isPartOf\":{\"@id\":\"https:\/\/www.cavaangel.com\/es\/#website\"},\"datePublished\":\"2014-12-02T10:40:55+00:00\",\"dateModified\":\"2025-02-18T09:40:17+00:00\",\"breadcrumb\":{\"@id\":\"https:\/\/www.cavaangel.com\/es\/nuestros-cursos\/#breadcrumb\"},\"inLanguage\":\"es\",\"potentialAction\":[{\"@type\":\"ReadAction\",\"target\":[\"https:\/\/www.cavaangel.com\/es\/nuestros-cursos\/\"]}]},{\"@type\":\"BreadcrumbList\",\"@id\":\"https:\/\/www.cavaangel.com\/es\/nuestros-cursos\/#breadcrumb\",\"itemListElement\":[{\"@type\":\"ListItem\",\"position\":1,\"name\":\"Portada\",\"item\":\"https:\/\/www.cavaangel.com\/es\/\"},{\"@type\":\"ListItem\",\"position\":2,\"name\":\"Curso de introducci\u00f3n a la Cata de Vinos y Cavas\"}]},{\"@type\":\"WebSite\",\"@id\":\"https:\/\/www.cavaangel.com\/es\/#website\",\"url\":\"https:\/\/www.cavaangel.com\/es\/\",\"name\":\"Cava \u00c0ngel\",\"description\":\"Compra el mejor cava artesanal\",\"publisher\":{\"@id\":\"https:\/\/www.cavaangel.com\/es\/#organization\"},\"potentialAction\":[{\"@type\":\"SearchAction\",\"target\":{\"@type\":\"EntryPoint\",\"urlTemplate\":\"https:\/\/www.cavaangel.com\/es\/?s={search_term_string}\"},\"query-input\":{\"@type\":\"PropertyValueSpecification\",\"valueRequired\":true,\"valueName\":\"search_term_string\"}}],\"inLanguage\":\"es\"},{\"@type\":\"Organization\",\"@id\":\"https:\/\/www.cavaangel.com\/es\/#organization\",\"name\":\"Cava \u00c1ngel\",\"url\":\"https:\/\/www.cavaangel.com\/es\/\",\"logo\":{\"@type\":\"ImageObject\",\"inLanguage\":\"es\",\"@id\":\"https:\/\/www.cavaangel.com\/es\/#\/schema\/logo\/image\/\",\"url\":\"https:\/\/www.cavaangel.com\/wp-content\/uploads\/2015\/02\/logo_cava_angel.png\",\"contentUrl\":\"https:\/\/www.cavaangel.com\/wp-content\/uploads\/2015\/02\/logo_cava_angel.png\",\"width\":300,\"height\":156,\"caption\":\"Cava \u00c1ngel\"},\"image\":{\"@id\":\"https:\/\/www.cavaangel.com\/es\/#\/schema\/logo\/image\/\"}}]}<\/script>\n<!-- \/ Yoast SEO plugin. -->","yoast_head_json":{"title":"Curso de introducci\u00f3n a la Cata de Vinos y Cavas - Cava \u00c0ngel","robots":{"index":"index","follow":"follow","max-snippet":"max-snippet:-1","max-image-preview":"max-image-preview:large","max-video-preview":"max-video-preview:-1"},"canonical":"https:\/\/www.cavaangel.com\/es\/nuestros-cursos\/","og_locale":"es_ES","og_type":"article","og_title":"Curso de introducci\u00f3n a la Cata de Vinos y Cavas - Cava \u00c0ngel","og_url":"https:\/\/www.cavaangel.com\/es\/nuestros-cursos\/","og_site_name":"Cava \u00c0ngel","article_modified_time":"2025-02-18T09:40:17+00:00","twitter_card":"summary_large_image","twitter_misc":{"Tiempo de lectura":"2 minutos"},"schema":{"@context":"https:\/\/schema.org","@graph":[{"@type":"WebPage","@id":"https:\/\/www.cavaangel.com\/es\/nuestros-cursos\/","url":"https:\/\/www.cavaangel.com\/es\/nuestros-cursos\/","name":"Curso de introducci\u00f3n a la Cata de Vinos y Cavas - Cava \u00c0ngel","isPartOf":{"@id":"https:\/\/www.cavaangel.com\/es\/#website"},"datePublished":"2014-12-02T10:40:55+00:00","dateModified":"2025-02-18T09:40:17+00:00","breadcrumb":{"@id":"https:\/\/www.cavaangel.com\/es\/nuestros-cursos\/#breadcrumb"},"inLanguage":"es","potentialAction":[{"@type":"ReadAction","target":["https:\/\/www.cavaangel.com\/es\/nuestros-cursos\/"]}]},{"@type":"BreadcrumbList","@id":"https:\/\/www.cavaangel.com\/es\/nuestros-cursos\/#breadcrumb","itemListElement":[{"@type":"ListItem","position":1,"name":"Portada","item":"https:\/\/www.cavaangel.com\/es\/"},{"@type":"ListItem","position":2,"name":"Curso de introducci\u00f3n a la Cata de Vinos y Cavas"}]},{"@type":"WebSite","@id":"https:\/\/www.cavaangel.com\/es\/#website","url":"https:\/\/www.cavaangel.com\/es\/","name":"Cava \u00c0ngel","description":"Compra el mejor cava artesanal","publisher":{"@id":"https:\/\/www.cavaangel.com\/es\/#organization"},"potentialAction":[{"@type":"SearchAction","target":{"@type":"EntryPoint","urlTemplate":"https:\/\/www.cavaangel.com\/es\/?s={search_term_string}"},"query-input":{"@type":"PropertyValueSpecification","valueRequired":true,"valueName":"search_term_string"}}],"inLanguage":"es"},{"@type":"Organization","@id":"https:\/\/www.cavaangel.com\/es\/#organization","name":"Cava \u00c1ngel","url":"https:\/\/www.cavaangel.com\/es\/","logo":{"@type":"ImageObject","inLanguage":"es","@id":"https:\/\/www.cavaangel.com\/es\/#\/schema\/logo\/image\/","url":"https:\/\/www.cavaangel.com\/wp-content\/uploads\/2015\/02\/logo_cava_angel.png","contentUrl":"https:\/\/www.cavaangel.com\/wp-content\/uploads\/2015\/02\/logo_cava_angel.png","width":300,"height":156,"caption":"Cava \u00c1ngel"},"image":{"@id":"https:\/\/www.cavaangel.com\/es\/#\/schema\/logo\/image\/"}}]}},"_links":{"self":[{"href":"https:\/\/www.cavaangel.com\/es\/wp-json\/wp\/v2\/pages\/91","targetHints":{"allow":["GET"]}}],"collection":[{"href":"https:\/\/www.cavaangel.com\/es\/wp-json\/wp\/v2\/pages"}],"about":[{"href":"https:\/\/www.cavaangel.com\/es\/wp-json\/wp\/v2\/types\/page"}],"author":[{"embeddable":true,"href":"https:\/\/www.cavaangel.com\/es\/wp-json\/wp\/v2\/users\/1"}],"replies":[{"embeddable":true,"href":"https:\/\/www.cavaangel.com\/es\/wp-json\/wp\/v2\/comments?post=91"}],"version-history":[{"count":7,"href":"https:\/\/www.cavaangel.com\/es\/wp-json\/wp\/v2\/pages\/91\/revisions"}],"predecessor-version":[{"id":13352,"href":"https:\/\/www.cavaangel.com\/es\/wp-json\/wp\/v2\/pages\/91\/revisions\/13352"}],"wp:attachment":[{"href":"https:\/\/www.cavaangel.com\/es\/wp-json\/wp\/v2\/media?parent=91"}],"curies":[{"name":"wp","href":"https:\/\/api.w.org\/{rel}","templated":true}]}}