{"id":70,"date":"2014-12-02T11:07:41","date_gmt":"2014-12-02T10:07:41","guid":{"rendered":"http:\/\/www.cavaangel.com\/?page_id=70"},"modified":"2025-09-24T08:58:05","modified_gmt":"2025-09-24T07:58:05","slug":"restaurantes-y-puntos-de-venta","status":"publish","type":"page","link":"https:\/\/www.cavaangel.com\/es\/restaurantes-y-puntos-de-venta\/","title":{"rendered":"Restaurantes y puntos de venta"},"content":{"rendered":"<div id='av-layout-grid-1'  class='av-layout-grid-container av-eb7p1g-05edd60218e1c4034fd3568092f7dc47 entry-content-wrapper main_color av-flex-cells  avia-builder-el-0  avia-builder-el-no-sibling   container_wrap fullsize'  >\n\n<style type=\"text\/css\" data-created_by=\"avia_inline_auto\" id=\"style-css-av-cwy2fo-fdbfa381586c31d9f9d0197bbf84618a\">\n.flex_cell.av-cwy2fo-fdbfa381586c31d9f9d0197bbf84618a{\nvertical-align:top;\n}\n.responsive #top #wrap_all .flex_cell.av-cwy2fo-fdbfa381586c31d9f9d0197bbf84618a{\npadding:60px 30px 30px 50px !important;\n}\n<\/style>\n<div class='flex_cell av-cwy2fo-fdbfa381586c31d9f9d0197bbf84618a av-gridrow-cell av_one_fourth no_margin  avia-builder-el-1  el_before_av_cell_three_fourth  avia-builder-el-first ' ><div class='flex_cell_inner'>\n<style type=\"text\/css\" data-created_by=\"avia_inline_auto\" id=\"style-css-av-awn6qc-05d3772cf11173c619e32af41a875095\">\n.avia-image-container.av-awn6qc-05d3772cf11173c619e32af41a875095 img.avia_image{\nbox-shadow:none;\n}\n.avia-image-container.av-awn6qc-05d3772cf11173c619e32af41a875095 .av-image-caption-overlay-center{\ncolor:#ffffff;\n}\n<\/style>\n<div  class='avia-image-container av-awn6qc-05d3772cf11173c619e32af41a875095 av-styling- avia-align-center  avia-builder-el-2  avia-builder-el-no-sibling '   itemprop=\"image\" itemscope=\"itemscope\" itemtype=\"https:\/\/schema.org\/ImageObject\" ><div class=\"avia-image-container-inner\"><div class=\"avia-image-overlay-wrap\"><img decoding=\"async\" class='wp-image-75 avia-img-lazy-loading-not-75 avia_image ' src=\"https:\/\/www.cavaangel.com\/wp-content\/uploads\/2014\/12\/store.jpg\" alt='' title=''  height=\"115\" width=\"174\"  itemprop=\"thumbnailUrl\"  \/><\/div><\/div><\/div>\n<\/div><\/div>\n<style type=\"text\/css\" data-created_by=\"avia_inline_auto\" id=\"style-css-av-9q1mec-9621e534a955610db511d9f0e788a6fa\">\n.flex_cell.av-9q1mec-9621e534a955610db511d9f0e788a6fa{\nvertical-align:top;\n}\n.responsive #top #wrap_all .flex_cell.av-9q1mec-9621e534a955610db511d9f0e788a6fa{\npadding:30px 70px 30px 30px !important;\n}\n<\/style>\n<div class='flex_cell av-9q1mec-9621e534a955610db511d9f0e788a6fa av-gridrow-cell av_three_fourth no_margin  avia-builder-el-3  el_after_av_cell_one_fourth  avia-builder-el-last ' ><div class='flex_cell_inner'><p>\n<style type=\"text\/css\" data-created_by=\"avia_inline_auto\" id=\"style-css-av-2b5km-f07e6ca075270ac36ce3f2abf999cca2\">\n#top .av-special-heading.av-2b5km-f07e6ca075270ac36ce3f2abf999cca2{\npadding-bottom:10px;\n}\nbody .av-special-heading.av-2b5km-f07e6ca075270ac36ce3f2abf999cca2 .av-special-heading-tag .heading-char{\nfont-size:25px;\n}\n.av-special-heading.av-2b5km-f07e6ca075270ac36ce3f2abf999cca2 .av-subheading{\nfont-size:15px;\n}\n<\/style>\n<div  class='av-special-heading av-2b5km-f07e6ca075270ac36ce3f2abf999cca2 av-special-heading-h3  avia-builder-el-4  el_before_av_hr  avia-builder-el-first '><h3 class='av-special-heading-tag'  itemprop=\"headline\"  >Restaurantes y puntos de venta<\/h3><div class=\"special-heading-border\"><div class=\"special-heading-inner-border\"><\/div><\/div><\/div><br \/>\n\n<style type=\"text\/css\" data-created_by=\"avia_inline_auto\" id=\"style-css-av-5xds78-e5c7600ab0eca6cc7cf007a86dbe54c3\">\n#top .hr.hr-invisible.av-5xds78-e5c7600ab0eca6cc7cf007a86dbe54c3{\nheight:30px;\n}\n<\/style>\n<div  class='hr av-5xds78-e5c7600ab0eca6cc7cf007a86dbe54c3 hr-invisible  avia-builder-el-5  el_after_av_heading  el_before_av_heading '><span class='hr-inner '><span class=\"hr-inner-style\"><\/span><\/span><\/div><br \/>\n\n<style type=\"text\/css\" data-created_by=\"avia_inline_auto\" id=\"style-css-av-1deu2-8f821445e066f60bb3dcb40709210223\">\n#top .av-special-heading.av-1deu2-8f821445e066f60bb3dcb40709210223{\npadding-bottom:10px;\n}\nbody .av-special-heading.av-1deu2-8f821445e066f60bb3dcb40709210223 .av-special-heading-tag .heading-char{\nfont-size:25px;\n}\n.av-special-heading.av-1deu2-8f821445e066f60bb3dcb40709210223 .av-subheading{\nfont-size:15px;\n}\n<\/style>\n<div  class='av-special-heading av-1deu2-8f821445e066f60bb3dcb40709210223 av-special-heading-h4  avia-builder-el-6  el_after_av_hr  el_before_av_textblock '><h4 class='av-special-heading-tag'  itemprop=\"headline\"  >Podr\u00e1 encontrar nuestros productos Cava \u00c0ngel en los siguientes puntos de venta:<\/h4><div class=\"special-heading-border\"><div class=\"special-heading-inner-border\"><\/div><\/div><\/div><br \/>\n<section  class='av_textblock_section av-6hacu-c0ff31d56d68aa8797faa40a50f94fff'  itemscope=\"itemscope\" itemtype=\"https:\/\/schema.org\/CreativeWork\" ><div class='avia_textblock'  itemprop=\"text\" ><p class=\"p2\"><span class=\"s1\"><strong>ASOCIADIS DE INVERSIONES, SL<\/strong>\u00a0<\/span><b><\/b>\u00a0\u2013 c\/ Vinyals, 161 \u2013 Terrassa \u2013 937330695 <a href=\"mailto:botiga@cavaangel.com\"><b>botiga@cavaangel.com<\/b><\/a><\/p>\n<p class=\"p2\"><b>Sa Basseta<\/b>: Ctra. Santa Maria-Sencelles, km.4,8 \u2013 Santa Mar\u00eda del Cam\u00ed \u2013 Distribu\u00efdors Mallorca. Telf.: 971 621 638 <b><a href=\"mailto:info@bodegasangel.com\">info@bodegasangel.com<\/a><\/b><\/p>\n<p class=\"p1\"><span class=\"s1\"><strong>A go go:<\/strong> Av. Bejar, 373 \u2013 Terrassa \u2013 Telf. 93 734 39 96<\/span><\/p>\n<p class=\"p2\"><b>Q8 \u2013 \u201cCeller Perantigues\u201d<\/b> : Ctra. Matadepera Km 1,750, Terrassa. Telf.: 937355133<\/p>\n<p><b>Embotits Obach Puigcerd\u00e0<\/b> : Carrer Major 33, Puigcerd\u00e0, Girona. Telf.: 972 442 054<\/p>\n<p><b>Cal Trapet<\/b> : C\/ Sant Joan 55, Matadepera 08230.<\/p>\n<p><span class=\"s1\"><b>Obach 1915<\/b> : C\/Santiago Rusi\u00f1ol 10, Sant Cugat del Vall\u00e8s Telf. 932 747 385<\/span><\/p>\n<p><span class=\"s1\"><b>Tecavins<\/b> : Rambla d&#8217;\u00c8gara 273, Terrassa 08224 Telf. 638 397 587<\/span><\/p>\n<p><span class=\"s1\"><b>Rostisseria Nou Cal Reig<\/b>: C\/ Sant Joan 86, Matadepera 08230 Telf. 630 27 50 21<\/span><\/p>\n<\/div><\/section><br \/>\n\n<style type=\"text\/css\" data-created_by=\"avia_inline_auto\" id=\"style-css-av-nsgi-bffcf013cb2b35e347f4919d75c7d03a\">\n#top .av-special-heading.av-nsgi-bffcf013cb2b35e347f4919d75c7d03a{\npadding-bottom:10px;\n}\nbody .av-special-heading.av-nsgi-bffcf013cb2b35e347f4919d75c7d03a .av-special-heading-tag .heading-char{\nfont-size:25px;\n}\n.av-special-heading.av-nsgi-bffcf013cb2b35e347f4919d75c7d03a .av-subheading{\nfont-size:15px;\n}\n<\/style>\n<div  class='av-special-heading av-nsgi-bffcf013cb2b35e347f4919d75c7d03a av-special-heading-h4  avia-builder-el-8  el_after_av_textblock  el_before_av_textblock '><h4 class='av-special-heading-tag'  itemprop=\"headline\"  >Cava \u00c1ngel le recomienda los siguientes bares y restaurantes:<\/h4><div class=\"special-heading-border\"><div class=\"special-heading-inner-border\"><\/div><\/div><\/div><br \/>\n<section  class='av_textblock_section av-jykm-348c88364456df56a13beeddca8311b4'  itemscope=\"itemscope\" itemtype=\"https:\/\/schema.org\/CreativeWork\" ><div class='avia_textblock'  itemprop=\"text\" ><p><b>Restaurant Recarrega&#8217;t<\/b>: Cam\u00ed de Can Camps, 11 \u2013 Sant Cugat del Vall\u00e8s \u2013 Telf.: 691 347 477<\/p>\n<p class=\"p2\"><b>Restaurant Barnabier<\/b>: Marina, 16 \u2013 Barcelona \u2013 Telf.: 93 221 02 12<\/p>\n<p class=\"p2\"><b>Restaurant Voramar<\/b> \u2013 \u201cCal Vitali\u201d: Posn d&#8217;Icard s\/n \u2013 Altafulla . Telf.: 977 65 06 30<\/p>\n<p><b>La Masia Cal Vitali:<\/b> Carrer Conca de Barber\u00e0, 6, Torredembarra<b><\/b><\/p>\n<p class=\"p1\"><strong>Restaurant Can Borrell:<\/strong>\u00a0Cam\u00ed de Can <span class=\"SpellE\">Borrell<\/span>, <span class=\"SpellE\">s\/N<\/span> \u2013 Cerdanyola del Vall\u00e8s \u2013 <span class=\"SpellE\">Telf<\/span>.: 93 580 36 32<\/p>\n<p><b>Restaurant Ristol<\/b><span style=\"font-weight: 400;\">: <\/span><span style=\"font-weight: 400;\">Antonio Soler Hospital, 3, 08232 Viladecavalls \u2013 Telf.: 93 788 29 98<\/span><\/p>\n<p><b>Rostisseria Cal Reig: <\/b><span style=\"font-weight: 400;\">Carrer Sant Joan, 86, <\/span><span style=\"font-weight: 400;\">08230 Matadepera &#8211; <\/span><span style=\"font-weight: 400;\">Telf. : 630 27 50 21<\/span><\/p>\n<p><b>Restaurant Can Sol\u00e0: <\/b><span style=\"font-weight: 400;\">Can Sol\u00e0 del Pla, 7, <\/span><span style=\"font-weight: 400;\">08230 Matadepera &#8211; <\/span><span style=\"font-weight: 400;\">Telf.\u00a0: 93 488 66 35<\/span><\/p>\n<p><b>Restaurant 7vuit7: <\/b><span style=\"font-weight: 400;\">Carrer Sant Lloren\u00e7, 91 baixos, <\/span><span style=\"font-weight: 400;\">08230 Matadepera &#8211; <\/span><span style=\"font-weight: 400;\">Telf. : 93 787 02 37 <\/span><\/p>\n<p><strong>L&#8217;Artesanna:<\/strong> Carrer Arqu\u00edmedes, 120, 08221 Terrassa &#8211; Telf: 616 530 120<\/p>\n<p><strong>Bar Casal Sant Pere:<\/strong> C\/ Major de Sant Pere, 63, 08222 Terrassa &#8211; Telf: 937 83 07 29<\/p>\n<p><strong>Cal Tito:<\/strong> Cam\u00ed Ral, Marina Port Premi\u00e0 Edifici Platja 1, 08330 Premi\u00e0 de Mar &#8211; Telf: 935 769 391<\/p>\n<p><strong>Almadraba Park:<\/strong> Av\/ de Jos\u00e9 D\u00edaz Pacheco, 70, 17480 Roses &#8211; Telf: 972 256 550<\/p>\n<p><strong>Restaurant Manelic:<\/strong> Carrer Rafel Riera i Prats, 15, 08339 Vilassar de Dalt &#8211; Telf: 629 385 993<\/p>\n<p><strong>El Rac\u00f3 del Port:<\/strong> Carrer Port de Matar\u00f3, 08302 Matar\u00f3 &#8211; Telf: 937 532 916<\/p>\n<p><strong>Lo t\u00edpic:<\/strong> Carrer Ventrol, 1, 43895 L&#8217;Ampolla &#8211; Telf: 977 468 292<\/p>\n<p><strong>Hotel &amp; Spa Xalet Bringu\u00e9:<\/strong> Avinguda les Subiranes s\/n, AD300 El Serrat, Andorra &#8211; Telf: +376 749 100<\/p>\n<p><strong>Le Cabanon:<\/strong> Gourg de bades, 12100 Millau, Fran\u00e7a &#8211; Telf: +33 645 336 552<\/p>\n<p><strong>L&#8217;Era Restaurant:<\/strong> Carrer Torrent d&#8217;en Puig, 11, 08358 Arenys de Munt &#8211; Telf: 937 950 114<\/p>\n<p><span class=\"s1\"><b>Tecavins<\/b> : Rambla d&#8217;\u00c8gara 273, Terrassa 08224 Telf. 638 397 587<\/span><\/p>\n<p><span class=\"s1\"><b>Restaurant Picaplats<\/b>: Passeig de Llu\u00eds Muncunill 19, Terrassa 08225 &#8211;\u00a0 Telf. 931 195 709<\/span><\/p>\n<p><span class=\"s1\"><b>Boccalupo<\/b>: Can Bondia, 1 Ctra. de Castellar, Terrassa \/ Matadepera\u00a0 08227 &#8211; Telf 936 345 441<\/span><\/p>\n<p><span class=\"s1\"><b>VilaPadel OTHO<\/b>: CB-120, Parc. 144 Pol\u00edgon Industrial Can Mir, Viladecavalls 08232 &#8211; Telf 938 296 130<\/span><\/p>\n<p><span class=\"s1\"><b>Al Panino<\/b>: Pla\u00e7a de Parc dels Catalans 1, Terrassa 08221 &#8211; Telf 645 331 476<\/span><\/p>\n<p><span class=\"s1\"><b>Klandest\u00ed <\/b>: C\/Cam\u00ed Fondo, 37, Terrassa 08221 &#8211; Telf 602 806 080<\/span><\/p>\n<p class=\"p1\"><span class=\"s1\"><b>Cal Micarilles<\/b>: C\/Sant Isidre 28 (local), Matadepera 08230<\/span><\/p>\n<\/div><\/section><\/p>\n<\/div><\/div><\/div>\n","protected":false},"excerpt":{"rendered":"","protected":false},"author":1,"featured_media":0,"parent":0,"menu_order":0,"comment_status":"open","ping_status":"open","template":"","meta":{"footnotes":""},"class_list":["post-70","page","type-page","status-publish","hentry"],"yoast_head":"<!-- This site is optimized with the Yoast SEO plugin v27.2 - https:\/\/yoast.com\/product\/yoast-seo-wordpress\/ -->\n<title>Restaurantes y puntos de venta - Cava \u00c0ngel<\/title>\n<meta name=\"robots\" content=\"index, follow, max-snippet:-1, max-image-preview:large, max-video-preview:-1\" \/>\n<link rel=\"canonical\" href=\"https:\/\/www.cavaangel.com\/es\/restaurantes-y-puntos-de-venta\/\" \/>\n<meta property=\"og:locale\" content=\"es_ES\" \/>\n<meta property=\"og:type\" content=\"article\" \/>\n<meta property=\"og:title\" content=\"Restaurantes y puntos de venta - Cava \u00c0ngel\" \/>\n<meta property=\"og:url\" content=\"https:\/\/www.cavaangel.com\/es\/restaurantes-y-puntos-de-venta\/\" \/>\n<meta property=\"og:site_name\" content=\"Cava \u00c0ngel\" \/>\n<meta property=\"article:modified_time\" content=\"2025-09-24T07:58:05+00:00\" \/>\n<meta name=\"twitter:card\" content=\"summary_large_image\" \/>\n<meta name=\"twitter:label1\" content=\"Tiempo de lectura\" \/>\n\t<meta name=\"twitter:data1\" content=\"3 minutos\" \/>\n<script type=\"application\/ld+json\" class=\"yoast-schema-graph\">{\"@context\":\"https:\/\/schema.org\",\"@graph\":[{\"@type\":\"WebPage\",\"@id\":\"https:\/\/www.cavaangel.com\/es\/restaurantes-y-puntos-de-venta\/\",\"url\":\"https:\/\/www.cavaangel.com\/es\/restaurantes-y-puntos-de-venta\/\",\"name\":\"Restaurantes y puntos de venta - Cava \u00c0ngel\",\"isPartOf\":{\"@id\":\"https:\/\/www.cavaangel.com\/es\/#website\"},\"datePublished\":\"2014-12-02T10:07:41+00:00\",\"dateModified\":\"2025-09-24T07:58:05+00:00\",\"breadcrumb\":{\"@id\":\"https:\/\/www.cavaangel.com\/es\/restaurantes-y-puntos-de-venta\/#breadcrumb\"},\"inLanguage\":\"es\",\"potentialAction\":[{\"@type\":\"ReadAction\",\"target\":[\"https:\/\/www.cavaangel.com\/es\/restaurantes-y-puntos-de-venta\/\"]}]},{\"@type\":\"BreadcrumbList\",\"@id\":\"https:\/\/www.cavaangel.com\/es\/restaurantes-y-puntos-de-venta\/#breadcrumb\",\"itemListElement\":[{\"@type\":\"ListItem\",\"position\":1,\"name\":\"Portada\",\"item\":\"https:\/\/www.cavaangel.com\/es\/\"},{\"@type\":\"ListItem\",\"position\":2,\"name\":\"Restaurantes y puntos de venta\"}]},{\"@type\":\"WebSite\",\"@id\":\"https:\/\/www.cavaangel.com\/es\/#website\",\"url\":\"https:\/\/www.cavaangel.com\/es\/\",\"name\":\"Cava \u00c0ngel\",\"description\":\"Compra el mejor cava artesanal\",\"publisher\":{\"@id\":\"https:\/\/www.cavaangel.com\/es\/#organization\"},\"potentialAction\":[{\"@type\":\"SearchAction\",\"target\":{\"@type\":\"EntryPoint\",\"urlTemplate\":\"https:\/\/www.cavaangel.com\/es\/?s={search_term_string}\"},\"query-input\":{\"@type\":\"PropertyValueSpecification\",\"valueRequired\":true,\"valueName\":\"search_term_string\"}}],\"inLanguage\":\"es\"},{\"@type\":\"Organization\",\"@id\":\"https:\/\/www.cavaangel.com\/es\/#organization\",\"name\":\"Cava \u00c1ngel\",\"url\":\"https:\/\/www.cavaangel.com\/es\/\",\"logo\":{\"@type\":\"ImageObject\",\"inLanguage\":\"es\",\"@id\":\"https:\/\/www.cavaangel.com\/es\/#\/schema\/logo\/image\/\",\"url\":\"https:\/\/www.cavaangel.com\/wp-content\/uploads\/2015\/02\/logo_cava_angel.png\",\"contentUrl\":\"https:\/\/www.cavaangel.com\/wp-content\/uploads\/2015\/02\/logo_cava_angel.png\",\"width\":300,\"height\":156,\"caption\":\"Cava \u00c1ngel\"},\"image\":{\"@id\":\"https:\/\/www.cavaangel.com\/es\/#\/schema\/logo\/image\/\"}}]}<\/script>\n<!-- \/ Yoast SEO plugin. -->","yoast_head_json":{"title":"Restaurantes y puntos de venta - Cava \u00c0ngel","robots":{"index":"index","follow":"follow","max-snippet":"max-snippet:-1","max-image-preview":"max-image-preview:large","max-video-preview":"max-video-preview:-1"},"canonical":"https:\/\/www.cavaangel.com\/es\/restaurantes-y-puntos-de-venta\/","og_locale":"es_ES","og_type":"article","og_title":"Restaurantes y puntos de venta - Cava \u00c0ngel","og_url":"https:\/\/www.cavaangel.com\/es\/restaurantes-y-puntos-de-venta\/","og_site_name":"Cava \u00c0ngel","article_modified_time":"2025-09-24T07:58:05+00:00","twitter_card":"summary_large_image","twitter_misc":{"Tiempo de lectura":"3 minutos"},"schema":{"@context":"https:\/\/schema.org","@graph":[{"@type":"WebPage","@id":"https:\/\/www.cavaangel.com\/es\/restaurantes-y-puntos-de-venta\/","url":"https:\/\/www.cavaangel.com\/es\/restaurantes-y-puntos-de-venta\/","name":"Restaurantes y puntos de venta - Cava \u00c0ngel","isPartOf":{"@id":"https:\/\/www.cavaangel.com\/es\/#website"},"datePublished":"2014-12-02T10:07:41+00:00","dateModified":"2025-09-24T07:58:05+00:00","breadcrumb":{"@id":"https:\/\/www.cavaangel.com\/es\/restaurantes-y-puntos-de-venta\/#breadcrumb"},"inLanguage":"es","potentialAction":[{"@type":"ReadAction","target":["https:\/\/www.cavaangel.com\/es\/restaurantes-y-puntos-de-venta\/"]}]},{"@type":"BreadcrumbList","@id":"https:\/\/www.cavaangel.com\/es\/restaurantes-y-puntos-de-venta\/#breadcrumb","itemListElement":[{"@type":"ListItem","position":1,"name":"Portada","item":"https:\/\/www.cavaangel.com\/es\/"},{"@type":"ListItem","position":2,"name":"Restaurantes y puntos de venta"}]},{"@type":"WebSite","@id":"https:\/\/www.cavaangel.com\/es\/#website","url":"https:\/\/www.cavaangel.com\/es\/","name":"Cava \u00c0ngel","description":"Compra el mejor cava artesanal","publisher":{"@id":"https:\/\/www.cavaangel.com\/es\/#organization"},"potentialAction":[{"@type":"SearchAction","target":{"@type":"EntryPoint","urlTemplate":"https:\/\/www.cavaangel.com\/es\/?s={search_term_string}"},"query-input":{"@type":"PropertyValueSpecification","valueRequired":true,"valueName":"search_term_string"}}],"inLanguage":"es"},{"@type":"Organization","@id":"https:\/\/www.cavaangel.com\/es\/#organization","name":"Cava \u00c1ngel","url":"https:\/\/www.cavaangel.com\/es\/","logo":{"@type":"ImageObject","inLanguage":"es","@id":"https:\/\/www.cavaangel.com\/es\/#\/schema\/logo\/image\/","url":"https:\/\/www.cavaangel.com\/wp-content\/uploads\/2015\/02\/logo_cava_angel.png","contentUrl":"https:\/\/www.cavaangel.com\/wp-content\/uploads\/2015\/02\/logo_cava_angel.png","width":300,"height":156,"caption":"Cava \u00c1ngel"},"image":{"@id":"https:\/\/www.cavaangel.com\/es\/#\/schema\/logo\/image\/"}}]}},"_links":{"self":[{"href":"https:\/\/www.cavaangel.com\/es\/wp-json\/wp\/v2\/pages\/70","targetHints":{"allow":["GET"]}}],"collection":[{"href":"https:\/\/www.cavaangel.com\/es\/wp-json\/wp\/v2\/pages"}],"about":[{"href":"https:\/\/www.cavaangel.com\/es\/wp-json\/wp\/v2\/types\/page"}],"author":[{"embeddable":true,"href":"https:\/\/www.cavaangel.com\/es\/wp-json\/wp\/v2\/users\/1"}],"replies":[{"embeddable":true,"href":"https:\/\/www.cavaangel.com\/es\/wp-json\/wp\/v2\/comments?post=70"}],"version-history":[{"count":59,"href":"https:\/\/www.cavaangel.com\/es\/wp-json\/wp\/v2\/pages\/70\/revisions"}],"predecessor-version":[{"id":13402,"href":"https:\/\/www.cavaangel.com\/es\/wp-json\/wp\/v2\/pages\/70\/revisions\/13402"}],"wp:attachment":[{"href":"https:\/\/www.cavaangel.com\/es\/wp-json\/wp\/v2\/media?parent=70"}],"curies":[{"name":"wp","href":"https:\/\/api.w.org\/{rel}","templated":true}]}}