{"id":111,"date":"2014-12-02T16:54:45","date_gmt":"2014-12-02T15:54:45","guid":{"rendered":"http:\/\/www.cavaangel.com\/?page_id=111"},"modified":"2020-07-09T10:32:32","modified_gmt":"2020-07-09T09:32:32","slug":"politica-de-cookies","status":"publish","type":"page","link":"https:\/\/www.cavaangel.com\/es\/politica-de-cookies\/","title":{"rendered":"Pol\u00edtica de cookies"},"content":{"rendered":"\n<style type=\"text\/css\" data-created_by=\"avia_inline_auto\" id=\"style-css-av-710h6f-9ec2de256e6aa08f6b95727d0095eea9\">\n.flex_column.av-710h6f-9ec2de256e6aa08f6b95727d0095eea9{\n-webkit-border-radius:0px 0px 0px 0px;\n-moz-border-radius:0px 0px 0px 0px;\nborder-radius:0px 0px 0px 0px;\npadding:0px 0px 0px 0px;\n}\n<\/style>\n<div class='flex_column av-710h6f-9ec2de256e6aa08f6b95727d0095eea9 av_one_full  avia-builder-el-0  avia-builder-el-no-sibling  first flex_column_div av-zero-column-padding '     ><p><section  class='av_textblock_section av-kcejkzod-006a330aa31cd4e61ac40b78785798ea'  itemscope=\"itemscope\" itemtype=\"https:\/\/schema.org\/CreativeWork\" ><div class='avia_textblock'  itemprop=\"text\" ><p>Una Cookie es un fichero que se descarga en su ordenador al acceder a determinadas pa\u0301ginas web. Las cookies permiten a una pa\u0301gina web, entre otras cosas, almacenar y recuperar informacio\u0301n sobre los ha\u0301bitos de navegacio\u0301n de un usuario o de su equipo y, dependiendo de la informacio\u0301n que contenga y de la forma en que utilice su equipo, pueden utilizarse para reconocer al usuario.<\/p>\n<p>Las cookies son esenciales para el funcionamiento de internet, aportando innumerables ventajas en la prestacio\u0301n de servicios interactivos, facilita\u0301ndole la navegacio\u0301n y usabilidad de nuestra web.<\/p>\n<p>La informacio\u0301n que le proporcionamos a continuacio\u0301n, le ayudara\u0301 a comprender los diferentes tipos de cookies:<\/p>\n<\/div><\/section><br \/>\n<div class='avia-data-table-wrap av-p05y7-cbaf5be005281d67c7e80b7f6db3f528 avia_responsive_table avia-table-1'><table  class='avia-table avia-data-table avia_pricing_default  avia-builder-el-2  el_after_av_textblock  el_before_av_textblock '  itemscope=\"itemscope\" itemtype=\"https:\/\/schema.org\/Table\" ><tbody><tr class='avia-heading-row'><th class=''>TIPOS DE COOKIES<\/th><th class=''><\/th><th class=''><\/th><\/tr><tr class=''><td class=''>SEG\u00daN LA ENTIDAD QUE LAS GESTIONE<\/td><td class=''>Cookies propias<\/td><td class=''>Son aquellas que se recaban por el propio editor para prestar el servicio solicitado por el usuario.<\/td><\/tr><tr class=''><td class=''><\/td><td class=''>Cookies de tercero<\/td><td class=''>Son aquellas que son recabadas y gestionadas por un tercero, estas no se pueden considerar propias.<\/td><\/tr><tr class=''><td class=''>SEGU\u0301N EL PLAZO DE TIEMPO QUE PERMANEZCAN ACTIVADAS<\/td><td class=''>Cookies de sesio\u0301n<\/td><td class=''>Recaban datos mientras el usuario navega por la red con la finalidad de prestar el servicio solicitado.<\/td><\/tr><tr class=''><td class=''><\/td><td class=''>Cookies persistentes<\/td><td class=''>Se almacenan en el terminal y la informacio\u0301n obtenida, sera\u0301 utilizada por el responsable de la cookie con la finalidad de prestar el servicio solicitado.<\/td><\/tr><tr class=''><td class=''>SEGU\u0301N SU FINALIDAD<\/td><td class=''>Cookies te\u0301cnicas<\/td><td class=''>Son las necesarias para la correcta navegacio\u0301n por la web.<\/td><\/tr><tr class=''><td class=''><\/td><td class=''>Cookies de personalizaci\u00f3n<\/td><td class=''>Permiten al usuario las caracteri\u0301sticas (idioma) para la navegacio\u0301n por la website<\/td><\/tr><tr class=''><td class=''><\/td><td class=''>Cookies de ana\u0301lisis<\/td><td class=''>Permiten al prestador el ana\u0301lisis vinculado a la navegacio\u0301n realizada por el usuario, con la finalidad de llevar un seguimiento de uso de la pa\u0301gina web, asi\u0301 como realizar estadi\u0301sticas de los contenidos ma\u0301s visitados, nu\u0301mero de visitantes, etc.<\/td><\/tr><tr class=''><td class=''><\/td><td class=''>Cookies publicitarias<\/td><td class=''>Permiten al editor incluir en la web, espacios publicitarios, segu\u0301n el contenido de la propia web.<\/td><\/tr><tr class=''><td class=''><\/td><td class=''>Cookies de publicidad comportamental<\/td><td class=''>Permiten al editor incluir en la pa\u0301gina web espacios publicitarios segu\u0301n la informacio\u0301n obtenida a trave\u0301s de los ha\u0301bitos de navegacio\u0301n del usuario.<\/td><\/tr><\/tbody><\/table><\/div><style type='text\/css'>.avia-table-1 td:nth-of-type(1):before { content: 'TIPOS DE COOKIES'; } .avia-table-1 td:nth-of-type(2):before { content: ''; } .avia-table-1 td:nth-of-type(3):before { content: ''; } <\/style><br \/>\n<section  class='av_textblock_section av-kcejkzod-006a330aa31cd4e61ac40b78785798ea'  itemscope=\"itemscope\" itemtype=\"https:\/\/schema.org\/CreativeWork\" ><div class='avia_textblock'  itemprop=\"text\" ><div class=\"page\" title=\"Page 8\">\n<div class=\"layoutArea\">\n<div class=\"column\">\n<div class=\"page\" title=\"Page 9\">\n<div class=\"section\">\n<div class=\"layoutArea\">\n<div class=\"column\">\n<p>Segu\u0301n lo dispuesto en el arti\u0301culo 22.2 de la Ley 34\/2002, de 11 de julio, de Servicios de la Sociedad de la Informacio\u0301n y de Comercio Electro\u0301nico (LSSI-CE), ASOCIADIS DE INVERSIONES SL informa de las cookies utilizadas en nuestra website:<\/p>\n<\/div>\n<\/div>\n<\/div>\n<\/div>\n<\/div>\n<\/div>\n<\/div>\n<\/div><\/section><br \/>\n<div class='avia-data-table-wrap av-p05y7-cbaf5be005281d67c7e80b7f6db3f528 avia_responsive_table avia-table-2'><table  class='avia-table avia-data-table avia_pricing_default  avia-builder-el-4  el_after_av_textblock  el_before_av_textblock '  itemscope=\"itemscope\" itemtype=\"https:\/\/schema.org\/Table\" ><tbody><tr class='avia-heading-row'><th class='avia-desc-col'><\/th><th class=''><\/th><th class=''>TIPOS DE COOKIES<br \/>\n<\/th><th class=''><\/th><th class=''><\/th><th class=''><\/th><\/tr><tr class=''><th class='avia-desc-col'><\/th><td class=''><\/td><td class=''>Cookies propias<\/td><td class=''>Cookies de tercero<\/td><td class=''>Cookies de sesio\u0301n<\/td><td class=''>Cookies persistentes<\/td><\/tr><tr class=''><th class='avia-desc-col'> FINALIDAD:<\/th><td class=''>Cookies te\u0301cnicas<\/td><td class=''>&#x2714;<\/td><td class=''>&#x2714;<\/td><td class=''>&#x2714;<\/td><td class=''>&#x2714;<\/td><\/tr><tr class=''><th class='avia-desc-col'><\/th><td class=''>Cookies de personalizaci\u00f3n<\/td><td class=''>&#x2714;<\/td><td class=''>&#x2714;<\/td><td class=''>&#x2714;<\/td><td class=''>&#x2714;<\/td><\/tr><tr class=''><th class='avia-desc-col'><\/th><td class=''>Cookies de ana\u0301lisis<\/td><td class=''><\/td><td class=''>&#x2714;<\/td><td class=''>&#x2714;<\/td><td class=''>&#x2714;<\/td><\/tr><tr class=''><th class='avia-desc-col'><\/th><td class=''>Cookies publicitarias<\/td><td class=''><\/td><td class=''><\/td><td class=''><\/td><td class=''><\/td><\/tr><tr class=''><th class='avia-desc-col'><\/th><td class=''>Cookies de publicidad comportamental<\/td><td class=''><\/td><td class=''><\/td><td class=''><\/td><td class=''><\/td><\/tr><\/tbody><\/table><\/div><style type='text\/css'>.avia-table-2 td:nth-of-type(0):before { content: ''; } .avia-table-2 td:nth-of-type(1):before { content: ''; } .avia-table-2 td:nth-of-type(2):before { content: 'TIPOS DE COOKIES\n'; } .avia-table-2 td:nth-of-type(3):before { content: ''; } .avia-table-2 td:nth-of-type(4):before { content: ''; } .avia-table-2 td:nth-of-type(5):before { content: ''; } <\/style><br \/>\n<section  class='av_textblock_section av-kcejkzod-006a330aa31cd4e61ac40b78785798ea'  itemscope=\"itemscope\" itemtype=\"https:\/\/schema.org\/CreativeWork\" ><div class='avia_textblock'  itemprop=\"text\" ><p><strong>Google Analytics:<\/strong> Almacena cookies para poder elaborar estadi\u0301sticas sobre el tra\u0301fico y volumen de visitas de esta web. Al utilizar este sitio web esta\u0301 consintiendo el tratamiento de informacio\u0301n acerca de usted por Google. Por tanto, el ejercicio de cualquier derecho en este sentido debera\u0301 hacerlo comunicando directamente con Google.<\/p>\n<p>Las cookies de Google Analytics, se almacenan en servidores ubicados en Estados Unidos y se compromete a no compartirla con terceros, excepto en los casos en los que sea necesario para el funcionamiento del sistema o cuando la ley obligue a tal efecto. Segu\u0301n Google no guarda su direccio\u0301n IP.<\/p>\n<p>Google Inc. es una compan\u0303i\u0301a adherida a \u201cPrivacy Shiels\u201d (escudo de privacidad) que garantiza que todos los datos transferidos sera\u0301n tratados con un nivel de proteccio\u0301n acorde a la normativa europea. Puede consultar informacio\u0301n detallada a este respecto a trave\u0301s del siguiente enlace: <a href=\"https:\/\/support.google.com\/analytics\/answer\/6004245\">https:\/\/support.google.com\/analytics\/answer\/6004245<\/a>.<\/p>\n<p>Si lo desea puede utilizar el Complemento de inhabilitacio\u0301n para navegadores de Google Analytics a trave\u0301s de cuyas instrucciones pueden rechazarse las cookies anali\u0301ticas de dicho servicio en todos los navegadores. Puede consultar ma\u0301s informacio\u0301n al respecto en el siguiente enlace: <a href=\"https:\/\/tools.google.com\/dlpage\/gaoptout\">https:\/\/tools.google.com\/dlpage\/gaoptout<\/a><\/p>\n<p>Asimismo, ASOCIADIS DE INVERSIONES SL informa al usuario de que tiene la posibilidad de configurar su navegador de modo que se le informe de la recepci\u00f3n de cookies, pudiendo, si as\u00ed lo desea, impedir que sean instaladas en su disco duro.<\/p>\n<p>A continuaci\u00f3n le proporcionamos los enlaces de diversos navegadores, a trav\u00e9s de los cuales podr\u00e1 realizar dicha configuraci\u00f3n:<\/p>\n<p>Firefox desde aqu\u00ed: <a href=\"http:\/\/support.mozilla.org\/es\/kb\/habilitar-y-deshabilitar-cookies-que-los- sitios-we\" target=\"_blank\" rel=\"noopener noreferrer\">http:\/\/support.mozilla.org\/es\/kb\/habilitar-y-deshabilitar-cookies-que-los- sitios-we<\/a><\/p>\n<p>Chrome desde aqu\u00ed: <a href=\"http:\/\/support.google.com\/chrome\/bin\/answer.py?hl=es&amp;answer=95647\" target=\"_blank\" rel=\"noopener noreferrer\">http:\/\/support.google.com\/chrome\/bin\/answer.py?hl=es&amp;answer=95647<\/a><\/p>\n<p>Explorer desde aqu\u00ed: <a href=\"http:\/\/windows.microsoft.com\/es-es\/internet-explorer\/delete-manage-cookies#ie=ie-10\" target=\"_blank\" rel=\"noopener noreferrer\">http:\/\/windows.microsoft.com\/es-es\/internet-explorer\/delete-manage-cookies#ie=ie-10<\/a><\/p>\n<p>Safari desde aqu\u00ed: <a href=\"https:\/\/support.apple.com\/kb\/ph17191?locale=es_ES\" target=\"_blank\" rel=\"noopener noreferrer\">https:\/\/support.apple.com\/kb\/ph17191?locale=es_ES<\/a><\/p>\n<p>Opera desde aqu\u00ed: <a href=\"http:\/\/help.opera.com\/Windows\/11.50\/es-ES\/cookies.html\" target=\"_blank\" rel=\"noopener noreferrer\">http:\/\/help.opera.com\/Windows\/11.50\/es-ES\/cookies.html<\/a><\/p>\n<\/div><\/section><\/p><\/div>\n","protected":false},"excerpt":{"rendered":"","protected":false},"author":1,"featured_media":0,"parent":0,"menu_order":0,"comment_status":"open","ping_status":"open","template":"","meta":{"footnotes":""},"class_list":["post-111","page","type-page","status-publish","hentry"],"yoast_head":"<!-- This site is optimized with the Yoast SEO plugin v27.2 - https:\/\/yoast.com\/product\/yoast-seo-wordpress\/ -->\n<title>Pol\u00edtica de cookies - Cava \u00c0ngel<\/title>\n<meta name=\"robots\" content=\"index, follow, max-snippet:-1, max-image-preview:large, max-video-preview:-1\" \/>\n<link rel=\"canonical\" href=\"https:\/\/www.cavaangel.com\/es\/politica-de-cookies\/\" \/>\n<meta property=\"og:locale\" content=\"es_ES\" \/>\n<meta property=\"og:type\" content=\"article\" \/>\n<meta property=\"og:title\" content=\"Pol\u00edtica de cookies - Cava \u00c0ngel\" \/>\n<meta property=\"og:url\" content=\"https:\/\/www.cavaangel.com\/es\/politica-de-cookies\/\" \/>\n<meta property=\"og:site_name\" content=\"Cava \u00c0ngel\" \/>\n<meta property=\"article:modified_time\" content=\"2020-07-09T09:32:32+00:00\" \/>\n<meta name=\"twitter:card\" content=\"summary_large_image\" \/>\n<meta name=\"twitter:label1\" content=\"Tiempo de lectura\" \/>\n\t<meta name=\"twitter:data1\" content=\"10 minutos\" \/>\n<script type=\"application\/ld+json\" class=\"yoast-schema-graph\">{\"@context\":\"https:\/\/schema.org\",\"@graph\":[{\"@type\":\"WebPage\",\"@id\":\"https:\/\/www.cavaangel.com\/es\/politica-de-cookies\/\",\"url\":\"https:\/\/www.cavaangel.com\/es\/politica-de-cookies\/\",\"name\":\"Pol\u00edtica de cookies - Cava \u00c0ngel\",\"isPartOf\":{\"@id\":\"https:\/\/www.cavaangel.com\/es\/#website\"},\"datePublished\":\"2014-12-02T15:54:45+00:00\",\"dateModified\":\"2020-07-09T09:32:32+00:00\",\"breadcrumb\":{\"@id\":\"https:\/\/www.cavaangel.com\/es\/politica-de-cookies\/#breadcrumb\"},\"inLanguage\":\"es\",\"potentialAction\":[{\"@type\":\"ReadAction\",\"target\":[\"https:\/\/www.cavaangel.com\/es\/politica-de-cookies\/\"]}]},{\"@type\":\"BreadcrumbList\",\"@id\":\"https:\/\/www.cavaangel.com\/es\/politica-de-cookies\/#breadcrumb\",\"itemListElement\":[{\"@type\":\"ListItem\",\"position\":1,\"name\":\"Portada\",\"item\":\"https:\/\/www.cavaangel.com\/es\/\"},{\"@type\":\"ListItem\",\"position\":2,\"name\":\"Pol\u00edtica de cookies\"}]},{\"@type\":\"WebSite\",\"@id\":\"https:\/\/www.cavaangel.com\/es\/#website\",\"url\":\"https:\/\/www.cavaangel.com\/es\/\",\"name\":\"Cava \u00c0ngel\",\"description\":\"Compra el mejor cava artesanal\",\"publisher\":{\"@id\":\"https:\/\/www.cavaangel.com\/es\/#organization\"},\"potentialAction\":[{\"@type\":\"SearchAction\",\"target\":{\"@type\":\"EntryPoint\",\"urlTemplate\":\"https:\/\/www.cavaangel.com\/es\/?s={search_term_string}\"},\"query-input\":{\"@type\":\"PropertyValueSpecification\",\"valueRequired\":true,\"valueName\":\"search_term_string\"}}],\"inLanguage\":\"es\"},{\"@type\":\"Organization\",\"@id\":\"https:\/\/www.cavaangel.com\/es\/#organization\",\"name\":\"Cava \u00c1ngel\",\"url\":\"https:\/\/www.cavaangel.com\/es\/\",\"logo\":{\"@type\":\"ImageObject\",\"inLanguage\":\"es\",\"@id\":\"https:\/\/www.cavaangel.com\/es\/#\/schema\/logo\/image\/\",\"url\":\"https:\/\/www.cavaangel.com\/wp-content\/uploads\/2015\/02\/logo_cava_angel.png\",\"contentUrl\":\"https:\/\/www.cavaangel.com\/wp-content\/uploads\/2015\/02\/logo_cava_angel.png\",\"width\":300,\"height\":156,\"caption\":\"Cava \u00c1ngel\"},\"image\":{\"@id\":\"https:\/\/www.cavaangel.com\/es\/#\/schema\/logo\/image\/\"}}]}<\/script>\n<!-- \/ Yoast SEO plugin. -->","yoast_head_json":{"title":"Pol\u00edtica de cookies - Cava \u00c0ngel","robots":{"index":"index","follow":"follow","max-snippet":"max-snippet:-1","max-image-preview":"max-image-preview:large","max-video-preview":"max-video-preview:-1"},"canonical":"https:\/\/www.cavaangel.com\/es\/politica-de-cookies\/","og_locale":"es_ES","og_type":"article","og_title":"Pol\u00edtica de cookies - Cava \u00c0ngel","og_url":"https:\/\/www.cavaangel.com\/es\/politica-de-cookies\/","og_site_name":"Cava \u00c0ngel","article_modified_time":"2020-07-09T09:32:32+00:00","twitter_card":"summary_large_image","twitter_misc":{"Tiempo de lectura":"10 minutos"},"schema":{"@context":"https:\/\/schema.org","@graph":[{"@type":"WebPage","@id":"https:\/\/www.cavaangel.com\/es\/politica-de-cookies\/","url":"https:\/\/www.cavaangel.com\/es\/politica-de-cookies\/","name":"Pol\u00edtica de cookies - Cava \u00c0ngel","isPartOf":{"@id":"https:\/\/www.cavaangel.com\/es\/#website"},"datePublished":"2014-12-02T15:54:45+00:00","dateModified":"2020-07-09T09:32:32+00:00","breadcrumb":{"@id":"https:\/\/www.cavaangel.com\/es\/politica-de-cookies\/#breadcrumb"},"inLanguage":"es","potentialAction":[{"@type":"ReadAction","target":["https:\/\/www.cavaangel.com\/es\/politica-de-cookies\/"]}]},{"@type":"BreadcrumbList","@id":"https:\/\/www.cavaangel.com\/es\/politica-de-cookies\/#breadcrumb","itemListElement":[{"@type":"ListItem","position":1,"name":"Portada","item":"https:\/\/www.cavaangel.com\/es\/"},{"@type":"ListItem","position":2,"name":"Pol\u00edtica de cookies"}]},{"@type":"WebSite","@id":"https:\/\/www.cavaangel.com\/es\/#website","url":"https:\/\/www.cavaangel.com\/es\/","name":"Cava \u00c0ngel","description":"Compra el mejor cava artesanal","publisher":{"@id":"https:\/\/www.cavaangel.com\/es\/#organization"},"potentialAction":[{"@type":"SearchAction","target":{"@type":"EntryPoint","urlTemplate":"https:\/\/www.cavaangel.com\/es\/?s={search_term_string}"},"query-input":{"@type":"PropertyValueSpecification","valueRequired":true,"valueName":"search_term_string"}}],"inLanguage":"es"},{"@type":"Organization","@id":"https:\/\/www.cavaangel.com\/es\/#organization","name":"Cava \u00c1ngel","url":"https:\/\/www.cavaangel.com\/es\/","logo":{"@type":"ImageObject","inLanguage":"es","@id":"https:\/\/www.cavaangel.com\/es\/#\/schema\/logo\/image\/","url":"https:\/\/www.cavaangel.com\/wp-content\/uploads\/2015\/02\/logo_cava_angel.png","contentUrl":"https:\/\/www.cavaangel.com\/wp-content\/uploads\/2015\/02\/logo_cava_angel.png","width":300,"height":156,"caption":"Cava \u00c1ngel"},"image":{"@id":"https:\/\/www.cavaangel.com\/es\/#\/schema\/logo\/image\/"}}]}},"_links":{"self":[{"href":"https:\/\/www.cavaangel.com\/es\/wp-json\/wp\/v2\/pages\/111","targetHints":{"allow":["GET"]}}],"collection":[{"href":"https:\/\/www.cavaangel.com\/es\/wp-json\/wp\/v2\/pages"}],"about":[{"href":"https:\/\/www.cavaangel.com\/es\/wp-json\/wp\/v2\/types\/page"}],"author":[{"embeddable":true,"href":"https:\/\/www.cavaangel.com\/es\/wp-json\/wp\/v2\/users\/1"}],"replies":[{"embeddable":true,"href":"https:\/\/www.cavaangel.com\/es\/wp-json\/wp\/v2\/comments?post=111"}],"version-history":[{"count":15,"href":"https:\/\/www.cavaangel.com\/es\/wp-json\/wp\/v2\/pages\/111\/revisions"}],"predecessor-version":[{"id":13103,"href":"https:\/\/www.cavaangel.com\/es\/wp-json\/wp\/v2\/pages\/111\/revisions\/13103"}],"wp:attachment":[{"href":"https:\/\/www.cavaangel.com\/es\/wp-json\/wp\/v2\/media?parent=111"}],"curies":[{"name":"wp","href":"https:\/\/api.w.org\/{rel}","templated":true}]}}