{"id":106,"date":"2014-12-02T12:05:58","date_gmt":"2014-12-02T11:05:58","guid":{"rendered":"http:\/\/www.cavaangel.com\/?page_id=106"},"modified":"2025-09-10T10:28:47","modified_gmt":"2025-09-10T09:28:47","slug":"contacto","status":"publish","type":"page","link":"https:\/\/www.cavaangel.com\/es\/contacto\/","title":{"rendered":"Contacto"},"content":{"rendered":"<div id='av-layout-grid-1'  class='av-layout-grid-container av-2casea-9d74cdd53e875c80c5db3b78d880cee1 entry-content-wrapper main_color av-flex-cells  avia-builder-el-0  avia-builder-el-no-sibling   container_wrap fullsize'  >\n\n<style type=\"text\/css\" data-created_by=\"avia_inline_auto\" id=\"style-css-av-26bylm-80ade13d762f6f752b4d3fe7edcefee3\">\n.flex_cell.av-26bylm-80ade13d762f6f752b4d3fe7edcefee3{\nvertical-align:top;\n}\n.responsive #top #wrap_all .flex_cell.av-26bylm-80ade13d762f6f752b4d3fe7edcefee3{\npadding:60px 30px 30px 50px !important;\n}\n<\/style>\n<div class='flex_cell av-26bylm-80ade13d762f6f752b4d3fe7edcefee3 av-gridrow-cell av_one_fourth no_margin  avia-builder-el-1  el_before_av_cell_one_half  avia-builder-el-first ' ><div class='flex_cell_inner'><\/div><\/div>\n<style type=\"text\/css\" data-created_by=\"avia_inline_auto\" id=\"style-css-av-24t6dm-b013d6b216eb866078163e00eb11dff3\">\n.flex_cell.av-24t6dm-b013d6b216eb866078163e00eb11dff3{\nvertical-align:top;\n}\n.responsive #top #wrap_all .flex_cell.av-24t6dm-b013d6b216eb866078163e00eb11dff3{\npadding:30px 70px 30px 30px !important;\n}\n<\/style>\n<div class='flex_cell av-24t6dm-b013d6b216eb866078163e00eb11dff3 av-gridrow-cell av_one_half no_margin  avia-builder-el-2  el_after_av_cell_one_fourth  el_before_av_cell_one_fourth ' ><div class='flex_cell_inner'><p>\n<style type=\"text\/css\" data-created_by=\"avia_inline_auto\" id=\"style-css-av-av_heading-f36fbdd398134421fda8a10b09ef1acf\">\n#top .av-special-heading.av-av_heading-f36fbdd398134421fda8a10b09ef1acf{\npadding-bottom:10px;\n}\nbody .av-special-heading.av-av_heading-f36fbdd398134421fda8a10b09ef1acf .av-special-heading-tag .heading-char{\nfont-size:25px;\n}\n.av-special-heading.av-av_heading-f36fbdd398134421fda8a10b09ef1acf .av-subheading{\nfont-size:15px;\n}\n<\/style>\n<div  class='av-special-heading av-av_heading-f36fbdd398134421fda8a10b09ef1acf av-special-heading-h3  avia-builder-el-3  el_before_av_hr  avia-builder-el-first '><h3 class='av-special-heading-tag'  itemprop=\"headline\"  >Servicio al cliente &#8211; Contactarnos<\/h3><div class=\"special-heading-border\"><div class=\"special-heading-inner-border\"><\/div><\/div><\/div><br \/>\n\n<style type=\"text\/css\" data-created_by=\"avia_inline_auto\" id=\"style-css-av-1rflyi-03bc99bb5624ea83c2fdb90ab69bc57b\">\n#top .hr.hr-invisible.av-1rflyi-03bc99bb5624ea83c2fdb90ab69bc57b{\nheight:30px;\n}\n<\/style>\n<div  class='hr av-1rflyi-03bc99bb5624ea83c2fdb90ab69bc57b hr-invisible  avia-builder-el-4  el_after_av_heading  el_before_av_textblock '><span class='hr-inner '><span class=\"hr-inner-style\"><\/span><\/span><\/div><br \/>\n<section  class='av_textblock_section av-1lvj0y-c2e5c3d25b1461355615f09c614e5405'  itemscope=\"itemscope\" itemtype=\"https:\/\/schema.org\/CreativeWork\" ><div class='avia_textblock'  itemprop=\"text\" ><p class=\"p1\"><span class=\"s1\">Enviar un mensaje para preguntas referentes a un pedido o para informaciones sobre nuestros productos.<\/span><\/p>\n<\/div><\/section><br \/>\n<form action=\"https:\/\/www.cavaangel.com\/es\/contacto\/\" method=\"post\"  class=\"avia_ajax_form av-form-labels-visible   avia-builder-el-6  el_after_av_textblock  el_before_av_textblock   \" data-avia-form-id=\"1\" data-avia-redirect='' ><fieldset><p class='  first_form  form_element form_fullwidth' id='element_avia_1_1'><label for=\"avia_1_1\">Nombre <abbr class=\"required\" title=\"requerido\">*<\/abbr><\/label> <input name=\"avia_1_1\" class=\"text_input is_empty\" type=\"text\" id=\"avia_1_1\" value=\"\" \/><\/p><p class='  first_form  form_element form_fullwidth' id='element_avia_2_1'><label for=\"avia_2_1\">Correo electr\u00f3nico <abbr class=\"required\" title=\"requerido\">*<\/abbr><\/label> <input name=\"avia_2_1\" class=\"text_input is_email\" type=\"text\" id=\"avia_2_1\" value=\"\" \/><\/p><p class='  first_form  form_element form_fullwidth' id='element_avia_3_1'><label for=\"avia_3_1\">Asunto <abbr class=\"required\" title=\"requerido\">*<\/abbr><\/label> <input name=\"avia_3_1\" class=\"text_input is_empty\" type=\"text\" id=\"avia_3_1\" value=\"\" \/><\/p><p class='  first_form  form_element form_fullwidth' id='element_avia_4_1'><label for=\"avia_4_1\" class=\"textare_label hidden textare_label_avia_4_1\">Mensaje <abbr class=\"required\" title=\"requerido\">*<\/abbr><\/label><textarea  name=\"avia_4_1\" class=\"text_area is_empty\" cols=\"40\" rows=\"7\" id=\"avia_4_1\" ><\/textarea><\/p><div id='avia_5_1' class='av-form-text'><p>\n<strong>Informaci\u00f3n b\u00e1sica sobre Protecci\u00f3n de Datos<\/strong><\/p>\n<ul>\n<li>Responsable de los datos: Asociadis de Inversiones SL.<\/li>\n<li>Finalidad de los datos: Atenci\u00f3n al cliente, consultas y contacto profesional.<\/li>\n<li>Almacenamiento de los datos: Raiola Networks SL (UE)<\/li>\n<li>Plazo de conservaci\u00f3n de los datos: Hasta que no se solicite su supresi\u00f3n por el interesado.<\/li>\n<li>Derechos: En cualquier momento puedes limitar, recuperar y borrar tu informaci\u00f3n.<\/li>\n<\/ul>\n<p>\n<\/div><p class='  first_form  form_element form_fullwidth' id='element_avia_6_1'><input  name=\"avia_6_1\" class=\"input_checkbox is_empty\" type=\"checkbox\" id=\"avia_6_1\" value=\"true\"\/><label class=\"input_checkbox_label\" for=\"avia_6_1\">He le\u00eddo y acepto la <a href=\"https:\/\/www.cavaangel.com\/es\/politica-privacidad-condiciones-uso\/\">Pol\u00edtica de privacidad<\/a> <abbr class=\"required\" title=\"requerido\">*<\/abbr><\/label><\/p><p class=\"hidden\"><input type=\"text\" name=\"avia_7_1\" class=\"hidden \" id=\"avia_7_1\" value=\"\" \/><\/p><div id='avia_8_1' class='av-recaptcha-area  first_form  form_element form_fullwidth '  data-container_class=\"\" data-custom_class=\"\" data-context=\"av_contact_form\" data-token_input=\"av_recaptcha_token\" data-version=\"avia_recaptcha_v3\" data-theme=\"light\" data-size=\"normal\" data-score=\"0.5\" data-text_to_preview=\"\" data-value=\"\"><div class=\"av-google-badge-message hidden\">This site is protected by reCAPTCHA and the Google <a href=\"https:\/\/policies.google.com\/privacy\">Privacy Policy<\/a> and <a href=\"https:\/\/policies.google.com\/terms\">Terms of Service<\/a> apply.<\/div><\/div><p class=\"form_element \"><input type=\"hidden\" value=\"1\" name=\"avia_generated_form1\" \/><input type=\"submit\" value=\"Enviar\" class=\"button\"  data-sending-label=\"Enviando\"\/><\/p><\/fieldset><div class=\"avia-disabled-form\">This contact form is deactivated because you refused to accept Google reCaptcha service which is necessary to validate any messages sent by the form.<\/div><\/form><div id=\"ajaxresponse_1\" class=\"ajaxresponse ajaxresponse_1 hidden\"><\/div><br \/>\n<section  class='av_textblock_section av-kcehvgcs-06dfebe35edb0d9cdeb3f94f1b748d61'  itemscope=\"itemscope\" itemtype=\"https:\/\/schema.org\/CreativeWork\" ><div class='avia_textblock'  itemprop=\"text\" ><div class=\"page\" title=\"Page 28\">\n<div class=\"layoutArea\">\n<div class=\"column\">\n<p>De conformidad con lo establecido en la normativa vigente en Proteccio\u0301n de Datos de Cara\u0301cter Personal, le informamos que sus datos sera\u0301n incorporados al sistema de tratamiento titularidad de ASOCIADIS DE INVERSIONES SL con CIF B25056532 y domicilio social sito en C\/VINYALS,161 LOCAL 08223, TERRASSA (BARCELONA), con la finalidad de atender sus consultas. En cumplimiento con la normativa vigente, ASOCIADIS DE INVERSIONES SL informa que los datos sera\u0301n conservados durante el plazo estrictamente necesario para cumplir con los preceptos mencionados con anterioridad.<\/p>\n<p>Le informamos que trataremos sus datos conforme a la existencia de su consentimiento.<\/p>\n<p>ASOCIADIS DE INVERSIONES SL informa que procedera\u0301 a tratar los datos de manera li\u0301cita, leal, transparente, adecuada, pertinente, limitada, exacta y actualizada. Es por ello que ASOCIADIS DE INVERSIONES SL se compromete a adoptar todas las medidas razonables para que estos se supriman o rectifiquen sin dilacio\u0301n cuando sean inexactos.<\/p>\n<p>De acuerdo con los derechos que le confiere el la normativa vigente en proteccio\u0301n de datos podra\u0301 ejercer los derechos de acceso, rectificacio\u0301n, limitacio\u0301n de tratamiento, supresio\u0301n, portabilidad y oposicio\u0301n al tratamiento de sus datos de cara\u0301cter personal asi\u0301 como del consentimiento prestado para el tratamiento de los mismos, dirigiendo su peticio\u0301n a la direccio\u0301n postal indicada ma\u0301s arriba o al correo electro\u0301nico botiga@cavaangel.com.<\/p>\n<p>Podra\u0301 dirigirse a la Autoridad de Control competente para presentar la reclamacio\u0301n que considere oportuna.<\/p>\n<p>El envi\u0301o de estos datos implica la aceptacio\u0301n de esta cla\u0301usula.<\/p>\n<\/div>\n<\/div>\n<\/div>\n<\/div><\/section><\/p>\n<\/div><\/div>\n<style type=\"text\/css\" data-created_by=\"avia_inline_auto\" id=\"style-css-av-dtlnu-0ec117d42222daac2b597543db8f24b6\">\n.flex_cell.av-dtlnu-0ec117d42222daac2b597543db8f24b6{\nvertical-align:top;\n}\n.responsive #top #wrap_all .flex_cell.av-dtlnu-0ec117d42222daac2b597543db8f24b6{\npadding:30px 30px 30px 30px !important;\n}\n<\/style>\n<div class='flex_cell av-dtlnu-0ec117d42222daac2b597543db8f24b6 av-gridrow-cell av_one_fourth no_margin  avia-builder-el-8  el_after_av_cell_one_half  avia-builder-el-last ' ><div class='flex_cell_inner'>\n<style type=\"text\/css\" data-created_by=\"avia_inline_auto\" id=\"style-css-av-avfwi-b09d9c84c8f9afe3847903d61734bb53\">\n#top .av_textblock_section.av-avfwi-b09d9c84c8f9afe3847903d61734bb53 .avia_textblock{\nfont-size:10px;\n}\n<\/style>\n<section  class='av_textblock_section av-avfwi-b09d9c84c8f9afe3847903d61734bb53'  itemscope=\"itemscope\" itemtype=\"https:\/\/schema.org\/CreativeWork\" ><div class='avia_textblock'  itemprop=\"text\" ><p style=\"text-align: left;\"><strong>\u00c0ngel Cava<\/strong><br \/>\nC\/Vinyals 161, 08223 TERRASSA<br \/>\nLunes a viernes<br \/>\n8:00 &#8211; 14:00<br \/>\n\u2014\u2014<\/p>\n<p style=\"text-align: left;\"><strong>Asistencia al cliente:<\/strong><\/p>\n<p style=\"text-align: left;\">botiga@cavaangel.com<\/p>\n<p style=\"text-align: left;\">Telf: 937 330 695<\/p>\n<\/div><\/section>\n<\/div><\/div><\/div>\n","protected":false},"excerpt":{"rendered":"","protected":false},"author":1,"featured_media":0,"parent":0,"menu_order":0,"comment_status":"closed","ping_status":"closed","template":"","meta":{"footnotes":""},"class_list":["post-106","page","type-page","status-publish","hentry"],"yoast_head":"<!-- This site is optimized with the Yoast SEO plugin v27.2 - https:\/\/yoast.com\/product\/yoast-seo-wordpress\/ -->\n<title>Contacto - Cava \u00c0ngel<\/title>\n<meta name=\"robots\" content=\"index, follow, max-snippet:-1, max-image-preview:large, max-video-preview:-1\" \/>\n<link rel=\"canonical\" href=\"https:\/\/www.cavaangel.com\/es\/contacto\/\" \/>\n<meta property=\"og:locale\" content=\"es_ES\" \/>\n<meta property=\"og:type\" content=\"article\" \/>\n<meta property=\"og:title\" content=\"Contacto - Cava \u00c0ngel\" \/>\n<meta property=\"og:url\" content=\"https:\/\/www.cavaangel.com\/es\/contacto\/\" \/>\n<meta property=\"og:site_name\" content=\"Cava \u00c0ngel\" \/>\n<meta property=\"article:modified_time\" content=\"2025-09-10T09:28:47+00:00\" \/>\n<meta name=\"twitter:card\" content=\"summary_large_image\" \/>\n<meta name=\"twitter:label1\" content=\"Tiempo de lectura\" \/>\n\t<meta name=\"twitter:data1\" content=\"3 minutos\" \/>\n<script type=\"application\/ld+json\" class=\"yoast-schema-graph\">{\"@context\":\"https:\/\/schema.org\",\"@graph\":[{\"@type\":\"WebPage\",\"@id\":\"https:\/\/www.cavaangel.com\/es\/contacto\/\",\"url\":\"https:\/\/www.cavaangel.com\/es\/contacto\/\",\"name\":\"Contacto - Cava \u00c0ngel\",\"isPartOf\":{\"@id\":\"https:\/\/www.cavaangel.com\/es\/#website\"},\"datePublished\":\"2014-12-02T11:05:58+00:00\",\"dateModified\":\"2025-09-10T09:28:47+00:00\",\"breadcrumb\":{\"@id\":\"https:\/\/www.cavaangel.com\/es\/contacto\/#breadcrumb\"},\"inLanguage\":\"es\",\"potentialAction\":[{\"@type\":\"ReadAction\",\"target\":[\"https:\/\/www.cavaangel.com\/es\/contacto\/\"]}]},{\"@type\":\"BreadcrumbList\",\"@id\":\"https:\/\/www.cavaangel.com\/es\/contacto\/#breadcrumb\",\"itemListElement\":[{\"@type\":\"ListItem\",\"position\":1,\"name\":\"Portada\",\"item\":\"https:\/\/www.cavaangel.com\/es\/\"},{\"@type\":\"ListItem\",\"position\":2,\"name\":\"Contacto\"}]},{\"@type\":\"WebSite\",\"@id\":\"https:\/\/www.cavaangel.com\/es\/#website\",\"url\":\"https:\/\/www.cavaangel.com\/es\/\",\"name\":\"Cava \u00c0ngel\",\"description\":\"Compra el mejor cava artesanal\",\"publisher\":{\"@id\":\"https:\/\/www.cavaangel.com\/es\/#organization\"},\"potentialAction\":[{\"@type\":\"SearchAction\",\"target\":{\"@type\":\"EntryPoint\",\"urlTemplate\":\"https:\/\/www.cavaangel.com\/es\/?s={search_term_string}\"},\"query-input\":{\"@type\":\"PropertyValueSpecification\",\"valueRequired\":true,\"valueName\":\"search_term_string\"}}],\"inLanguage\":\"es\"},{\"@type\":\"Organization\",\"@id\":\"https:\/\/www.cavaangel.com\/es\/#organization\",\"name\":\"Cava \u00c1ngel\",\"url\":\"https:\/\/www.cavaangel.com\/es\/\",\"logo\":{\"@type\":\"ImageObject\",\"inLanguage\":\"es\",\"@id\":\"https:\/\/www.cavaangel.com\/es\/#\/schema\/logo\/image\/\",\"url\":\"https:\/\/www.cavaangel.com\/wp-content\/uploads\/2015\/02\/logo_cava_angel.png\",\"contentUrl\":\"https:\/\/www.cavaangel.com\/wp-content\/uploads\/2015\/02\/logo_cava_angel.png\",\"width\":300,\"height\":156,\"caption\":\"Cava \u00c1ngel\"},\"image\":{\"@id\":\"https:\/\/www.cavaangel.com\/es\/#\/schema\/logo\/image\/\"}}]}<\/script>\n<!-- \/ Yoast SEO plugin. -->","yoast_head_json":{"title":"Contacto - Cava \u00c0ngel","robots":{"index":"index","follow":"follow","max-snippet":"max-snippet:-1","max-image-preview":"max-image-preview:large","max-video-preview":"max-video-preview:-1"},"canonical":"https:\/\/www.cavaangel.com\/es\/contacto\/","og_locale":"es_ES","og_type":"article","og_title":"Contacto - Cava \u00c0ngel","og_url":"https:\/\/www.cavaangel.com\/es\/contacto\/","og_site_name":"Cava \u00c0ngel","article_modified_time":"2025-09-10T09:28:47+00:00","twitter_card":"summary_large_image","twitter_misc":{"Tiempo de lectura":"3 minutos"},"schema":{"@context":"https:\/\/schema.org","@graph":[{"@type":"WebPage","@id":"https:\/\/www.cavaangel.com\/es\/contacto\/","url":"https:\/\/www.cavaangel.com\/es\/contacto\/","name":"Contacto - Cava \u00c0ngel","isPartOf":{"@id":"https:\/\/www.cavaangel.com\/es\/#website"},"datePublished":"2014-12-02T11:05:58+00:00","dateModified":"2025-09-10T09:28:47+00:00","breadcrumb":{"@id":"https:\/\/www.cavaangel.com\/es\/contacto\/#breadcrumb"},"inLanguage":"es","potentialAction":[{"@type":"ReadAction","target":["https:\/\/www.cavaangel.com\/es\/contacto\/"]}]},{"@type":"BreadcrumbList","@id":"https:\/\/www.cavaangel.com\/es\/contacto\/#breadcrumb","itemListElement":[{"@type":"ListItem","position":1,"name":"Portada","item":"https:\/\/www.cavaangel.com\/es\/"},{"@type":"ListItem","position":2,"name":"Contacto"}]},{"@type":"WebSite","@id":"https:\/\/www.cavaangel.com\/es\/#website","url":"https:\/\/www.cavaangel.com\/es\/","name":"Cava \u00c0ngel","description":"Compra el mejor cava artesanal","publisher":{"@id":"https:\/\/www.cavaangel.com\/es\/#organization"},"potentialAction":[{"@type":"SearchAction","target":{"@type":"EntryPoint","urlTemplate":"https:\/\/www.cavaangel.com\/es\/?s={search_term_string}"},"query-input":{"@type":"PropertyValueSpecification","valueRequired":true,"valueName":"search_term_string"}}],"inLanguage":"es"},{"@type":"Organization","@id":"https:\/\/www.cavaangel.com\/es\/#organization","name":"Cava \u00c1ngel","url":"https:\/\/www.cavaangel.com\/es\/","logo":{"@type":"ImageObject","inLanguage":"es","@id":"https:\/\/www.cavaangel.com\/es\/#\/schema\/logo\/image\/","url":"https:\/\/www.cavaangel.com\/wp-content\/uploads\/2015\/02\/logo_cava_angel.png","contentUrl":"https:\/\/www.cavaangel.com\/wp-content\/uploads\/2015\/02\/logo_cava_angel.png","width":300,"height":156,"caption":"Cava \u00c1ngel"},"image":{"@id":"https:\/\/www.cavaangel.com\/es\/#\/schema\/logo\/image\/"}}]}},"_links":{"self":[{"href":"https:\/\/www.cavaangel.com\/es\/wp-json\/wp\/v2\/pages\/106","targetHints":{"allow":["GET"]}}],"collection":[{"href":"https:\/\/www.cavaangel.com\/es\/wp-json\/wp\/v2\/pages"}],"about":[{"href":"https:\/\/www.cavaangel.com\/es\/wp-json\/wp\/v2\/types\/page"}],"author":[{"embeddable":true,"href":"https:\/\/www.cavaangel.com\/es\/wp-json\/wp\/v2\/users\/1"}],"replies":[{"embeddable":true,"href":"https:\/\/www.cavaangel.com\/es\/wp-json\/wp\/v2\/comments?post=106"}],"version-history":[{"count":5,"href":"https:\/\/www.cavaangel.com\/es\/wp-json\/wp\/v2\/pages\/106\/revisions"}],"predecessor-version":[{"id":13389,"href":"https:\/\/www.cavaangel.com\/es\/wp-json\/wp\/v2\/pages\/106\/revisions\/13389"}],"wp:attachment":[{"href":"https:\/\/www.cavaangel.com\/es\/wp-json\/wp\/v2\/media?parent=106"}],"curies":[{"name":"wp","href":"https:\/\/api.w.org\/{rel}","templated":true}]}}