{"id":13041,"date":"2014-12-02T09:53:20","date_gmt":"2014-12-02T08:53:20","guid":{"rendered":"https:\/\/www.cavaangel.com\/buy-cava-wine\/angel-cupatge-reserva\/"},"modified":"2023-03-27T10:32:08","modified_gmt":"2023-03-27T09:32:08","slug":"angel-cupatge-reserva","status":"publish","type":"product","link":"https:\/\/www.cavaangel.com\/en\/buy-cava-wine\/angel-cupatge-reserva\/","title":{"rendered":"\u00c0ngel Cupatge Reserva"},"content":{"rendered":"<h4 class=\"p1\">CAVA CHARACTERISTICS<\/h4>\n<p class=\"p2\">Family artisanal cava, made using traditional method and manually stirred.<\/p>\n<p class=\"p2\">Aged for months in our cellars before being disgorged.<\/p>\n<p class=\"p2\">Made from Chardonnay (50%), Macabeu, Xarel.lo and Parellada varieties.<\/p>\n<p class=\"p2\">Our cava is 100% natural, with no added expedition liqueur or sugar.<\/p>\n<p class=\"p2\">\u00c0ngel Cupatge Reserva is the perfect cava for:<\/p>\n<ul class=\"ul1\">\n<li class=\"li4\"><b>Bringing to a dinner with friends<\/b><\/li>\n<li class=\"li4\"><b>Drinking while looking at the sky on a lost beach<\/b><\/li>\n<li class=\"li4\"><b>Enjoying with seafood on a boat<\/b><\/li>\n<\/ul>\n<h4 class=\"p1\">TASTING NOTES \u00c0NGEL CUPATGE RESERVA CAVA<\/h4>\n<p class=\"p2\">Clean and bright to the eye, with a fine pinkish color and a good crown.<\/p>\n<p class=\"p2\">Pleasant to the nose, of medium intensity, with fruity aromas, slightly ripe or baked apple.<\/p>\n<p class=\"p2\">Touches of bakery and creamy brioche. Complex and elegant aroma.<\/p>\n<p class=\"p2\">On the palate, it is a fresh and balanced cava, with medium density.<\/p>\n<p class=\"p2\">The carbonic is well-integrated with a fine, fruity bubble, slight notes of white flower, and a well-integrated acidity.<\/p>\n<p class=\"p2\">It is a very fine and elegant cava that will have good maturity. It pairs well with appetizers and is a great way to start a meal:<\/p>\n<p class=\"p2\">With good ham, foie dishes &#8211; where it will be great to balance the fat of the foie and provide freshness &#8211; and with lightly cooked grilled fish and seafood.<\/p>\n<p class=\"p2\">Serving temperature of 6 to 8\u00ba C. Bottle of 75cl, 11.5%.<\/p>\n<h4 class=\"p1\">AWARDS AND DISTINCTIONS<\/h4>\n<p class=\"p2\">\u00c0ngel Cupatge Reserva Cava<\/p>\n<p class=\"p2\"><strong>91 points at the 2022 Pe\u00f1in Guide.<\/strong><\/p>\n<p class=\"p2\"><strong>Gold medal<\/strong> at the 2018 Catavinum World Wine &amp; Spirits Competition<\/p>\n<p class=\"p2\"><strong>Gold medal<\/strong> at the 2016 Catavinum World Wine &amp; Spirits Competition<\/p>\n<p class=\"p6\"><strong>Silver medal <\/strong>at the 2014 CINVE International Wine Contest.<\/p>\n<p class=\"p6\"><strong>Silver medal <\/strong>at the 2011 CINVE International Wine Contest.<\/p>\n<p class=\"p6\"><strong>Silver medal <\/strong>at the 2009 CINVE International Wine Contest.<\/p>\n","protected":false},"excerpt":{"rendered":"<p class=\"p1\">Elegant artisanal cava made with Chardonnay, Macabeu, Xarel.lo, and Parellada grape varieties.<\/p>\n","protected":false},"featured_media":13009,"comment_status":"open","ping_status":"closed","template":"","meta":[],"product_brand":[],"product_cat":[19],"product_tag":[],"class_list":{"0":"post-13041","1":"product","2":"type-product","3":"status-publish","4":"has-post-thumbnail","6":"product_cat-cava-en","8":"first","9":"instock","10":"taxable","11":"shipping-taxable","12":"purchasable","13":"product-type-simple"},"yoast_head":"<!-- This site is optimized with the Yoast SEO plugin v27.2 - https:\/\/yoast.com\/product\/yoast-seo-wordpress\/ -->\n<title>\u00c0ngel Cupatge Reserva - \u00c0ngel Cava<\/title>\n<meta name=\"description\" content=\"\u00c0ngel Cupatge Reserva has been crafted using the traditional method and manually riddled. Chardonnay (50%), Macabeu, Xarel.lo, and Parellada.\" \/>\n<meta name=\"robots\" content=\"index, follow, max-snippet:-1, max-image-preview:large, max-video-preview:-1\" \/>\n<link rel=\"canonical\" href=\"https:\/\/www.cavaangel.com\/en\/buy-cava-wine\/angel-cupatge-reserva\/\" \/>\n<meta property=\"og:locale\" content=\"en_US\" \/>\n<meta property=\"og:type\" content=\"article\" \/>\n<meta property=\"og:title\" content=\"\u00c0ngel Cupatge Reserva - \u00c0ngel Cava\" \/>\n<meta property=\"og:description\" content=\"\u00c0ngel Cupatge Reserva has been crafted using the traditional method and manually riddled. Chardonnay (50%), Macabeu, Xarel.lo, and Parellada.\" \/>\n<meta property=\"og:url\" content=\"https:\/\/www.cavaangel.com\/en\/buy-cava-wine\/angel-cupatge-reserva\/\" \/>\n<meta property=\"og:site_name\" content=\"\u00c0ngel Cava\" \/>\n<meta property=\"article:modified_time\" content=\"2023-03-27T09:32:08+00:00\" \/>\n<meta property=\"og:image\" content=\"https:\/\/www.cavaangel.com\/wp-content\/uploads\/2014\/12\/cava-angel-cupatge-2022-cat.jpg\" \/>\n\t<meta property=\"og:image:width\" content=\"600\" \/>\n\t<meta property=\"og:image:height\" content=\"600\" \/>\n\t<meta property=\"og:image:type\" content=\"image\/jpeg\" \/>\n<meta name=\"twitter:card\" content=\"summary_large_image\" \/>\n<meta name=\"twitter:label1\" content=\"Est. reading time\" \/>\n\t<meta name=\"twitter:data1\" content=\"2 minutes\" \/>\n<script type=\"application\/ld+json\" class=\"yoast-schema-graph\">{\"@context\":\"https:\/\/schema.org\",\"@graph\":[{\"@type\":\"WebPage\",\"@id\":\"https:\/\/www.cavaangel.com\/en\/buy-cava-wine\/angel-cupatge-reserva\/\",\"url\":\"https:\/\/www.cavaangel.com\/en\/buy-cava-wine\/angel-cupatge-reserva\/\",\"name\":\"\u00c0ngel Cupatge Reserva - \u00c0ngel Cava\",\"isPartOf\":{\"@id\":\"https:\/\/www.cavaangel.com\/en\/#website\"},\"primaryImageOfPage\":{\"@id\":\"https:\/\/www.cavaangel.com\/en\/buy-cava-wine\/angel-cupatge-reserva\/#primaryimage\"},\"image\":{\"@id\":\"https:\/\/www.cavaangel.com\/en\/buy-cava-wine\/angel-cupatge-reserva\/#primaryimage\"},\"thumbnailUrl\":\"https:\/\/www.cavaangel.com\/wp-content\/uploads\/2014\/12\/cava-angel-cupatge-2022-cat.jpg\",\"datePublished\":\"2014-12-02T08:53:20+00:00\",\"dateModified\":\"2023-03-27T09:32:08+00:00\",\"description\":\"\u00c0ngel Cupatge Reserva has been crafted using the traditional method and manually riddled. Chardonnay (50%), Macabeu, Xarel.lo, and Parellada.\",\"breadcrumb\":{\"@id\":\"https:\/\/www.cavaangel.com\/en\/buy-cava-wine\/angel-cupatge-reserva\/#breadcrumb\"},\"inLanguage\":\"en-US\",\"potentialAction\":[{\"@type\":\"ReadAction\",\"target\":[\"https:\/\/www.cavaangel.com\/en\/buy-cava-wine\/angel-cupatge-reserva\/\"]}]},{\"@type\":\"ImageObject\",\"inLanguage\":\"en-US\",\"@id\":\"https:\/\/www.cavaangel.com\/en\/buy-cava-wine\/angel-cupatge-reserva\/#primaryimage\",\"url\":\"https:\/\/www.cavaangel.com\/wp-content\/uploads\/2014\/12\/cava-angel-cupatge-2022-cat.jpg\",\"contentUrl\":\"https:\/\/www.cavaangel.com\/wp-content\/uploads\/2014\/12\/cava-angel-cupatge-2022-cat.jpg\",\"width\":600,\"height\":600},{\"@type\":\"BreadcrumbList\",\"@id\":\"https:\/\/www.cavaangel.com\/en\/buy-cava-wine\/angel-cupatge-reserva\/#breadcrumb\",\"itemListElement\":[{\"@type\":\"ListItem\",\"position\":1,\"name\":\"Portada\",\"item\":\"https:\/\/www.cavaangel.com\/en\/\"},{\"@type\":\"ListItem\",\"position\":2,\"name\":\"Shop\",\"item\":\"https:\/\/www.cavaangel.com\/en\/shop-2\/\"},{\"@type\":\"ListItem\",\"position\":3,\"name\":\"\u00c0ngel Cupatge Reserva\"}]},{\"@type\":\"WebSite\",\"@id\":\"https:\/\/www.cavaangel.com\/en\/#website\",\"url\":\"https:\/\/www.cavaangel.com\/en\/\",\"name\":\"Cava \u00c0ngel\",\"description\":\"Compra el millor cava i vi artesanal\",\"publisher\":{\"@id\":\"https:\/\/www.cavaangel.com\/en\/#organization\"},\"potentialAction\":[{\"@type\":\"SearchAction\",\"target\":{\"@type\":\"EntryPoint\",\"urlTemplate\":\"https:\/\/www.cavaangel.com\/en\/?s={search_term_string}\"},\"query-input\":{\"@type\":\"PropertyValueSpecification\",\"valueRequired\":true,\"valueName\":\"search_term_string\"}}],\"inLanguage\":\"en-US\"},{\"@type\":\"Organization\",\"@id\":\"https:\/\/www.cavaangel.com\/en\/#organization\",\"name\":\"Cava \u00c1ngel\",\"url\":\"https:\/\/www.cavaangel.com\/en\/\",\"logo\":{\"@type\":\"ImageObject\",\"inLanguage\":\"en-US\",\"@id\":\"https:\/\/www.cavaangel.com\/en\/#\/schema\/logo\/image\/\",\"url\":\"https:\/\/www.cavaangel.com\/wp-content\/uploads\/2015\/02\/logo_cava_angel.png\",\"contentUrl\":\"https:\/\/www.cavaangel.com\/wp-content\/uploads\/2015\/02\/logo_cava_angel.png\",\"width\":300,\"height\":156,\"caption\":\"Cava \u00c1ngel\"},\"image\":{\"@id\":\"https:\/\/www.cavaangel.com\/en\/#\/schema\/logo\/image\/\"}}]}<\/script>\n<!-- \/ Yoast SEO plugin. -->","yoast_head_json":{"title":"\u00c0ngel Cupatge Reserva - \u00c0ngel Cava","description":"\u00c0ngel Cupatge Reserva has been crafted using the traditional method and manually riddled. Chardonnay (50%), Macabeu, Xarel.lo, and Parellada.","robots":{"index":"index","follow":"follow","max-snippet":"max-snippet:-1","max-image-preview":"max-image-preview:large","max-video-preview":"max-video-preview:-1"},"canonical":"https:\/\/www.cavaangel.com\/en\/buy-cava-wine\/angel-cupatge-reserva\/","og_locale":"en_US","og_type":"article","og_title":"\u00c0ngel Cupatge Reserva - \u00c0ngel Cava","og_description":"\u00c0ngel Cupatge Reserva has been crafted using the traditional method and manually riddled. Chardonnay (50%), Macabeu, Xarel.lo, and Parellada.","og_url":"https:\/\/www.cavaangel.com\/en\/buy-cava-wine\/angel-cupatge-reserva\/","og_site_name":"\u00c0ngel Cava","article_modified_time":"2023-03-27T09:32:08+00:00","og_image":[{"width":600,"height":600,"url":"https:\/\/www.cavaangel.com\/wp-content\/uploads\/2014\/12\/cava-angel-cupatge-2022-cat.jpg","type":"image\/jpeg"}],"twitter_card":"summary_large_image","twitter_misc":{"Est. reading time":"2 minutes"},"schema":{"@context":"https:\/\/schema.org","@graph":[{"@type":"WebPage","@id":"https:\/\/www.cavaangel.com\/en\/buy-cava-wine\/angel-cupatge-reserva\/","url":"https:\/\/www.cavaangel.com\/en\/buy-cava-wine\/angel-cupatge-reserva\/","name":"\u00c0ngel Cupatge Reserva - \u00c0ngel Cava","isPartOf":{"@id":"https:\/\/www.cavaangel.com\/en\/#website"},"primaryImageOfPage":{"@id":"https:\/\/www.cavaangel.com\/en\/buy-cava-wine\/angel-cupatge-reserva\/#primaryimage"},"image":{"@id":"https:\/\/www.cavaangel.com\/en\/buy-cava-wine\/angel-cupatge-reserva\/#primaryimage"},"thumbnailUrl":"https:\/\/www.cavaangel.com\/wp-content\/uploads\/2014\/12\/cava-angel-cupatge-2022-cat.jpg","datePublished":"2014-12-02T08:53:20+00:00","dateModified":"2023-03-27T09:32:08+00:00","description":"\u00c0ngel Cupatge Reserva has been crafted using the traditional method and manually riddled. Chardonnay (50%), Macabeu, Xarel.lo, and Parellada.","breadcrumb":{"@id":"https:\/\/www.cavaangel.com\/en\/buy-cava-wine\/angel-cupatge-reserva\/#breadcrumb"},"inLanguage":"en-US","potentialAction":[{"@type":"ReadAction","target":["https:\/\/www.cavaangel.com\/en\/buy-cava-wine\/angel-cupatge-reserva\/"]}]},{"@type":"ImageObject","inLanguage":"en-US","@id":"https:\/\/www.cavaangel.com\/en\/buy-cava-wine\/angel-cupatge-reserva\/#primaryimage","url":"https:\/\/www.cavaangel.com\/wp-content\/uploads\/2014\/12\/cava-angel-cupatge-2022-cat.jpg","contentUrl":"https:\/\/www.cavaangel.com\/wp-content\/uploads\/2014\/12\/cava-angel-cupatge-2022-cat.jpg","width":600,"height":600},{"@type":"BreadcrumbList","@id":"https:\/\/www.cavaangel.com\/en\/buy-cava-wine\/angel-cupatge-reserva\/#breadcrumb","itemListElement":[{"@type":"ListItem","position":1,"name":"Portada","item":"https:\/\/www.cavaangel.com\/en\/"},{"@type":"ListItem","position":2,"name":"Shop","item":"https:\/\/www.cavaangel.com\/en\/shop-2\/"},{"@type":"ListItem","position":3,"name":"\u00c0ngel Cupatge Reserva"}]},{"@type":"WebSite","@id":"https:\/\/www.cavaangel.com\/en\/#website","url":"https:\/\/www.cavaangel.com\/en\/","name":"Cava \u00c0ngel","description":"Compra el millor cava i vi artesanal","publisher":{"@id":"https:\/\/www.cavaangel.com\/en\/#organization"},"potentialAction":[{"@type":"SearchAction","target":{"@type":"EntryPoint","urlTemplate":"https:\/\/www.cavaangel.com\/en\/?s={search_term_string}"},"query-input":{"@type":"PropertyValueSpecification","valueRequired":true,"valueName":"search_term_string"}}],"inLanguage":"en-US"},{"@type":"Organization","@id":"https:\/\/www.cavaangel.com\/en\/#organization","name":"Cava \u00c1ngel","url":"https:\/\/www.cavaangel.com\/en\/","logo":{"@type":"ImageObject","inLanguage":"en-US","@id":"https:\/\/www.cavaangel.com\/en\/#\/schema\/logo\/image\/","url":"https:\/\/www.cavaangel.com\/wp-content\/uploads\/2015\/02\/logo_cava_angel.png","contentUrl":"https:\/\/www.cavaangel.com\/wp-content\/uploads\/2015\/02\/logo_cava_angel.png","width":300,"height":156,"caption":"Cava \u00c1ngel"},"image":{"@id":"https:\/\/www.cavaangel.com\/en\/#\/schema\/logo\/image\/"}}]}},"_links":{"self":[{"href":"https:\/\/www.cavaangel.com\/en\/wp-json\/wp\/v2\/product\/13041","targetHints":{"allow":["GET"]}}],"collection":[{"href":"https:\/\/www.cavaangel.com\/en\/wp-json\/wp\/v2\/product"}],"about":[{"href":"https:\/\/www.cavaangel.com\/en\/wp-json\/wp\/v2\/types\/product"}],"replies":[{"embeddable":true,"href":"https:\/\/www.cavaangel.com\/en\/wp-json\/wp\/v2\/comments?post=13041"}],"wp:featuredmedia":[{"embeddable":true,"href":"https:\/\/www.cavaangel.com\/en\/wp-json\/wp\/v2\/media\/13009"}],"wp:attachment":[{"href":"https:\/\/www.cavaangel.com\/en\/wp-json\/wp\/v2\/media?parent=13041"}],"wp:term":[{"taxonomy":"product_brand","embeddable":true,"href":"https:\/\/www.cavaangel.com\/en\/wp-json\/wp\/v2\/product_brand?post=13041"},{"taxonomy":"product_cat","embeddable":true,"href":"https:\/\/www.cavaangel.com\/en\/wp-json\/wp\/v2\/product_cat?post=13041"},{"taxonomy":"product_tag","embeddable":true,"href":"https:\/\/www.cavaangel.com\/en\/wp-json\/wp\/v2\/product_tag?post=13041"}],"curies":[{"name":"wp","href":"https:\/\/api.w.org\/{rel}","templated":true}]}}