{"id":13039,"date":"2014-12-02T10:06:46","date_gmt":"2014-12-02T09:06:46","guid":{"rendered":"https:\/\/www.cavaangel.com\/buy-cava-wine\/angel-noir-rosat\/"},"modified":"2023-03-27T10:05:29","modified_gmt":"2023-03-27T09:05:29","slug":"angel-noir-rosat","status":"publish","type":"product","link":"https:\/\/www.cavaangel.com\/en\/buy-cava-wine\/angel-noir-rosat\/","title":{"rendered":"\u00c0ngel Noir Rosat"},"content":{"rendered":"<h4 class=\"p1\">CAVA FEATURES<\/h4>\n<p class=\"p2\">This amazing ros\u00e9 cava has been created using the traditional method and has been manually stirred. It has rested for months in our cellars before being disgorged. Made with Pinot Noir, Garnacha, and Trepat grapes, our cava is 100% natural, without any added expedition liquor or sugar. \u00c0ngel Noir Rosat is the perfect cava for:<\/p>\n<ul class=\"ul1\">\n<li class=\"li4\"><b>Reminding your loved one that you care<\/b><\/li>\n<li class=\"li4\"><b>Pairing with strawberries on a picnic<\/b><\/li>\n<li class=\"li4\"><b>Drinking by the fireplace<\/b><\/li>\n<\/ul>\n<h4 class=\"p1\">TASTING NOTES \u00c0NGEL NOIR ROSAT CAVA<\/h4>\n<p class=\"p2\">This cava has a medium intensity cherry-red color with fine bubbles, a good crown, and is clean and bright to the eye. It has a medium intensity, pleasant and mature aroma, fruity (ripe strawberries, candy), and with light dairy notes. It has a good entry in the mouth, is pleasant, medium density, round, and balanced, with a tasty flavor of red fruits. The carbonic is fine and elegant, very well integrated.<\/p>\n<p class=\"p2\">This ros\u00e9 cava can be enjoyed with an entire meal, from appetizers to main courses. It has power and structure and is ideal for dishes such as cod with roasted vegetables or sobrasada, salmon tartare, meats with cheese sauces, grilled artichokes, swordfish, or pork with prunes, and as dessert with strawberries and dark chocolate.<\/p>\n<p class=\"p2\">Serving temperature: 6-8\u00baC. Bottle size: 75cl, 11.5% alcohol by volume.<\/p>\n<h4 class=\"p1\">AWARDS AND DISTINCTIONS<\/h4>\n<p class=\"p2\">Cava \u00c0ngel Noir Rosat<\/p>\n<p class=\"p2\"><b>85 points at the 2022 Pe\u00f1in Guide<\/b>.<\/p>\n<p class=\"p2\"><strong>Silver medal<\/strong> at the 2018 Catavinum World Wine &amp; Spirits Competition<\/p>\n<p class=\"p2\"><strong>Silver medal<\/strong> at the 2016 Catavinum World Wine &amp; Spirits Competition<\/p>\n","protected":false},"excerpt":{"rendered":"<p class=\"p1\">An amazing artisanal cava made with Pinot Noir, Garnacha, and Trepat.<\/p>\n","protected":false},"featured_media":13008,"comment_status":"open","ping_status":"closed","template":"","meta":[],"product_brand":[],"product_cat":[19],"product_tag":[],"class_list":{"0":"post-13039","1":"product","2":"type-product","3":"status-publish","4":"has-post-thumbnail","6":"product_cat-cava-en","8":"first","9":"instock","10":"taxable","11":"shipping-taxable","12":"purchasable","13":"product-type-simple"},"yoast_head":"<!-- This site is optimized with the Yoast SEO plugin v27.2 - https:\/\/yoast.com\/product\/yoast-seo-wordpress\/ -->\n<title>\u00c0ngel Noir Rosat - \u00c0ngel Cava<\/title>\n<meta name=\"description\" content=\"\u00c0ngel Noir Rosat is the perfect cava to give as a gift. 100% natural, with no added liquor or sugar, made with Pinot Noir, Garnacha and Trepat grape varieties\" \/>\n<meta name=\"robots\" content=\"index, follow, max-snippet:-1, max-image-preview:large, max-video-preview:-1\" \/>\n<link rel=\"canonical\" href=\"https:\/\/www.cavaangel.com\/en\/buy-cava-wine\/angel-noir-rosat\/\" \/>\n<meta property=\"og:locale\" content=\"en_US\" \/>\n<meta property=\"og:type\" content=\"article\" \/>\n<meta property=\"og:title\" content=\"\u00c0ngel Noir Rosat - \u00c0ngel Cava\" \/>\n<meta property=\"og:description\" content=\"\u00c0ngel Noir Rosat is the perfect cava to give as a gift. 100% natural, with no added liquor or sugar, made with Pinot Noir, Garnacha and Trepat grape varieties\" \/>\n<meta property=\"og:url\" content=\"https:\/\/www.cavaangel.com\/en\/buy-cava-wine\/angel-noir-rosat\/\" \/>\n<meta property=\"og:site_name\" content=\"\u00c0ngel Cava\" \/>\n<meta property=\"article:modified_time\" content=\"2023-03-27T09:05:29+00:00\" \/>\n<meta property=\"og:image\" content=\"https:\/\/www.cavaangel.com\/wp-content\/uploads\/2014\/12\/cava-angel-rosat-2022.jpg\" \/>\n\t<meta property=\"og:image:width\" content=\"600\" \/>\n\t<meta property=\"og:image:height\" content=\"600\" \/>\n\t<meta property=\"og:image:type\" content=\"image\/jpeg\" \/>\n<meta name=\"twitter:card\" content=\"summary_large_image\" \/>\n<meta name=\"twitter:label1\" content=\"Est. reading time\" \/>\n\t<meta name=\"twitter:data1\" content=\"2 minutes\" \/>\n<script type=\"application\/ld+json\" class=\"yoast-schema-graph\">{\"@context\":\"https:\/\/schema.org\",\"@graph\":[{\"@type\":\"WebPage\",\"@id\":\"https:\/\/www.cavaangel.com\/en\/buy-cava-wine\/angel-noir-rosat\/\",\"url\":\"https:\/\/www.cavaangel.com\/en\/buy-cava-wine\/angel-noir-rosat\/\",\"name\":\"\u00c0ngel Noir Rosat - \u00c0ngel Cava\",\"isPartOf\":{\"@id\":\"https:\/\/www.cavaangel.com\/en\/#website\"},\"primaryImageOfPage\":{\"@id\":\"https:\/\/www.cavaangel.com\/en\/buy-cava-wine\/angel-noir-rosat\/#primaryimage\"},\"image\":{\"@id\":\"https:\/\/www.cavaangel.com\/en\/buy-cava-wine\/angel-noir-rosat\/#primaryimage\"},\"thumbnailUrl\":\"https:\/\/www.cavaangel.com\/wp-content\/uploads\/2014\/12\/cava-angel-rosat-2022.jpg\",\"datePublished\":\"2014-12-02T09:06:46+00:00\",\"dateModified\":\"2023-03-27T09:05:29+00:00\",\"description\":\"\u00c0ngel Noir Rosat is the perfect cava to give as a gift. 100% natural, with no added liquor or sugar, made with Pinot Noir, Garnacha and Trepat grape varieties\",\"breadcrumb\":{\"@id\":\"https:\/\/www.cavaangel.com\/en\/buy-cava-wine\/angel-noir-rosat\/#breadcrumb\"},\"inLanguage\":\"en-US\",\"potentialAction\":[{\"@type\":\"ReadAction\",\"target\":[\"https:\/\/www.cavaangel.com\/en\/buy-cava-wine\/angel-noir-rosat\/\"]}]},{\"@type\":\"ImageObject\",\"inLanguage\":\"en-US\",\"@id\":\"https:\/\/www.cavaangel.com\/en\/buy-cava-wine\/angel-noir-rosat\/#primaryimage\",\"url\":\"https:\/\/www.cavaangel.com\/wp-content\/uploads\/2014\/12\/cava-angel-rosat-2022.jpg\",\"contentUrl\":\"https:\/\/www.cavaangel.com\/wp-content\/uploads\/2014\/12\/cava-angel-rosat-2022.jpg\",\"width\":600,\"height\":600},{\"@type\":\"BreadcrumbList\",\"@id\":\"https:\/\/www.cavaangel.com\/en\/buy-cava-wine\/angel-noir-rosat\/#breadcrumb\",\"itemListElement\":[{\"@type\":\"ListItem\",\"position\":1,\"name\":\"Portada\",\"item\":\"https:\/\/www.cavaangel.com\/en\/\"},{\"@type\":\"ListItem\",\"position\":2,\"name\":\"Shop\",\"item\":\"https:\/\/www.cavaangel.com\/en\/shop-2\/\"},{\"@type\":\"ListItem\",\"position\":3,\"name\":\"\u00c0ngel Noir Rosat\"}]},{\"@type\":\"WebSite\",\"@id\":\"https:\/\/www.cavaangel.com\/en\/#website\",\"url\":\"https:\/\/www.cavaangel.com\/en\/\",\"name\":\"Cava \u00c0ngel\",\"description\":\"Compra el millor cava i vi artesanal\",\"publisher\":{\"@id\":\"https:\/\/www.cavaangel.com\/en\/#organization\"},\"potentialAction\":[{\"@type\":\"SearchAction\",\"target\":{\"@type\":\"EntryPoint\",\"urlTemplate\":\"https:\/\/www.cavaangel.com\/en\/?s={search_term_string}\"},\"query-input\":{\"@type\":\"PropertyValueSpecification\",\"valueRequired\":true,\"valueName\":\"search_term_string\"}}],\"inLanguage\":\"en-US\"},{\"@type\":\"Organization\",\"@id\":\"https:\/\/www.cavaangel.com\/en\/#organization\",\"name\":\"Cava \u00c1ngel\",\"url\":\"https:\/\/www.cavaangel.com\/en\/\",\"logo\":{\"@type\":\"ImageObject\",\"inLanguage\":\"en-US\",\"@id\":\"https:\/\/www.cavaangel.com\/en\/#\/schema\/logo\/image\/\",\"url\":\"https:\/\/www.cavaangel.com\/wp-content\/uploads\/2015\/02\/logo_cava_angel.png\",\"contentUrl\":\"https:\/\/www.cavaangel.com\/wp-content\/uploads\/2015\/02\/logo_cava_angel.png\",\"width\":300,\"height\":156,\"caption\":\"Cava \u00c1ngel\"},\"image\":{\"@id\":\"https:\/\/www.cavaangel.com\/en\/#\/schema\/logo\/image\/\"}}]}<\/script>\n<!-- \/ Yoast SEO plugin. -->","yoast_head_json":{"title":"\u00c0ngel Noir Rosat - \u00c0ngel Cava","description":"\u00c0ngel Noir Rosat is the perfect cava to give as a gift. 100% natural, with no added liquor or sugar, made with Pinot Noir, Garnacha and Trepat grape varieties","robots":{"index":"index","follow":"follow","max-snippet":"max-snippet:-1","max-image-preview":"max-image-preview:large","max-video-preview":"max-video-preview:-1"},"canonical":"https:\/\/www.cavaangel.com\/en\/buy-cava-wine\/angel-noir-rosat\/","og_locale":"en_US","og_type":"article","og_title":"\u00c0ngel Noir Rosat - \u00c0ngel Cava","og_description":"\u00c0ngel Noir Rosat is the perfect cava to give as a gift. 100% natural, with no added liquor or sugar, made with Pinot Noir, Garnacha and Trepat grape varieties","og_url":"https:\/\/www.cavaangel.com\/en\/buy-cava-wine\/angel-noir-rosat\/","og_site_name":"\u00c0ngel Cava","article_modified_time":"2023-03-27T09:05:29+00:00","og_image":[{"width":600,"height":600,"url":"https:\/\/www.cavaangel.com\/wp-content\/uploads\/2014\/12\/cava-angel-rosat-2022.jpg","type":"image\/jpeg"}],"twitter_card":"summary_large_image","twitter_misc":{"Est. reading time":"2 minutes"},"schema":{"@context":"https:\/\/schema.org","@graph":[{"@type":"WebPage","@id":"https:\/\/www.cavaangel.com\/en\/buy-cava-wine\/angel-noir-rosat\/","url":"https:\/\/www.cavaangel.com\/en\/buy-cava-wine\/angel-noir-rosat\/","name":"\u00c0ngel Noir Rosat - \u00c0ngel Cava","isPartOf":{"@id":"https:\/\/www.cavaangel.com\/en\/#website"},"primaryImageOfPage":{"@id":"https:\/\/www.cavaangel.com\/en\/buy-cava-wine\/angel-noir-rosat\/#primaryimage"},"image":{"@id":"https:\/\/www.cavaangel.com\/en\/buy-cava-wine\/angel-noir-rosat\/#primaryimage"},"thumbnailUrl":"https:\/\/www.cavaangel.com\/wp-content\/uploads\/2014\/12\/cava-angel-rosat-2022.jpg","datePublished":"2014-12-02T09:06:46+00:00","dateModified":"2023-03-27T09:05:29+00:00","description":"\u00c0ngel Noir Rosat is the perfect cava to give as a gift. 100% natural, with no added liquor or sugar, made with Pinot Noir, Garnacha and Trepat grape varieties","breadcrumb":{"@id":"https:\/\/www.cavaangel.com\/en\/buy-cava-wine\/angel-noir-rosat\/#breadcrumb"},"inLanguage":"en-US","potentialAction":[{"@type":"ReadAction","target":["https:\/\/www.cavaangel.com\/en\/buy-cava-wine\/angel-noir-rosat\/"]}]},{"@type":"ImageObject","inLanguage":"en-US","@id":"https:\/\/www.cavaangel.com\/en\/buy-cava-wine\/angel-noir-rosat\/#primaryimage","url":"https:\/\/www.cavaangel.com\/wp-content\/uploads\/2014\/12\/cava-angel-rosat-2022.jpg","contentUrl":"https:\/\/www.cavaangel.com\/wp-content\/uploads\/2014\/12\/cava-angel-rosat-2022.jpg","width":600,"height":600},{"@type":"BreadcrumbList","@id":"https:\/\/www.cavaangel.com\/en\/buy-cava-wine\/angel-noir-rosat\/#breadcrumb","itemListElement":[{"@type":"ListItem","position":1,"name":"Portada","item":"https:\/\/www.cavaangel.com\/en\/"},{"@type":"ListItem","position":2,"name":"Shop","item":"https:\/\/www.cavaangel.com\/en\/shop-2\/"},{"@type":"ListItem","position":3,"name":"\u00c0ngel Noir Rosat"}]},{"@type":"WebSite","@id":"https:\/\/www.cavaangel.com\/en\/#website","url":"https:\/\/www.cavaangel.com\/en\/","name":"Cava \u00c0ngel","description":"Compra el millor cava i vi artesanal","publisher":{"@id":"https:\/\/www.cavaangel.com\/en\/#organization"},"potentialAction":[{"@type":"SearchAction","target":{"@type":"EntryPoint","urlTemplate":"https:\/\/www.cavaangel.com\/en\/?s={search_term_string}"},"query-input":{"@type":"PropertyValueSpecification","valueRequired":true,"valueName":"search_term_string"}}],"inLanguage":"en-US"},{"@type":"Organization","@id":"https:\/\/www.cavaangel.com\/en\/#organization","name":"Cava \u00c1ngel","url":"https:\/\/www.cavaangel.com\/en\/","logo":{"@type":"ImageObject","inLanguage":"en-US","@id":"https:\/\/www.cavaangel.com\/en\/#\/schema\/logo\/image\/","url":"https:\/\/www.cavaangel.com\/wp-content\/uploads\/2015\/02\/logo_cava_angel.png","contentUrl":"https:\/\/www.cavaangel.com\/wp-content\/uploads\/2015\/02\/logo_cava_angel.png","width":300,"height":156,"caption":"Cava \u00c1ngel"},"image":{"@id":"https:\/\/www.cavaangel.com\/en\/#\/schema\/logo\/image\/"}}]}},"_links":{"self":[{"href":"https:\/\/www.cavaangel.com\/en\/wp-json\/wp\/v2\/product\/13039","targetHints":{"allow":["GET"]}}],"collection":[{"href":"https:\/\/www.cavaangel.com\/en\/wp-json\/wp\/v2\/product"}],"about":[{"href":"https:\/\/www.cavaangel.com\/en\/wp-json\/wp\/v2\/types\/product"}],"replies":[{"embeddable":true,"href":"https:\/\/www.cavaangel.com\/en\/wp-json\/wp\/v2\/comments?post=13039"}],"wp:featuredmedia":[{"embeddable":true,"href":"https:\/\/www.cavaangel.com\/en\/wp-json\/wp\/v2\/media\/13008"}],"wp:attachment":[{"href":"https:\/\/www.cavaangel.com\/en\/wp-json\/wp\/v2\/media?parent=13039"}],"wp:term":[{"taxonomy":"product_brand","embeddable":true,"href":"https:\/\/www.cavaangel.com\/en\/wp-json\/wp\/v2\/product_brand?post=13039"},{"taxonomy":"product_cat","embeddable":true,"href":"https:\/\/www.cavaangel.com\/en\/wp-json\/wp\/v2\/product_cat?post=13039"},{"taxonomy":"product_tag","embeddable":true,"href":"https:\/\/www.cavaangel.com\/en\/wp-json\/wp\/v2\/product_tag?post=13039"}],"curies":[{"name":"wp","href":"https:\/\/api.w.org\/{rel}","templated":true}]}}