{"id":13037,"date":"2014-12-02T10:58:17","date_gmt":"2014-12-02T09:58:17","guid":{"rendered":"https:\/\/www.cavaangel.com\/buy-cava-wine\/gran-seleccio\/"},"modified":"2025-08-19T17:36:21","modified_gmt":"2025-08-19T16:36:21","slug":"gran-seleccio","status":"publish","type":"product","link":"https:\/\/www.cavaangel.com\/en\/buy-cava-wine\/gran-seleccio\/","title":{"rendered":"Gran Selecci\u00f3 2019"},"content":{"rendered":"<h4>FEATURES<\/h4>\n<p>Aged red wine. Varieties: 60% Cabernet Sauvignon, 16% Merlot, 15% Callet, and 9% Manto Negro.<br \/>\nGeographic Location: Sa Basseta Vineyards (Santa Mar\u00eda del Cam\u00ed, Mallorca). Harvest: Manual Collection.<br \/>\nElaboration: Maceration and fermentation in stainless steel tanks at controlled temperature for 20 days. Daily punching down and pumping over. Aging in 300-liter barrels, 95% French oak and 5% American oak for 12 months. Alcohol content of 14.5% Vol.<\/p>\n<h4>TASTING NOTES<\/h4>\n<p>Ruby red with garnet hues. It is clean with a high layer. Aromas of ripe forest fruits such as currants, raspberries, and blackberries. Slight spicy and mentholated notes that give way to toasted, smoky, and toffee cream hints from the oak.<br \/>\nRound and velvety, it has a great body. In the mouth, fruity notes of plum and spices dominate. The finish is long and dry.<\/p>\n<h4>AWARDS AND DISTINCTIONS<\/h4>\n<p><strong>\u00c0ngel Gran Selecci\u00f3 Wine, winner of Bacchus Oro 2012.<\/strong><\/p>\n","protected":false},"excerpt":{"rendered":"<p class=\"p1\">Mallorcan red wine with aging. Cabernet, Merlot, Callet, and Manto Negro.<\/p>\n","protected":false},"featured_media":11737,"comment_status":"open","ping_status":"closed","template":"","meta":[],"product_brand":[],"product_cat":[20],"product_tag":[],"class_list":{"0":"post-13037","1":"product","2":"type-product","3":"status-publish","4":"has-post-thumbnail","6":"product_cat-wine","8":"first","9":"instock","10":"taxable","11":"shipping-taxable","12":"purchasable","13":"product-type-simple"},"yoast_head":"<!-- This site is optimized with the Yoast SEO plugin v27.2 - https:\/\/yoast.com\/product\/yoast-seo-wordpress\/ -->\n<title>Gran Selecci\u00f3 2017 - \u00c0ngel Cava<\/title>\n<meta name=\"description\" content=\"Gran selecci\u00f3 Mallorcan aged red wine. Aged in oak barrels to obtain toasted, smoky, and toffee cream notes. Full-bodied with a long finish.\" \/>\n<meta name=\"robots\" content=\"index, follow, max-snippet:-1, max-image-preview:large, max-video-preview:-1\" \/>\n<link rel=\"canonical\" href=\"https:\/\/www.cavaangel.com\/en\/buy-cava-wine\/gran-seleccio\/\" \/>\n<meta property=\"og:locale\" content=\"en_US\" \/>\n<meta property=\"og:type\" content=\"article\" \/>\n<meta property=\"og:title\" content=\"Gran Selecci\u00f3 2017 - \u00c0ngel Cava\" \/>\n<meta property=\"og:description\" content=\"Gran selecci\u00f3 Mallorcan aged red wine. Aged in oak barrels to obtain toasted, smoky, and toffee cream notes. Full-bodied with a long finish.\" \/>\n<meta property=\"og:url\" content=\"https:\/\/www.cavaangel.com\/en\/buy-cava-wine\/gran-seleccio\/\" \/>\n<meta property=\"og:site_name\" content=\"\u00c0ngel Cava\" \/>\n<meta property=\"article:modified_time\" content=\"2025-08-19T16:36:21+00:00\" \/>\n<meta property=\"og:image\" content=\"https:\/\/www.cavaangel.com\/wp-content\/uploads\/2014\/12\/angel-gran-seleccio.jpg\" \/>\n\t<meta property=\"og:image:width\" content=\"600\" \/>\n\t<meta property=\"og:image:height\" content=\"600\" \/>\n\t<meta property=\"og:image:type\" content=\"image\/jpeg\" \/>\n<meta name=\"twitter:card\" content=\"summary_large_image\" \/>\n<meta name=\"twitter:label1\" content=\"Est. reading time\" \/>\n\t<meta name=\"twitter:data1\" content=\"1 minute\" \/>\n<script type=\"application\/ld+json\" class=\"yoast-schema-graph\">{\"@context\":\"https:\/\/schema.org\",\"@graph\":[{\"@type\":\"WebPage\",\"@id\":\"https:\/\/www.cavaangel.com\/en\/buy-cava-wine\/gran-seleccio\/\",\"url\":\"https:\/\/www.cavaangel.com\/en\/buy-cava-wine\/gran-seleccio\/\",\"name\":\"Gran Selecci\u00f3 2017 - \u00c0ngel Cava\",\"isPartOf\":{\"@id\":\"https:\/\/www.cavaangel.com\/en\/#website\"},\"primaryImageOfPage\":{\"@id\":\"https:\/\/www.cavaangel.com\/en\/buy-cava-wine\/gran-seleccio\/#primaryimage\"},\"image\":{\"@id\":\"https:\/\/www.cavaangel.com\/en\/buy-cava-wine\/gran-seleccio\/#primaryimage\"},\"thumbnailUrl\":\"https:\/\/www.cavaangel.com\/wp-content\/uploads\/2014\/12\/angel-gran-seleccio.jpg\",\"datePublished\":\"2014-12-02T09:58:17+00:00\",\"dateModified\":\"2025-08-19T16:36:21+00:00\",\"description\":\"Gran selecci\u00f3 Mallorcan aged red wine. Aged in oak barrels to obtain toasted, smoky, and toffee cream notes. Full-bodied with a long finish.\",\"breadcrumb\":{\"@id\":\"https:\/\/www.cavaangel.com\/en\/buy-cava-wine\/gran-seleccio\/#breadcrumb\"},\"inLanguage\":\"en-US\",\"potentialAction\":[{\"@type\":\"ReadAction\",\"target\":[\"https:\/\/www.cavaangel.com\/en\/buy-cava-wine\/gran-seleccio\/\"]}]},{\"@type\":\"ImageObject\",\"inLanguage\":\"en-US\",\"@id\":\"https:\/\/www.cavaangel.com\/en\/buy-cava-wine\/gran-seleccio\/#primaryimage\",\"url\":\"https:\/\/www.cavaangel.com\/wp-content\/uploads\/2014\/12\/angel-gran-seleccio.jpg\",\"contentUrl\":\"https:\/\/www.cavaangel.com\/wp-content\/uploads\/2014\/12\/angel-gran-seleccio.jpg\",\"width\":600,\"height\":600,\"caption\":\"comprar vi negre bo\"},{\"@type\":\"BreadcrumbList\",\"@id\":\"https:\/\/www.cavaangel.com\/en\/buy-cava-wine\/gran-seleccio\/#breadcrumb\",\"itemListElement\":[{\"@type\":\"ListItem\",\"position\":1,\"name\":\"Portada\",\"item\":\"https:\/\/www.cavaangel.com\/en\/\"},{\"@type\":\"ListItem\",\"position\":2,\"name\":\"Shop\",\"item\":\"https:\/\/www.cavaangel.com\/en\/shop-2\/\"},{\"@type\":\"ListItem\",\"position\":3,\"name\":\"Gran Selecci\u00f3 2019\"}]},{\"@type\":\"WebSite\",\"@id\":\"https:\/\/www.cavaangel.com\/en\/#website\",\"url\":\"https:\/\/www.cavaangel.com\/en\/\",\"name\":\"Cava \u00c0ngel\",\"description\":\"Compra el millor cava i vi artesanal\",\"publisher\":{\"@id\":\"https:\/\/www.cavaangel.com\/en\/#organization\"},\"potentialAction\":[{\"@type\":\"SearchAction\",\"target\":{\"@type\":\"EntryPoint\",\"urlTemplate\":\"https:\/\/www.cavaangel.com\/en\/?s={search_term_string}\"},\"query-input\":{\"@type\":\"PropertyValueSpecification\",\"valueRequired\":true,\"valueName\":\"search_term_string\"}}],\"inLanguage\":\"en-US\"},{\"@type\":\"Organization\",\"@id\":\"https:\/\/www.cavaangel.com\/en\/#organization\",\"name\":\"Cava \u00c1ngel\",\"url\":\"https:\/\/www.cavaangel.com\/en\/\",\"logo\":{\"@type\":\"ImageObject\",\"inLanguage\":\"en-US\",\"@id\":\"https:\/\/www.cavaangel.com\/en\/#\/schema\/logo\/image\/\",\"url\":\"https:\/\/www.cavaangel.com\/wp-content\/uploads\/2015\/02\/logo_cava_angel.png\",\"contentUrl\":\"https:\/\/www.cavaangel.com\/wp-content\/uploads\/2015\/02\/logo_cava_angel.png\",\"width\":300,\"height\":156,\"caption\":\"Cava \u00c1ngel\"},\"image\":{\"@id\":\"https:\/\/www.cavaangel.com\/en\/#\/schema\/logo\/image\/\"}}]}<\/script>\n<!-- \/ Yoast SEO plugin. -->","yoast_head_json":{"title":"Gran Selecci\u00f3 2017 - \u00c0ngel Cava","description":"Gran selecci\u00f3 Mallorcan aged red wine. Aged in oak barrels to obtain toasted, smoky, and toffee cream notes. Full-bodied with a long finish.","robots":{"index":"index","follow":"follow","max-snippet":"max-snippet:-1","max-image-preview":"max-image-preview:large","max-video-preview":"max-video-preview:-1"},"canonical":"https:\/\/www.cavaangel.com\/en\/buy-cava-wine\/gran-seleccio\/","og_locale":"en_US","og_type":"article","og_title":"Gran Selecci\u00f3 2017 - \u00c0ngel Cava","og_description":"Gran selecci\u00f3 Mallorcan aged red wine. Aged in oak barrels to obtain toasted, smoky, and toffee cream notes. Full-bodied with a long finish.","og_url":"https:\/\/www.cavaangel.com\/en\/buy-cava-wine\/gran-seleccio\/","og_site_name":"\u00c0ngel Cava","article_modified_time":"2025-08-19T16:36:21+00:00","og_image":[{"width":600,"height":600,"url":"https:\/\/www.cavaangel.com\/wp-content\/uploads\/2014\/12\/angel-gran-seleccio.jpg","type":"image\/jpeg"}],"twitter_card":"summary_large_image","twitter_misc":{"Est. reading time":"1 minute"},"schema":{"@context":"https:\/\/schema.org","@graph":[{"@type":"WebPage","@id":"https:\/\/www.cavaangel.com\/en\/buy-cava-wine\/gran-seleccio\/","url":"https:\/\/www.cavaangel.com\/en\/buy-cava-wine\/gran-seleccio\/","name":"Gran Selecci\u00f3 2017 - \u00c0ngel Cava","isPartOf":{"@id":"https:\/\/www.cavaangel.com\/en\/#website"},"primaryImageOfPage":{"@id":"https:\/\/www.cavaangel.com\/en\/buy-cava-wine\/gran-seleccio\/#primaryimage"},"image":{"@id":"https:\/\/www.cavaangel.com\/en\/buy-cava-wine\/gran-seleccio\/#primaryimage"},"thumbnailUrl":"https:\/\/www.cavaangel.com\/wp-content\/uploads\/2014\/12\/angel-gran-seleccio.jpg","datePublished":"2014-12-02T09:58:17+00:00","dateModified":"2025-08-19T16:36:21+00:00","description":"Gran selecci\u00f3 Mallorcan aged red wine. Aged in oak barrels to obtain toasted, smoky, and toffee cream notes. Full-bodied with a long finish.","breadcrumb":{"@id":"https:\/\/www.cavaangel.com\/en\/buy-cava-wine\/gran-seleccio\/#breadcrumb"},"inLanguage":"en-US","potentialAction":[{"@type":"ReadAction","target":["https:\/\/www.cavaangel.com\/en\/buy-cava-wine\/gran-seleccio\/"]}]},{"@type":"ImageObject","inLanguage":"en-US","@id":"https:\/\/www.cavaangel.com\/en\/buy-cava-wine\/gran-seleccio\/#primaryimage","url":"https:\/\/www.cavaangel.com\/wp-content\/uploads\/2014\/12\/angel-gran-seleccio.jpg","contentUrl":"https:\/\/www.cavaangel.com\/wp-content\/uploads\/2014\/12\/angel-gran-seleccio.jpg","width":600,"height":600,"caption":"comprar vi negre bo"},{"@type":"BreadcrumbList","@id":"https:\/\/www.cavaangel.com\/en\/buy-cava-wine\/gran-seleccio\/#breadcrumb","itemListElement":[{"@type":"ListItem","position":1,"name":"Portada","item":"https:\/\/www.cavaangel.com\/en\/"},{"@type":"ListItem","position":2,"name":"Shop","item":"https:\/\/www.cavaangel.com\/en\/shop-2\/"},{"@type":"ListItem","position":3,"name":"Gran Selecci\u00f3 2019"}]},{"@type":"WebSite","@id":"https:\/\/www.cavaangel.com\/en\/#website","url":"https:\/\/www.cavaangel.com\/en\/","name":"Cava \u00c0ngel","description":"Compra el millor cava i vi artesanal","publisher":{"@id":"https:\/\/www.cavaangel.com\/en\/#organization"},"potentialAction":[{"@type":"SearchAction","target":{"@type":"EntryPoint","urlTemplate":"https:\/\/www.cavaangel.com\/en\/?s={search_term_string}"},"query-input":{"@type":"PropertyValueSpecification","valueRequired":true,"valueName":"search_term_string"}}],"inLanguage":"en-US"},{"@type":"Organization","@id":"https:\/\/www.cavaangel.com\/en\/#organization","name":"Cava \u00c1ngel","url":"https:\/\/www.cavaangel.com\/en\/","logo":{"@type":"ImageObject","inLanguage":"en-US","@id":"https:\/\/www.cavaangel.com\/en\/#\/schema\/logo\/image\/","url":"https:\/\/www.cavaangel.com\/wp-content\/uploads\/2015\/02\/logo_cava_angel.png","contentUrl":"https:\/\/www.cavaangel.com\/wp-content\/uploads\/2015\/02\/logo_cava_angel.png","width":300,"height":156,"caption":"Cava \u00c1ngel"},"image":{"@id":"https:\/\/www.cavaangel.com\/en\/#\/schema\/logo\/image\/"}}]}},"_links":{"self":[{"href":"https:\/\/www.cavaangel.com\/en\/wp-json\/wp\/v2\/product\/13037","targetHints":{"allow":["GET"]}}],"collection":[{"href":"https:\/\/www.cavaangel.com\/en\/wp-json\/wp\/v2\/product"}],"about":[{"href":"https:\/\/www.cavaangel.com\/en\/wp-json\/wp\/v2\/types\/product"}],"replies":[{"embeddable":true,"href":"https:\/\/www.cavaangel.com\/en\/wp-json\/wp\/v2\/comments?post=13037"}],"wp:featuredmedia":[{"embeddable":true,"href":"https:\/\/www.cavaangel.com\/en\/wp-json\/wp\/v2\/media\/11737"}],"wp:attachment":[{"href":"https:\/\/www.cavaangel.com\/en\/wp-json\/wp\/v2\/media?parent=13037"}],"wp:term":[{"taxonomy":"product_brand","embeddable":true,"href":"https:\/\/www.cavaangel.com\/en\/wp-json\/wp\/v2\/product_brand?post=13037"},{"taxonomy":"product_cat","embeddable":true,"href":"https:\/\/www.cavaangel.com\/en\/wp-json\/wp\/v2\/product_cat?post=13037"},{"taxonomy":"product_tag","embeddable":true,"href":"https:\/\/www.cavaangel.com\/en\/wp-json\/wp\/v2\/product_tag?post=13037"}],"curies":[{"name":"wp","href":"https:\/\/api.w.org\/{rel}","templated":true}]}}