{"id":13034,"date":"2018-04-20T09:07:10","date_gmt":"2018-04-20T08:07:10","guid":{"rendered":"https:\/\/www.cavaangel.com\/buy-cava-wine\/vi-negre\/"},"modified":"2025-08-19T17:32:08","modified_gmt":"2025-08-19T16:32:08","slug":"vi-negre","status":"publish","type":"product","link":"https:\/\/www.cavaangel.com\/en\/buy-cava-wine\/vi-negre\/","title":{"rendered":"\u00c0ngel Negre 2021"},"content":{"rendered":"<p><strong>Type:<\/strong> Dry Red Wine<br \/>\n<strong>Varieties:<\/strong> Black Mantle, Cabernet Sauvignon, Merlot<br \/>\n<strong>Geographic Location:<\/strong> Sa Basseta Vineyards (Santa Maria Del Cam\u00ed)<br \/>\n<strong>Harvest:<\/strong> Manual Collection<br \/>\n<strong>Elaboration:<\/strong> Classic. Fermentation in stainless steel tanks for 20 days at controlled temperature.<br \/>\n<strong>Alcohol Content:<\/strong> 14% Vol.<\/p>\n<h4>TASTING NOTES<\/h4>\n<p><strong>Appearance:<\/strong> Cherry-red color.<br \/>\n<strong>Nose:<\/strong> Intense aromas of red fruits, touches of licorice with a spicy and toasted background from the wood.<br \/>\n<strong>Pallet:<\/strong> Balanced with medium body and soft and sweet tannins, which provide structure and complexity, making it a silky and easy to drink wine.<br \/>\n<strong>Pairing:<\/strong> It pairs well with spicy Mediterranean cuisine dishes, pasta, rice, and red meat.<br \/>\n<strong>Serving Temperature:<\/strong> 14 &#8211; 16<span class=\"hiddenGrammarError\"> \u00baC<\/span><\/p>\n","protected":false},"excerpt":{"rendered":"<p>Type: Dry Red Wine Varieties: Black Mantle, Cabernet Sauvignon, Merlot Geographic Location: Sa Basseta Vineyards (Santa Maria Del Cam\u00ed) Harvest: Manual Collection Elaboration: Classic. Fermentation in stainless steel tanks for 20 days at controlled temperature. Alcohol Content: 14% Vol. TASTING NOTES Appearance: Cherry-red color. Nose: Intense aromas of red fruits, touches of licorice with a [&hellip;]<\/p>\n","protected":false},"featured_media":11823,"comment_status":"open","ping_status":"closed","template":"","meta":[],"product_brand":[],"product_cat":[20],"product_tag":[],"class_list":{"0":"post-13034","1":"product","2":"type-product","3":"status-publish","4":"has-post-thumbnail","6":"product_cat-wine","8":"first","9":"instock","10":"taxable","11":"shipping-taxable","12":"purchasable","13":"product-type-simple"},"yoast_head":"<!-- This site is optimized with the Yoast SEO plugin v27.2 - https:\/\/yoast.com\/product\/yoast-seo-wordpress\/ -->\n<title>\u00c0ngel Negre 2021 - \u00c0ngel Cava<\/title>\n<meta name=\"description\" content=\"Red wine from Sa Basseta Vineyards (Santa Maria Del Cam\u00ed). Ideal for Mediterranean cuisine lovers. Aromas of red fruits and licorice, with toasted touches\" \/>\n<meta name=\"robots\" content=\"index, follow, max-snippet:-1, max-image-preview:large, max-video-preview:-1\" \/>\n<link rel=\"canonical\" href=\"https:\/\/www.cavaangel.com\/en\/buy-cava-wine\/vi-negre\/\" \/>\n<meta property=\"og:locale\" content=\"en_US\" \/>\n<meta property=\"og:type\" content=\"article\" \/>\n<meta property=\"og:title\" content=\"\u00c0ngel Negre 2021 - \u00c0ngel Cava\" \/>\n<meta property=\"og:description\" content=\"Red wine from Sa Basseta Vineyards (Santa Maria Del Cam\u00ed). Ideal for Mediterranean cuisine lovers. Aromas of red fruits and licorice, with toasted touches\" \/>\n<meta property=\"og:url\" content=\"https:\/\/www.cavaangel.com\/en\/buy-cava-wine\/vi-negre\/\" \/>\n<meta property=\"og:site_name\" content=\"\u00c0ngel Cava\" \/>\n<meta property=\"article:modified_time\" content=\"2025-08-19T16:32:08+00:00\" \/>\n<meta property=\"og:image\" content=\"https:\/\/www.cavaangel.com\/wp-content\/uploads\/2018\/04\/vi-angel-negre.jpg\" \/>\n\t<meta property=\"og:image:width\" content=\"600\" \/>\n\t<meta property=\"og:image:height\" content=\"600\" \/>\n\t<meta property=\"og:image:type\" content=\"image\/jpeg\" \/>\n<meta name=\"twitter:card\" content=\"summary_large_image\" \/>\n<meta name=\"twitter:label1\" content=\"Est. reading time\" \/>\n\t<meta name=\"twitter:data1\" content=\"1 minute\" \/>\n<script type=\"application\/ld+json\" class=\"yoast-schema-graph\">{\"@context\":\"https:\/\/schema.org\",\"@graph\":[{\"@type\":\"WebPage\",\"@id\":\"https:\/\/www.cavaangel.com\/en\/buy-cava-wine\/vi-negre\/\",\"url\":\"https:\/\/www.cavaangel.com\/en\/buy-cava-wine\/vi-negre\/\",\"name\":\"\u00c0ngel Negre 2021 - \u00c0ngel Cava\",\"isPartOf\":{\"@id\":\"https:\/\/www.cavaangel.com\/en\/#website\"},\"primaryImageOfPage\":{\"@id\":\"https:\/\/www.cavaangel.com\/en\/buy-cava-wine\/vi-negre\/#primaryimage\"},\"image\":{\"@id\":\"https:\/\/www.cavaangel.com\/en\/buy-cava-wine\/vi-negre\/#primaryimage\"},\"thumbnailUrl\":\"https:\/\/www.cavaangel.com\/wp-content\/uploads\/2018\/04\/vi-angel-negre.jpg\",\"datePublished\":\"2018-04-20T08:07:10+00:00\",\"dateModified\":\"2025-08-19T16:32:08+00:00\",\"description\":\"Red wine from Sa Basseta Vineyards (Santa Maria Del Cam\u00ed). Ideal for Mediterranean cuisine lovers. Aromas of red fruits and licorice, with toasted touches\",\"breadcrumb\":{\"@id\":\"https:\/\/www.cavaangel.com\/en\/buy-cava-wine\/vi-negre\/#breadcrumb\"},\"inLanguage\":\"en-US\",\"potentialAction\":[{\"@type\":\"ReadAction\",\"target\":[\"https:\/\/www.cavaangel.com\/en\/buy-cava-wine\/vi-negre\/\"]}]},{\"@type\":\"ImageObject\",\"inLanguage\":\"en-US\",\"@id\":\"https:\/\/www.cavaangel.com\/en\/buy-cava-wine\/vi-negre\/#primaryimage\",\"url\":\"https:\/\/www.cavaangel.com\/wp-content\/uploads\/2018\/04\/vi-angel-negre.jpg\",\"contentUrl\":\"https:\/\/www.cavaangel.com\/wp-content\/uploads\/2018\/04\/vi-angel-negre.jpg\",\"width\":600,\"height\":600,\"caption\":\"vi negre merlot\"},{\"@type\":\"BreadcrumbList\",\"@id\":\"https:\/\/www.cavaangel.com\/en\/buy-cava-wine\/vi-negre\/#breadcrumb\",\"itemListElement\":[{\"@type\":\"ListItem\",\"position\":1,\"name\":\"Portada\",\"item\":\"https:\/\/www.cavaangel.com\/en\/\"},{\"@type\":\"ListItem\",\"position\":2,\"name\":\"Shop\",\"item\":\"https:\/\/www.cavaangel.com\/en\/shop-2\/\"},{\"@type\":\"ListItem\",\"position\":3,\"name\":\"\u00c0ngel Negre 2021\"}]},{\"@type\":\"WebSite\",\"@id\":\"https:\/\/www.cavaangel.com\/en\/#website\",\"url\":\"https:\/\/www.cavaangel.com\/en\/\",\"name\":\"Cava \u00c0ngel\",\"description\":\"Compra el millor cava i vi artesanal\",\"publisher\":{\"@id\":\"https:\/\/www.cavaangel.com\/en\/#organization\"},\"potentialAction\":[{\"@type\":\"SearchAction\",\"target\":{\"@type\":\"EntryPoint\",\"urlTemplate\":\"https:\/\/www.cavaangel.com\/en\/?s={search_term_string}\"},\"query-input\":{\"@type\":\"PropertyValueSpecification\",\"valueRequired\":true,\"valueName\":\"search_term_string\"}}],\"inLanguage\":\"en-US\"},{\"@type\":\"Organization\",\"@id\":\"https:\/\/www.cavaangel.com\/en\/#organization\",\"name\":\"Cava \u00c1ngel\",\"url\":\"https:\/\/www.cavaangel.com\/en\/\",\"logo\":{\"@type\":\"ImageObject\",\"inLanguage\":\"en-US\",\"@id\":\"https:\/\/www.cavaangel.com\/en\/#\/schema\/logo\/image\/\",\"url\":\"https:\/\/www.cavaangel.com\/wp-content\/uploads\/2015\/02\/logo_cava_angel.png\",\"contentUrl\":\"https:\/\/www.cavaangel.com\/wp-content\/uploads\/2015\/02\/logo_cava_angel.png\",\"width\":300,\"height\":156,\"caption\":\"Cava \u00c1ngel\"},\"image\":{\"@id\":\"https:\/\/www.cavaangel.com\/en\/#\/schema\/logo\/image\/\"}}]}<\/script>\n<!-- \/ Yoast SEO plugin. -->","yoast_head_json":{"title":"\u00c0ngel Negre 2021 - \u00c0ngel Cava","description":"Red wine from Sa Basseta Vineyards (Santa Maria Del Cam\u00ed). Ideal for Mediterranean cuisine lovers. Aromas of red fruits and licorice, with toasted touches","robots":{"index":"index","follow":"follow","max-snippet":"max-snippet:-1","max-image-preview":"max-image-preview:large","max-video-preview":"max-video-preview:-1"},"canonical":"https:\/\/www.cavaangel.com\/en\/buy-cava-wine\/vi-negre\/","og_locale":"en_US","og_type":"article","og_title":"\u00c0ngel Negre 2021 - \u00c0ngel Cava","og_description":"Red wine from Sa Basseta Vineyards (Santa Maria Del Cam\u00ed). Ideal for Mediterranean cuisine lovers. Aromas of red fruits and licorice, with toasted touches","og_url":"https:\/\/www.cavaangel.com\/en\/buy-cava-wine\/vi-negre\/","og_site_name":"\u00c0ngel Cava","article_modified_time":"2025-08-19T16:32:08+00:00","og_image":[{"width":600,"height":600,"url":"https:\/\/www.cavaangel.com\/wp-content\/uploads\/2018\/04\/vi-angel-negre.jpg","type":"image\/jpeg"}],"twitter_card":"summary_large_image","twitter_misc":{"Est. reading time":"1 minute"},"schema":{"@context":"https:\/\/schema.org","@graph":[{"@type":"WebPage","@id":"https:\/\/www.cavaangel.com\/en\/buy-cava-wine\/vi-negre\/","url":"https:\/\/www.cavaangel.com\/en\/buy-cava-wine\/vi-negre\/","name":"\u00c0ngel Negre 2021 - \u00c0ngel Cava","isPartOf":{"@id":"https:\/\/www.cavaangel.com\/en\/#website"},"primaryImageOfPage":{"@id":"https:\/\/www.cavaangel.com\/en\/buy-cava-wine\/vi-negre\/#primaryimage"},"image":{"@id":"https:\/\/www.cavaangel.com\/en\/buy-cava-wine\/vi-negre\/#primaryimage"},"thumbnailUrl":"https:\/\/www.cavaangel.com\/wp-content\/uploads\/2018\/04\/vi-angel-negre.jpg","datePublished":"2018-04-20T08:07:10+00:00","dateModified":"2025-08-19T16:32:08+00:00","description":"Red wine from Sa Basseta Vineyards (Santa Maria Del Cam\u00ed). Ideal for Mediterranean cuisine lovers. Aromas of red fruits and licorice, with toasted touches","breadcrumb":{"@id":"https:\/\/www.cavaangel.com\/en\/buy-cava-wine\/vi-negre\/#breadcrumb"},"inLanguage":"en-US","potentialAction":[{"@type":"ReadAction","target":["https:\/\/www.cavaangel.com\/en\/buy-cava-wine\/vi-negre\/"]}]},{"@type":"ImageObject","inLanguage":"en-US","@id":"https:\/\/www.cavaangel.com\/en\/buy-cava-wine\/vi-negre\/#primaryimage","url":"https:\/\/www.cavaangel.com\/wp-content\/uploads\/2018\/04\/vi-angel-negre.jpg","contentUrl":"https:\/\/www.cavaangel.com\/wp-content\/uploads\/2018\/04\/vi-angel-negre.jpg","width":600,"height":600,"caption":"vi negre merlot"},{"@type":"BreadcrumbList","@id":"https:\/\/www.cavaangel.com\/en\/buy-cava-wine\/vi-negre\/#breadcrumb","itemListElement":[{"@type":"ListItem","position":1,"name":"Portada","item":"https:\/\/www.cavaangel.com\/en\/"},{"@type":"ListItem","position":2,"name":"Shop","item":"https:\/\/www.cavaangel.com\/en\/shop-2\/"},{"@type":"ListItem","position":3,"name":"\u00c0ngel Negre 2021"}]},{"@type":"WebSite","@id":"https:\/\/www.cavaangel.com\/en\/#website","url":"https:\/\/www.cavaangel.com\/en\/","name":"Cava \u00c0ngel","description":"Compra el millor cava i vi artesanal","publisher":{"@id":"https:\/\/www.cavaangel.com\/en\/#organization"},"potentialAction":[{"@type":"SearchAction","target":{"@type":"EntryPoint","urlTemplate":"https:\/\/www.cavaangel.com\/en\/?s={search_term_string}"},"query-input":{"@type":"PropertyValueSpecification","valueRequired":true,"valueName":"search_term_string"}}],"inLanguage":"en-US"},{"@type":"Organization","@id":"https:\/\/www.cavaangel.com\/en\/#organization","name":"Cava \u00c1ngel","url":"https:\/\/www.cavaangel.com\/en\/","logo":{"@type":"ImageObject","inLanguage":"en-US","@id":"https:\/\/www.cavaangel.com\/en\/#\/schema\/logo\/image\/","url":"https:\/\/www.cavaangel.com\/wp-content\/uploads\/2015\/02\/logo_cava_angel.png","contentUrl":"https:\/\/www.cavaangel.com\/wp-content\/uploads\/2015\/02\/logo_cava_angel.png","width":300,"height":156,"caption":"Cava \u00c1ngel"},"image":{"@id":"https:\/\/www.cavaangel.com\/en\/#\/schema\/logo\/image\/"}}]}},"_links":{"self":[{"href":"https:\/\/www.cavaangel.com\/en\/wp-json\/wp\/v2\/product\/13034","targetHints":{"allow":["GET"]}}],"collection":[{"href":"https:\/\/www.cavaangel.com\/en\/wp-json\/wp\/v2\/product"}],"about":[{"href":"https:\/\/www.cavaangel.com\/en\/wp-json\/wp\/v2\/types\/product"}],"replies":[{"embeddable":true,"href":"https:\/\/www.cavaangel.com\/en\/wp-json\/wp\/v2\/comments?post=13034"}],"wp:featuredmedia":[{"embeddable":true,"href":"https:\/\/www.cavaangel.com\/en\/wp-json\/wp\/v2\/media\/11823"}],"wp:attachment":[{"href":"https:\/\/www.cavaangel.com\/en\/wp-json\/wp\/v2\/media?parent=13034"}],"wp:term":[{"taxonomy":"product_brand","embeddable":true,"href":"https:\/\/www.cavaangel.com\/en\/wp-json\/wp\/v2\/product_brand?post=13034"},{"taxonomy":"product_cat","embeddable":true,"href":"https:\/\/www.cavaangel.com\/en\/wp-json\/wp\/v2\/product_cat?post=13034"},{"taxonomy":"product_tag","embeddable":true,"href":"https:\/\/www.cavaangel.com\/en\/wp-json\/wp\/v2\/product_tag?post=13034"}],"curies":[{"name":"wp","href":"https:\/\/api.w.org\/{rel}","templated":true}]}}