{"id":12459,"date":"2020-05-13T10:00:24","date_gmt":"2023-11-02T08:38:56","guid":{"rendered":"https:\/\/www.cavaangel.com\/?post_type=product&#038;p=12459"},"modified":"2023-11-02T09:40:36","modified_gmt":"2023-11-02T08:40:36","slug":"pack-cava-angel-caja-de-madera","status":"publish","type":"product","link":"https:\/\/www.cavaangel.com\/en\/buy-cava-wine\/pack-cava-angel-caja-de-madera\/","title":{"rendered":"Pack Cava \u00c0ngel (Wooden Box)"},"content":{"rendered":"<h4 class=\"p1\">PACK FEATURES<\/h4>\n<p class=\"p2\">This \u00c0ngel Cava pack is the perfect companion for any occasion:<\/p>\n<p class=\"p3\"><b>1x \u00c0ngel Brut Nature<\/b><\/p>\n<p class=\"p2\">Traditional and completely natural cava, crafted from Macabeo, Xarelo, and Parellada.<\/p>\n<p class=\"p2\"><b>1x \u00c0ngel Cupatge Reserva<\/b><\/p>\n<p class=\"p2\">Elegant artisanal cava made from the Chardonnay, Macabeo, Xarelo, and Parellada grape varieties.<\/p>\n<p class=\"p2\"><b>1x \u00c0ngel Noir Rosat<\/b><\/p>\n<p class=\"p2\">A surprising artisanal cava made from Pinot Noir, Garnacha, and Trepat.<\/p>\n","protected":false},"excerpt":{"rendered":"<p>The \u00c0ngel sparkling wine pack, perfect for any occasion. It includes a wooden box.<\/p>\n","protected":false},"featured_media":12453,"comment_status":"open","ping_status":"closed","template":"","meta":[],"product_brand":[],"product_cat":[19],"product_tag":[],"class_list":{"0":"post-12459","1":"product","2":"type-product","3":"status-publish","4":"has-post-thumbnail","6":"product_cat-cava-en","8":"first","9":"instock","10":"taxable","11":"shipping-taxable","12":"purchasable","13":"product-type-simple"},"yoast_head":"<!-- This site is optimized with the Yoast SEO plugin v27.2 - https:\/\/yoast.com\/product\/yoast-seo-wordpress\/ -->\n<title>Pack Cava \u00c0ngel (Wooden Box) - \u00c0ngel Cava<\/title>\n<meta name=\"robots\" content=\"index, follow, max-snippet:-1, max-image-preview:large, max-video-preview:-1\" \/>\n<link rel=\"canonical\" href=\"https:\/\/www.cavaangel.com\/en\/buy-cava-wine\/pack-cava-angel-caja-de-madera\/\" \/>\n<meta property=\"og:locale\" content=\"en_US\" \/>\n<meta property=\"og:type\" content=\"article\" \/>\n<meta property=\"og:title\" content=\"Pack Cava \u00c0ngel (Wooden Box) - \u00c0ngel Cava\" \/>\n<meta property=\"og:description\" content=\"The \u00c0ngel sparkling wine pack, perfect for any occasion. It includes a wooden box.\" \/>\n<meta property=\"og:url\" content=\"https:\/\/www.cavaangel.com\/en\/buy-cava-wine\/pack-cava-angel-caja-de-madera\/\" \/>\n<meta property=\"og:site_name\" content=\"\u00c0ngel Cava\" \/>\n<meta property=\"article:modified_time\" content=\"2023-11-02T08:40:36+00:00\" \/>\n<meta property=\"og:image\" content=\"https:\/\/www.cavaangel.com\/wp-content\/uploads\/2020\/05\/pack-cava-angel.jpg\" \/>\n\t<meta property=\"og:image:width\" content=\"600\" \/>\n\t<meta property=\"og:image:height\" content=\"600\" \/>\n\t<meta property=\"og:image:type\" content=\"image\/jpeg\" \/>\n<meta name=\"twitter:card\" content=\"summary_large_image\" \/>\n<script type=\"application\/ld+json\" class=\"yoast-schema-graph\">{\"@context\":\"https:\/\/schema.org\",\"@graph\":[{\"@type\":\"WebPage\",\"@id\":\"https:\/\/www.cavaangel.com\/en\/buy-cava-wine\/pack-cava-angel-caja-de-madera\/\",\"url\":\"https:\/\/www.cavaangel.com\/en\/buy-cava-wine\/pack-cava-angel-caja-de-madera\/\",\"name\":\"Pack Cava \u00c0ngel (Wooden Box) - \u00c0ngel Cava\",\"isPartOf\":{\"@id\":\"https:\/\/www.cavaangel.com\/en\/#website\"},\"primaryImageOfPage\":{\"@id\":\"https:\/\/www.cavaangel.com\/en\/buy-cava-wine\/pack-cava-angel-caja-de-madera\/#primaryimage\"},\"image\":{\"@id\":\"https:\/\/www.cavaangel.com\/en\/buy-cava-wine\/pack-cava-angel-caja-de-madera\/#primaryimage\"},\"thumbnailUrl\":\"https:\/\/www.cavaangel.com\/wp-content\/uploads\/2020\/05\/pack-cava-angel.jpg\",\"datePublished\":\"2023-11-02T08:38:56+00:00\",\"dateModified\":\"2023-11-02T08:40:36+00:00\",\"breadcrumb\":{\"@id\":\"https:\/\/www.cavaangel.com\/en\/buy-cava-wine\/pack-cava-angel-caja-de-madera\/#breadcrumb\"},\"inLanguage\":\"en-US\",\"potentialAction\":[{\"@type\":\"ReadAction\",\"target\":[\"https:\/\/www.cavaangel.com\/en\/buy-cava-wine\/pack-cava-angel-caja-de-madera\/\"]}]},{\"@type\":\"ImageObject\",\"inLanguage\":\"en-US\",\"@id\":\"https:\/\/www.cavaangel.com\/en\/buy-cava-wine\/pack-cava-angel-caja-de-madera\/#primaryimage\",\"url\":\"https:\/\/www.cavaangel.com\/wp-content\/uploads\/2020\/05\/pack-cava-angel.jpg\",\"contentUrl\":\"https:\/\/www.cavaangel.com\/wp-content\/uploads\/2020\/05\/pack-cava-angel.jpg\",\"width\":600,\"height\":600},{\"@type\":\"BreadcrumbList\",\"@id\":\"https:\/\/www.cavaangel.com\/en\/buy-cava-wine\/pack-cava-angel-caja-de-madera\/#breadcrumb\",\"itemListElement\":[{\"@type\":\"ListItem\",\"position\":1,\"name\":\"Portada\",\"item\":\"https:\/\/www.cavaangel.com\/en\/\"},{\"@type\":\"ListItem\",\"position\":2,\"name\":\"Shop\",\"item\":\"https:\/\/www.cavaangel.com\/en\/shop-2\/\"},{\"@type\":\"ListItem\",\"position\":3,\"name\":\"Pack Cava \u00c0ngel (amb caixa de fusta)\"}]},{\"@type\":\"WebSite\",\"@id\":\"https:\/\/www.cavaangel.com\/en\/#website\",\"url\":\"https:\/\/www.cavaangel.com\/en\/\",\"name\":\"Cava \u00c0ngel\",\"description\":\"Compra el millor cava i vi artesanal\",\"publisher\":{\"@id\":\"https:\/\/www.cavaangel.com\/en\/#organization\"},\"potentialAction\":[{\"@type\":\"SearchAction\",\"target\":{\"@type\":\"EntryPoint\",\"urlTemplate\":\"https:\/\/www.cavaangel.com\/en\/?s={search_term_string}\"},\"query-input\":{\"@type\":\"PropertyValueSpecification\",\"valueRequired\":true,\"valueName\":\"search_term_string\"}}],\"inLanguage\":\"en-US\"},{\"@type\":\"Organization\",\"@id\":\"https:\/\/www.cavaangel.com\/en\/#organization\",\"name\":\"Cava \u00c1ngel\",\"url\":\"https:\/\/www.cavaangel.com\/en\/\",\"logo\":{\"@type\":\"ImageObject\",\"inLanguage\":\"en-US\",\"@id\":\"https:\/\/www.cavaangel.com\/en\/#\/schema\/logo\/image\/\",\"url\":\"https:\/\/www.cavaangel.com\/wp-content\/uploads\/2015\/02\/logo_cava_angel.png\",\"contentUrl\":\"https:\/\/www.cavaangel.com\/wp-content\/uploads\/2015\/02\/logo_cava_angel.png\",\"width\":300,\"height\":156,\"caption\":\"Cava \u00c1ngel\"},\"image\":{\"@id\":\"https:\/\/www.cavaangel.com\/en\/#\/schema\/logo\/image\/\"}}]}<\/script>\n<!-- \/ Yoast SEO plugin. -->","yoast_head_json":{"title":"Pack Cava \u00c0ngel (Wooden Box) - \u00c0ngel Cava","robots":{"index":"index","follow":"follow","max-snippet":"max-snippet:-1","max-image-preview":"max-image-preview:large","max-video-preview":"max-video-preview:-1"},"canonical":"https:\/\/www.cavaangel.com\/en\/buy-cava-wine\/pack-cava-angel-caja-de-madera\/","og_locale":"en_US","og_type":"article","og_title":"Pack Cava \u00c0ngel (Wooden Box) - \u00c0ngel Cava","og_description":"The \u00c0ngel sparkling wine pack, perfect for any occasion. It includes a wooden box.","og_url":"https:\/\/www.cavaangel.com\/en\/buy-cava-wine\/pack-cava-angel-caja-de-madera\/","og_site_name":"\u00c0ngel Cava","article_modified_time":"2023-11-02T08:40:36+00:00","og_image":[{"width":600,"height":600,"url":"https:\/\/www.cavaangel.com\/wp-content\/uploads\/2020\/05\/pack-cava-angel.jpg","type":"image\/jpeg"}],"twitter_card":"summary_large_image","schema":{"@context":"https:\/\/schema.org","@graph":[{"@type":"WebPage","@id":"https:\/\/www.cavaangel.com\/en\/buy-cava-wine\/pack-cava-angel-caja-de-madera\/","url":"https:\/\/www.cavaangel.com\/en\/buy-cava-wine\/pack-cava-angel-caja-de-madera\/","name":"Pack Cava \u00c0ngel (Wooden Box) - \u00c0ngel Cava","isPartOf":{"@id":"https:\/\/www.cavaangel.com\/en\/#website"},"primaryImageOfPage":{"@id":"https:\/\/www.cavaangel.com\/en\/buy-cava-wine\/pack-cava-angel-caja-de-madera\/#primaryimage"},"image":{"@id":"https:\/\/www.cavaangel.com\/en\/buy-cava-wine\/pack-cava-angel-caja-de-madera\/#primaryimage"},"thumbnailUrl":"https:\/\/www.cavaangel.com\/wp-content\/uploads\/2020\/05\/pack-cava-angel.jpg","datePublished":"2023-11-02T08:38:56+00:00","dateModified":"2023-11-02T08:40:36+00:00","breadcrumb":{"@id":"https:\/\/www.cavaangel.com\/en\/buy-cava-wine\/pack-cava-angel-caja-de-madera\/#breadcrumb"},"inLanguage":"en-US","potentialAction":[{"@type":"ReadAction","target":["https:\/\/www.cavaangel.com\/en\/buy-cava-wine\/pack-cava-angel-caja-de-madera\/"]}]},{"@type":"ImageObject","inLanguage":"en-US","@id":"https:\/\/www.cavaangel.com\/en\/buy-cava-wine\/pack-cava-angel-caja-de-madera\/#primaryimage","url":"https:\/\/www.cavaangel.com\/wp-content\/uploads\/2020\/05\/pack-cava-angel.jpg","contentUrl":"https:\/\/www.cavaangel.com\/wp-content\/uploads\/2020\/05\/pack-cava-angel.jpg","width":600,"height":600},{"@type":"BreadcrumbList","@id":"https:\/\/www.cavaangel.com\/en\/buy-cava-wine\/pack-cava-angel-caja-de-madera\/#breadcrumb","itemListElement":[{"@type":"ListItem","position":1,"name":"Portada","item":"https:\/\/www.cavaangel.com\/en\/"},{"@type":"ListItem","position":2,"name":"Shop","item":"https:\/\/www.cavaangel.com\/en\/shop-2\/"},{"@type":"ListItem","position":3,"name":"Pack Cava \u00c0ngel (amb caixa de fusta)"}]},{"@type":"WebSite","@id":"https:\/\/www.cavaangel.com\/en\/#website","url":"https:\/\/www.cavaangel.com\/en\/","name":"Cava \u00c0ngel","description":"Compra el millor cava i vi artesanal","publisher":{"@id":"https:\/\/www.cavaangel.com\/en\/#organization"},"potentialAction":[{"@type":"SearchAction","target":{"@type":"EntryPoint","urlTemplate":"https:\/\/www.cavaangel.com\/en\/?s={search_term_string}"},"query-input":{"@type":"PropertyValueSpecification","valueRequired":true,"valueName":"search_term_string"}}],"inLanguage":"en-US"},{"@type":"Organization","@id":"https:\/\/www.cavaangel.com\/en\/#organization","name":"Cava \u00c1ngel","url":"https:\/\/www.cavaangel.com\/en\/","logo":{"@type":"ImageObject","inLanguage":"en-US","@id":"https:\/\/www.cavaangel.com\/en\/#\/schema\/logo\/image\/","url":"https:\/\/www.cavaangel.com\/wp-content\/uploads\/2015\/02\/logo_cava_angel.png","contentUrl":"https:\/\/www.cavaangel.com\/wp-content\/uploads\/2015\/02\/logo_cava_angel.png","width":300,"height":156,"caption":"Cava \u00c1ngel"},"image":{"@id":"https:\/\/www.cavaangel.com\/en\/#\/schema\/logo\/image\/"}}]}},"_links":{"self":[{"href":"https:\/\/www.cavaangel.com\/en\/wp-json\/wp\/v2\/product\/12459","targetHints":{"allow":["GET"]}}],"collection":[{"href":"https:\/\/www.cavaangel.com\/en\/wp-json\/wp\/v2\/product"}],"about":[{"href":"https:\/\/www.cavaangel.com\/en\/wp-json\/wp\/v2\/types\/product"}],"replies":[{"embeddable":true,"href":"https:\/\/www.cavaangel.com\/en\/wp-json\/wp\/v2\/comments?post=12459"}],"wp:featuredmedia":[{"embeddable":true,"href":"https:\/\/www.cavaangel.com\/en\/wp-json\/wp\/v2\/media\/12453"}],"wp:attachment":[{"href":"https:\/\/www.cavaangel.com\/en\/wp-json\/wp\/v2\/media?parent=12459"}],"wp:term":[{"taxonomy":"product_brand","embeddable":true,"href":"https:\/\/www.cavaangel.com\/en\/wp-json\/wp\/v2\/product_brand?post=12459"},{"taxonomy":"product_cat","embeddable":true,"href":"https:\/\/www.cavaangel.com\/en\/wp-json\/wp\/v2\/product_cat?post=12459"},{"taxonomy":"product_tag","embeddable":true,"href":"https:\/\/www.cavaangel.com\/en\/wp-json\/wp\/v2\/product_tag?post=12459"}],"curies":[{"name":"wp","href":"https:\/\/api.w.org\/{rel}","templated":true}]}}